{"id":1336,"date":"2021-06-30T09:32:49","date_gmt":"2021-06-30T07:32:49","guid":{"rendered":"https:\/\/www.parthages.be\/eboutique\/?post_type=product&#038;p=1336"},"modified":"2021-06-30T09:32:50","modified_gmt":"2021-06-30T07:32:50","slug":"handicap-le-guide-pratique-2020","status":"publish","type":"product","link":"https:\/\/www.parthages.be\/eboutique\/produit\/handicap-le-guide-pratique-2020\/","title":{"rendered":"Handicap le guide pratique 2020"},"content":{"rendered":"<p>Un guide vraiment pratique et parfaitement \u00e0 jour pour r\u00e9pondre \u00e0 toutes vos questions :<\/p>\n<ul>\n<li>Quel accueil pour mon enfant, mon adolescent en situation de handicap ?<\/li>\n<li>Quelles sont les structures d\u2019h\u00e9bergement ?<\/li>\n<li>Quel statut pour le travailleur handicap\u00e9 ?<\/li>\n<li>Quelles sont les mesures de protection juridique ?<\/li>\n<li>Comment b\u00e9n\u00e9ficier des aides fiscales ?<\/li>\n<\/ul>\n<p>Un guide \u00e9crit et soutenu par la principale f\u00e9d\u00e9ration sur le handicap, l&rsquo;APAJH.<\/p>\n<p>Un guide pratique parfaitement \u00e0 jour sur les droits sp\u00e9cifiques des personnes en situation de handicap pour venir \u00e0 bout des d\u00e9marches, des formalit\u00e9s et des probl\u00e9matiques li\u00e9es au handicap.<\/p>\n<p>Tous les mod\u00e8les de lettres utiles pour faire valoir ses droits et toutes les adresses utiles par type de structure selon les handicaps.<\/p>\n<p>Des cas pratiques et des conseils accessibles. &#8211; Des sch\u00e9mas pour comprendre les proc\u00e9dures. &#8211; Des mod\u00e8les de lettres et des adresses indispensables pour agir efficacement.<\/p>\n<p>(Pr\u00e9sentation de l&rsquo;\u00e9diteur)<\/p>\n<p>&nbsp;<\/p>\n<p>Apajh F\u00e9d\u00e9ration<\/p>\n<p>2020-169p-24\u20ac<\/p>\n<p>520gr<\/p>\n<p>ISBN\u00a0: 978-2-80951536-7<\/p>\n<p>Cote doc\u00a0:\u00a06-10-APA H2<\/p>\n<span class=\"et_bloom_bottom_trigger\"><\/span>","protected":false},"excerpt":{"rendered":"<p>Un guide pratique parfaitement \u00e0 jour sur les droits sp\u00e9cifiques des personnes en situation de handicap pour venir \u00e0 bout des d\u00e9marches, des formalit\u00e9s et des probl\u00e9matiques li\u00e9es au handicap.<\/p>\n","protected":false},"featured_media":1337,"comment_status":"open","ping_status":"closed","template":"","meta":{"_et_pb_use_builder":"","_et_pb_old_content":"","_et_gb_content_width":"","spay_email":""},"class_list":["post-1336","product","type-product","status-publish","has-post-thumbnail","hentry","product_cat-livres","product_tag-aide-finan-ciere","product_tag-emploi","product_tag-france","product_tag-hebergement","product_tag-outil","product_tag-participation","product_tag-personne-handicapee","product_tag-protection-juridique","product_tag-scolarite"],"jetpack_sharing_enabled":true,"jetpack_likes_enabled":true,"_links":{"self":[{"href":"https:\/\/www.parthages.be\/eboutique\/wp-json\/wp\/v2\/product\/1336","targetHints":{"allow":["GET"]}}],"collection":[{"href":"https:\/\/www.parthages.be\/eboutique\/wp-json\/wp\/v2\/product"}],"about":[{"href":"https:\/\/www.parthages.be\/eboutique\/wp-json\/wp\/v2\/types\/product"}],"replies":[{"embeddable":true,"href":"https:\/\/www.parthages.be\/eboutique\/wp-json\/wp\/v2\/comments?post=1336"}],"wp:featuredmedia":[{"embeddable":true,"href":"https:\/\/www.parthages.be\/eboutique\/wp-json\/wp\/v2\/media\/1337"}],"wp:attachment":[{"href":"https:\/\/www.parthages.be\/eboutique\/wp-json\/wp\/v2\/media?parent=1336"}],"curies":[{"name":"wp","href":"https:\/\/api.w.org\/{rel}","templated":true}]}}