{"id":1340,"date":"2021-06-30T09:37:06","date_gmt":"2021-06-30T07:37:06","guid":{"rendered":"https:\/\/www.parthages.be\/eboutique\/?post_type=product&#038;p=1340"},"modified":"2025-04-29T13:34:24","modified_gmt":"2025-04-29T11:34:24","slug":"lile-de-victor","status":"publish","type":"product","link":"https:\/\/www.parthages.be\/eboutique\/produit\/lile-de-victor\/","title":{"rendered":"L\u2019\u00eele de Victor"},"content":{"rendered":"<p>Sur l&rsquo;\u00eele de Victor, il y a Victor. Juste lui. Personne d&rsquo;autre. Il est en bonne sant\u00e9, Victor, il est beau, grand et fort, mais il a du mal \u00e0 vivre avec les autres. Tout est plus compliqu\u00e9 pour lui. Son \u00eele a un nom qui fait un peu peur, comme tout ce qu&rsquo;on ne conna\u00eet pas. Son \u00eele s&rsquo;appelle Autisme.<\/p>\n<p>(Pr\u00e9sentation de l&rsquo;\u00e9diteur)<\/p>\n<p>SELLIER M.-LOUIS C.<\/p>\n<p>Editions Loisirs et p\u00e9dagogie<\/p>\n<p>2020-40p-24.40\u20ac<\/p>\n<p>440GR<\/p>\n<p>ISBN\u00a0: 978-2-606-01719-4<\/p>\n<p>Cote doc\u00a0: 11-SEL-I<\/p>\n<span class=\"et_bloom_bottom_trigger\"><\/span>","protected":false},"excerpt":{"rendered":"<p>Sur l&rsquo;\u00eele de Victor, il y a Victor. Juste lui. Personne d&rsquo;autre. Il est en bonne sant\u00e9, Victor, il est beau, grand et fort, mais il a du mal \u00e0 vivre avec les autres.<\/p>\n","protected":false},"featured_media":1341,"comment_status":"open","ping_status":"closed","template":"","meta":{"_et_pb_use_builder":"","_et_pb_old_content":"","_et_gb_content_width":"","spay_email":""},"class_list":["post-1340","product","type-product","status-publish","has-post-thumbnail","hentry","product_cat-livres","product_cat-livres-jeunesse","product_tag-autisme","product_tag-difference","product_tag-enfant","product_tag-insertion","product_tag-outil-pedagogique","product_tag-personne-handicapee","product_tag-sensibilisation"],"jetpack_sharing_enabled":true,"jetpack_likes_enabled":true,"_links":{"self":[{"href":"https:\/\/www.parthages.be\/eboutique\/wp-json\/wp\/v2\/product\/1340","targetHints":{"allow":["GET"]}}],"collection":[{"href":"https:\/\/www.parthages.be\/eboutique\/wp-json\/wp\/v2\/product"}],"about":[{"href":"https:\/\/www.parthages.be\/eboutique\/wp-json\/wp\/v2\/types\/product"}],"replies":[{"embeddable":true,"href":"https:\/\/www.parthages.be\/eboutique\/wp-json\/wp\/v2\/comments?post=1340"}],"wp:featuredmedia":[{"embeddable":true,"href":"https:\/\/www.parthages.be\/eboutique\/wp-json\/wp\/v2\/media\/1341"}],"wp:attachment":[{"href":"https:\/\/www.parthages.be\/eboutique\/wp-json\/wp\/v2\/media?parent=1340"}],"curies":[{"name":"wp","href":"https:\/\/api.w.org\/{rel}","templated":true}]}}