{"id":1342,"date":"2021-06-30T09:39:08","date_gmt":"2021-06-30T07:39:08","guid":{"rendered":"https:\/\/www.parthages.be\/eboutique\/?post_type=product&#038;p=1342"},"modified":"2022-03-25T10:43:34","modified_gmt":"2022-03-25T09:43:34","slug":"raconte-nous","status":"publish","type":"product","link":"https:\/\/www.parthages.be\/eboutique\/produit\/raconte-nous\/","title":{"rendered":"Raconte-nous"},"content":{"rendered":"<p>Trois jeux simples et ludiques pour aider \u00e0 donner vie \u00e0 des personnages, construire la structure d&rsquo;un r\u00e9cit et inventer des histoires \u00e0 l&rsquo;infini. JEU 1 : Raconte-nous un h\u00e9ros &#8211; Construire un personnage. JEU 2 : Raconte-nous une histoire &#8211; Construire une narration. JEU 3 : Cadavre exquis &#8211; Cr\u00e9ation d&rsquo;une histoire collective. Un outil id\u00e9al pour comprendre la structure d&rsquo;une histoire, trouver l&rsquo;inspiration, raconter ou se raconter, \u00e0 l&rsquo;oral ou \u00e0 l&rsquo;\u00e9crit. Raconte-nous est accessible \u00e0 tous les joueurs de 5 \u00e0 105 ans, y compris aux personnes avec troubles des apprentissages et\/ou d\u00e9ficience intellectuelle. Ce jeu de cartes peut \u00eatre utilis\u00e9 en famille, entre amis ou par des accompagnants (enseignants, orthophonistes&#8230;). (Pr\u00e9sentation de l\u2019\u00e9diteur)<\/p>\n<p>NINA DENIS M.-BEGHYN B.<\/p>\n<p>Tom Pousse<\/p>\n<p><strong><em>Jeux de cartes<\/em><\/strong><\/p>\n<p>2020&#8211;14\u20ac<\/p>\n<p>232gr<\/p>\n<p>ISBN\u00a0: 978-2-35345-222-4<\/p>\n<p>Cote doc\u00a0: 11-NIN-R<\/p>\n<span class=\"et_bloom_bottom_trigger\"><\/span>","protected":false},"excerpt":{"rendered":"<p>Trois jeux simples et ludiques pour aider \u00e0 donner vie \u00e0 des personnages, construire la structure d&rsquo;un r\u00e9cit et inventer des histoires \u00e0 l&rsquo;infini.<\/p>\n","protected":false},"featured_media":1344,"comment_status":"open","ping_status":"closed","template":"","meta":{"_et_pb_use_builder":"","_et_pb_old_content":"","_et_gb_content_width":"","spay_email":""},"class_list":["post-1342","product","type-product","status-publish","has-post-thumbnail","hentry","product_cat-livres","product_cat-livres-jeunesse","product_tag-cooperation","product_tag-creati-vite","product_tag-deficience-intellectuelle","product_tag-histoire","product_tag-jeu","product_tag-outil-pedagogique","product_tag-trouble-de-lapprentissage"],"jetpack_sharing_enabled":true,"jetpack_likes_enabled":true,"_links":{"self":[{"href":"https:\/\/www.parthages.be\/eboutique\/wp-json\/wp\/v2\/product\/1342","targetHints":{"allow":["GET"]}}],"collection":[{"href":"https:\/\/www.parthages.be\/eboutique\/wp-json\/wp\/v2\/product"}],"about":[{"href":"https:\/\/www.parthages.be\/eboutique\/wp-json\/wp\/v2\/types\/product"}],"replies":[{"embeddable":true,"href":"https:\/\/www.parthages.be\/eboutique\/wp-json\/wp\/v2\/comments?post=1342"}],"wp:featuredmedia":[{"embeddable":true,"href":"https:\/\/www.parthages.be\/eboutique\/wp-json\/wp\/v2\/media\/1344"}],"wp:attachment":[{"href":"https:\/\/www.parthages.be\/eboutique\/wp-json\/wp\/v2\/media?parent=1342"}],"curies":[{"name":"wp","href":"https:\/\/api.w.org\/{rel}","templated":true}]}}