{"id":1347,"date":"2021-06-30T09:42:28","date_gmt":"2021-06-30T07:42:28","guid":{"rendered":"https:\/\/www.parthages.be\/eboutique\/?post_type=product&#038;p=1347"},"modified":"2021-07-14T12:52:21","modified_gmt":"2021-07-14T10:52:21","slug":"tdha-chez-les-ados","status":"publish","type":"product","link":"https:\/\/www.parthages.be\/eboutique\/produit\/tdha-chez-les-ados\/","title":{"rendered":"TDAH chez les ados"},"content":{"rendered":"<p><strong>Strat\u00e9gies et techniques pour g\u00e9rer le TDAH<\/strong><\/p>\n<p>HERBERT M.- SYLVESTRE C.<\/p>\n<p>Quels sont les sympt\u00f4mes du TDA\/H chez l\u2019adolescent et ses cons\u00e9quences pendant cette p\u00e9riode de vie ? Quels sont les risques de la m\u00e9dication pour ces jeunes en qu\u00eate d\u2019exp\u00e9riences nouvelles ? D\u2019o\u00f9 proviennent les difficult\u00e9s rencontr\u00e9es au quotidien ? Ces questions, fr\u00e9quemment soulev\u00e9es, trouveront r\u00e9ponse dans ce petit guide sympathique, qui aborde notamment :<\/p>\n<ul>\n<li>l\u2019implication et le r\u00f4le du parent ; <strong>\u2022 <\/strong>le d\u00e9veloppement d\u2019une bonne relation avec son ado ;<\/li>\n<li>la communication dans la famille ; <strong>\u2022 <\/strong>diff\u00e9rents moyens pour limiter le temps pass\u00e9 devant les \u00e9crans ;<\/li>\n<li>les fa\u00e7ons de motiver son ado ; <strong>\u2022 <\/strong>les strat\u00e9gies pour g\u00e9rer les \u00e9motions ; <strong>\u2022 <\/strong>le travail d\u2019\u00e9quipe entre le parent et les enseignants de l\u2019\u00e9cole secondaire. Ponctu\u00e9 de cas v\u00e9cus, cet ouvrage stimulant et rempli de judicieux conseils ayant fait leurs preuves sera \u00e0 coup s\u00fbr une aide pr\u00e9cieuse pour les parents\u2026 et les adolescents ! .(*)<\/li>\n<\/ul>\n<p>&nbsp;<\/p>\n<p>Editeur De Mortagne<\/p>\n<p>2019-220p-15\u20ac<\/p>\n<p>140gr<\/p>\n<p>ISBN : 978-289662902-2<\/p>\n<p>Cote doc\u00a0: 10-10-HER-T<\/p>\n<span class=\"et_bloom_bottom_trigger\"><\/span>","protected":false},"excerpt":{"rendered":"<p>Quels sont les sympt\u00f4mes du TDA\/H chez l\u2019adolescent et ses cons\u00e9quences pendant cette p\u00e9riode de vie ?<\/p>\n","protected":false},"featured_media":1348,"comment_status":"open","ping_status":"closed","template":"","meta":{"_et_pb_use_builder":"","_et_pb_old_content":"","_et_gb_content_width":"","spay_email":""},"class_list":["post-1347","product","type-product","status-publish","has-post-thumbnail","hentry","product_cat-livres","product_tag-adolescent","product_tag-communication","product_tag-emotion","product_tag-gestion","product_tag-hyperactivite","product_tag-medicalisation","product_tag-motivation","product_tag-relation-parent-adolescent","product_tag-relation-parent-intervenant","product_tag-scolarite","product_tag-strategie","product_tag-trouble-de-lattention"],"jetpack_sharing_enabled":true,"jetpack_likes_enabled":true,"_links":{"self":[{"href":"https:\/\/www.parthages.be\/eboutique\/wp-json\/wp\/v2\/product\/1347","targetHints":{"allow":["GET"]}}],"collection":[{"href":"https:\/\/www.parthages.be\/eboutique\/wp-json\/wp\/v2\/product"}],"about":[{"href":"https:\/\/www.parthages.be\/eboutique\/wp-json\/wp\/v2\/types\/product"}],"replies":[{"embeddable":true,"href":"https:\/\/www.parthages.be\/eboutique\/wp-json\/wp\/v2\/comments?post=1347"}],"wp:featuredmedia":[{"embeddable":true,"href":"https:\/\/www.parthages.be\/eboutique\/wp-json\/wp\/v2\/media\/1348"}],"wp:attachment":[{"href":"https:\/\/www.parthages.be\/eboutique\/wp-json\/wp\/v2\/media?parent=1347"}],"curies":[{"name":"wp","href":"https:\/\/api.w.org\/{rel}","templated":true}]}}