{"id":1350,"date":"2021-06-30T09:43:52","date_gmt":"2021-06-30T07:43:52","guid":{"rendered":"https:\/\/www.parthages.be\/eboutique\/?post_type=product&#038;p=1350"},"modified":"2022-03-25T10:50:26","modified_gmt":"2022-03-25T09:50:26","slug":"vies-incroyables-le-handicap-en-action","status":"publish","type":"product","link":"https:\/\/www.parthages.be\/eboutique\/produit\/vies-incroyables-le-handicap-en-action\/","title":{"rendered":"Vies incroyables. Le handicap en action"},"content":{"rendered":"<p>Handicap intellectuel, handicap visuel, handicap psychique, handicap auditif, handicap moteur, troubles du spectre autistique&#8230; Autant de difficult\u00e9s dans l&rsquo;existence, autant de combats, autant de victoires ! Inspir\u00e9 de parcours de vie, cet album pr\u00e9sente des aventures, des personnages qui ont su faire de leur manque une force&#8230; Des aventures pour inspirer les personnes en situation de handicap&#8230; et nous tous ! Avant chaque histoire, un mini-r\u00e9dactionnel introduit le handicap concern\u00e9 et livre des possibilit\u00e9s d&rsquo;action pour tous. Rejoignez l&rsquo;aventure ! Avec Elo, Giulia, Alfred, Pajtim et les autres, partagez&#8230; ces vies incroyables !<\/p>\n<p>(Pr\u00e9sentation de l&rsquo;\u00e9diteur)<\/p>\n<p>KEMPF N. Nicolas SOUGEY-FILS Y.<\/p>\n<p>Les Editions du Signe<\/p>\n<p>2020-56p-16.90\u20ac<\/p>\n<p>750gr<\/p>\n<p>ISBN\u00a0: 978-2-7468-3891-8<\/p>\n<p>Cote doc\u00a0: 11-KEM-V<\/p>\n<span class=\"et_bloom_bottom_trigger\"><\/span>","protected":false},"excerpt":{"rendered":"<p>Handicap intellectuel, handicap visuel, handicap psychique, handicap auditif, handicap moteur, troubles du spectre autistique&#8230;<\/p>\n","protected":false},"featured_media":1356,"comment_status":"open","ping_status":"closed","template":"","meta":{"_et_pb_use_builder":"","_et_pb_old_content":"","_et_gb_content_width":"","spay_email":""},"class_list":["post-1350","product","type-product","status-publish","has-post-thumbnail","hentry","product_cat-livres","product_cat-livres-jeunesse","product_tag-autisme","product_tag-bande-dessinee","product_tag-deficience-auditive","product_tag-deficience-vi-suelle","product_tag-handicap-mental","product_tag-handicap-physique","product_tag-personne-handicapee","product_tag-regard","product_tag-sensibilisation"],"jetpack_sharing_enabled":true,"jetpack_likes_enabled":true,"_links":{"self":[{"href":"https:\/\/www.parthages.be\/eboutique\/wp-json\/wp\/v2\/product\/1350","targetHints":{"allow":["GET"]}}],"collection":[{"href":"https:\/\/www.parthages.be\/eboutique\/wp-json\/wp\/v2\/product"}],"about":[{"href":"https:\/\/www.parthages.be\/eboutique\/wp-json\/wp\/v2\/types\/product"}],"replies":[{"embeddable":true,"href":"https:\/\/www.parthages.be\/eboutique\/wp-json\/wp\/v2\/comments?post=1350"}],"wp:featuredmedia":[{"embeddable":true,"href":"https:\/\/www.parthages.be\/eboutique\/wp-json\/wp\/v2\/media\/1356"}],"wp:attachment":[{"href":"https:\/\/www.parthages.be\/eboutique\/wp-json\/wp\/v2\/media?parent=1350"}],"curies":[{"name":"wp","href":"https:\/\/api.w.org\/{rel}","templated":true}]}}