{"id":1387,"date":"2021-07-23T13:18:48","date_gmt":"2021-07-23T11:18:48","guid":{"rendered":"https:\/\/www.parthages.be\/eboutique\/?post_type=product&#038;p=1387"},"modified":"2021-07-23T13:18:49","modified_gmt":"2021-07-23T11:18:49","slug":"laccompagnement-des-personnes-handicapees-mentales-un-dispositif-social-et-multidi-mensionnel","status":"publish","type":"product","link":"https:\/\/www.parthages.be\/eboutique\/produit\/laccompagnement-des-personnes-handicapees-mentales-un-dispositif-social-et-multidi-mensionnel\/","title":{"rendered":"L&rsquo;accompagnement des personnes handicap\u00e9es mentales : un dispositif social et multidi-mensionnel"},"content":{"rendered":"<p>L&rsquo;accompagnement est un dispositif permettant aux personnes adultes mentalement d\u00e9ficientes (trois pour cent de la population) de participer autant que possible \u00e0 la vie socio-professionnelle en milieu ordinaire.\u00a0 N\u00e9e en Europe occidentale \u00e0 la fin des ann\u00e9es soixante-dix, cette m\u00e9thode conna\u00eet un essor consid\u00e9rable.\u00a0 Elle se pr\u00e9sente comme une alternative aux m\u00e9thodes scandinaves (Normalisation), am\u00e9ricaine (Th\u00e9orie de la valorisation des R\u00f4les Sociaux) et qu\u00e9b\u00e9coise (Plan de Services Individualis\u00e9).\u00a0 L&rsquo;auteur la pr\u00e9sente d&rsquo;un point de vue th\u00e9orique et \u00e0 travers plusieurs cas cliniques qui permettent d&rsquo;en \u00e9valuer l&rsquo;efficacit\u00e9. Sa particularit\u00e9 est de consid\u00e9rer le jeune adulte mentalement d\u00e9ficient comme foyer de d\u00e9cisions, de vouloir, de souffrances et de projets autonomes. (Pr\u00e9sentation de l&rsquo;\u00e9diteur)<\/p>\n<p>CASPAR P.<\/p>\n<p>Editions L&rsquo;Harmattan<\/p>\n<p>1998-188p-20\u20ac<\/p>\n<p>270gr<\/p>\n<p>ISBN\u00a0: 2-7384-2411-2<\/p>\n<p>Cote doc\u00a0: 10-10-CAS-A<\/p>\n<span class=\"et_bloom_bottom_trigger\"><\/span>","protected":false},"excerpt":{"rendered":"<p>L&rsquo;accompagnement est un dispositif permettant aux personnes adultes mentalement d\u00e9ficientes (trois pour cent de la population) de participer autant que possible \u00e0 la vie socio-professionnelle en milieu ordinaire.<\/p>\n","protected":false},"featured_media":1388,"comment_status":"closed","ping_status":"closed","template":"","meta":{"_et_pb_use_builder":"","_et_pb_old_content":"","_et_gb_content_width":"","spay_email":""},"class_list":["post-1387","product","type-product","status-publish","has-post-thumbnail","hentry","product_cat-livres","product_tag-accompagnement","product_tag-adulte","product_tag-bruxelles","product_tag-classification","product_tag-deficience-intellectuelle","product_tag-disposi-tif-carat-en-accompagnement","product_tag-emploi","product_tag-ethique","product_tag-handicap","product_tag-histoire","product_tag-loisir","product_tag-methodologie","product_tag-personne-handicapee","product_tag-quart-monde","product_tag-temoignage"],"jetpack_sharing_enabled":true,"jetpack_likes_enabled":true,"_links":{"self":[{"href":"https:\/\/www.parthages.be\/eboutique\/wp-json\/wp\/v2\/product\/1387","targetHints":{"allow":["GET"]}}],"collection":[{"href":"https:\/\/www.parthages.be\/eboutique\/wp-json\/wp\/v2\/product"}],"about":[{"href":"https:\/\/www.parthages.be\/eboutique\/wp-json\/wp\/v2\/types\/product"}],"replies":[{"embeddable":true,"href":"https:\/\/www.parthages.be\/eboutique\/wp-json\/wp\/v2\/comments?post=1387"}],"wp:featuredmedia":[{"embeddable":true,"href":"https:\/\/www.parthages.be\/eboutique\/wp-json\/wp\/v2\/media\/1388"}],"wp:attachment":[{"href":"https:\/\/www.parthages.be\/eboutique\/wp-json\/wp\/v2\/media?parent=1387"}],"curies":[{"name":"wp","href":"https:\/\/api.w.org\/{rel}","templated":true}]}}