{"id":1393,"date":"2021-07-23T13:30:39","date_gmt":"2021-07-23T11:30:39","guid":{"rendered":"https:\/\/www.parthages.be\/eboutique\/?post_type=product&#038;p=1393"},"modified":"2021-07-23T13:31:38","modified_gmt":"2021-07-23T11:31:38","slug":"accueillir-les-adolescents-en-grande-difficulte-2","status":"publish","type":"product","link":"https:\/\/www.parthages.be\/eboutique\/produit\/accueillir-les-adolescents-en-grande-difficulte-2\/","title":{"rendered":"Accueillir les adolescents en grande difficult\u00e9"},"content":{"rendered":"<p>Accueillir des adolescents, surtout en grande difficult\u00e9 sociale et familiale, constitue un v\u00e9ritable d\u00e9fi pour les professionnels et les institutions. Par leurs sympt\u00f4mes spectaculaires et provocateurs, ces adolescents mettent en \u00e9chec les professionnels comp\u00e9tents et de bonne volont\u00e9 qui tentent de les prendre en charge dans les internats, les centres de jour, les familles d\u2019accueil\u2026, pour finir comme \u00ab incasables \u00bb, dans des lieux \u00e9ducatifs ou psychiatriques ferm\u00e9s.<\/p>\n<p>Pourtant, Claude Bynau soutient, pour en avoir fait l\u2019exp\u00e9rience, qu\u2019il est possible d\u2019am\u00e9liorer l\u2019accueil et la prise en charge de ces adolescents. Dans cet ouvrage, il propose d\u2019explorer les pistes qui permettent : de d\u00e9velopper la recherche clinique articul\u00e9e \u00e0 la construction de projets p\u00e9dagogiques ; d\u2019\u00e9viter de se focaliser sur les sympt\u00f4mes et de leur faire la chasse ; de faire le deuil d\u2019une relation non conflictuelle avec les adolescents ; de former concr\u00e8tement les professionnels \u00e0 ce travail relationnel ; de cr\u00e9er des institutions polyvalentes, \u00e9volutives, souples, modulables, s\u2019appuyant sur un r\u00e9seau interne et un r\u00e9seau externe plus large de partenaires ; de repenser l\u2019autorit\u00e9 et la contenance n\u00e9cessaires sans s\u2019enfermer dans des d\u00e9bats dogmatiques\u2026<\/p>\n<p>Car l\u2019efficacit\u00e9 de l\u2019accueil d\u2019un adolescent fragilis\u00e9 n\u2019op\u00e8re que si la relation \u00e9ducative est incarn\u00e9e par des personnes capables de lui donner un sens et une continuit\u00e9 dans un lien durable et structurant.(pr\u00e9sentation de l\u2019\u00e9diteur)<\/p>\n<p>BYNAU C.<\/p>\n<p>Editions Er\u00e8s<\/p>\n<p>2010-320p-18\u20ac<\/p>\n<p>230gr<\/p>\n<p>ISBN\u00a0: 978-2-7492-3322-2<\/p>\n<p>Cote doc\u00a010-10-BYN-A<\/p>\n<span class=\"et_bloom_bottom_trigger\"><\/span>","protected":false},"excerpt":{"rendered":"<p>Accueillir des adolescents, surtout en grande difficult\u00e9 sociale et familiale, constitue un v\u00e9ritable d\u00e9fi pour les professionnels et les institutions.<\/p>\n","protected":false},"featured_media":1394,"comment_status":"closed","ping_status":"closed","template":"","meta":{"_et_pb_use_builder":"","_et_pb_old_content":"","_et_gb_content_width":"","spay_email":""},"class_list":["post-1393","product","type-product","status-publish","has-post-thumbnail","hentry","product_cat-livres","product_tag-accueil","product_tag-adolescent-en-difficulte","product_tag-centre-de-jour","product_tag-famille-daccueil","product_tag-institution","product_tag-outil","product_tag-prise-en-charge","product_tag-projet-pedagogique","product_tag-relation-adulte-adolescent"],"jetpack_sharing_enabled":true,"jetpack_likes_enabled":true,"_links":{"self":[{"href":"https:\/\/www.parthages.be\/eboutique\/wp-json\/wp\/v2\/product\/1393","targetHints":{"allow":["GET"]}}],"collection":[{"href":"https:\/\/www.parthages.be\/eboutique\/wp-json\/wp\/v2\/product"}],"about":[{"href":"https:\/\/www.parthages.be\/eboutique\/wp-json\/wp\/v2\/types\/product"}],"replies":[{"embeddable":true,"href":"https:\/\/www.parthages.be\/eboutique\/wp-json\/wp\/v2\/comments?post=1393"}],"wp:featuredmedia":[{"embeddable":true,"href":"https:\/\/www.parthages.be\/eboutique\/wp-json\/wp\/v2\/media\/1394"}],"wp:attachment":[{"href":"https:\/\/www.parthages.be\/eboutique\/wp-json\/wp\/v2\/media?parent=1393"}],"curies":[{"name":"wp","href":"https:\/\/api.w.org\/{rel}","templated":true}]}}