{"id":1399,"date":"2021-07-23T13:34:50","date_gmt":"2021-07-23T11:34:50","guid":{"rendered":"https:\/\/www.parthages.be\/eboutique\/?post_type=product&#038;p=1399"},"modified":"2021-07-23T13:34:51","modified_gmt":"2021-07-23T11:34:51","slug":"sentrainer-a-la-pnl-au-quotidien-80-jours-pour-maitriser-les-outils-de-base-de-la-pnl","status":"publish","type":"product","link":"https:\/\/www.parthages.be\/eboutique\/produit\/sentrainer-a-la-pnl-au-quotidien-80-jours-pour-maitriser-les-outils-de-base-de-la-pnl\/","title":{"rendered":"S&rsquo;entra\u00eener \u00e0 la PNL au quotidien : 80 jours pour ma\u00eetriser les outils de base de la PNL"},"content":{"rendered":"<p>La pratique au quotidien des outils de la PNL facilite et enrichit notre vie de tous les jours.<\/p>\n<p>Pour bien les ma\u00eetriser et les utiliser avec profit, ce livre vous donne la possibilit\u00e9 de vous entra\u00eener. II vous invite \u00e0 un tour de la PNL en 80 jours \u00e0 la fin duquel vous vous serez familiaris\u00e9 avec les outils d&rsquo;observation, de connaissance de soi et de communication de la PNL. Ils vous permettront d&rsquo;agir et de communiquer avec aisance et efficacit\u00e9. En quelques phrases simples, les auteurs expliquent en quoi consiste chaque outil de base de la PNL et \u00e0 quoi il sert, puis proposent des exercices tr\u00e8s d\u00e9taill\u00e9s, s\u00e9lectionn\u00e9s pour \u00eatre applicables dans les occasions les plus vari\u00e9es.<\/p>\n<p>Des exemples compl\u00e8tent cette nouvelle \u00e9dition enrichie et actualis\u00e9e et illustrent les nombreux champs d&rsquo;application de la PNL, aussi bien dans la vie professionnelle que priv\u00e9e: relations de couple, relations soignant-soign\u00e9, manager-manag\u00e9, parent-enfant.<\/p>\n<p>La pratique au quotidien des outils de la PNL facilite et enrichit notre vie de tous les jours. (Pr\u00e9sentation de l&rsquo;auteur)<\/p>\n<p>BIDOT N.- MORAT B.<\/p>\n<p>Inter\u00e9ditions Dunod<\/p>\n<p>2008-142p-18.90\u20ac<\/p>\n<p>256gr<\/p>\n<p>ISBN\u00a0: 978-2-7296-0946-7<\/p>\n<p>Cote doc\u00a0: 10-20-BID-S<\/p>\n<span class=\"et_bloom_bottom_trigger\"><\/span>","protected":false},"excerpt":{"rendered":"<p>La pratique au quotidien des outils de la PNL facilite et enrichit notre vie de tous les jours.<\/p>\n","protected":false},"featured_media":1400,"comment_status":"closed","ping_status":"closed","template":"","meta":{"_et_pb_use_builder":"","_et_pb_old_content":"","_et_gb_content_width":"","spay_email":""},"class_list":["post-1399","product","type-product","status-publish","has-post-thumbnail","hentry","product_cat-livres","product_tag-communication","product_tag-developpe-ment-de-la-personnalite","product_tag-famille","product_tag-outil-pedagogique","product_tag-pnl","product_tag-re-lation-professionnelle","product_tag-relation-soignant-soigne","product_tag-vie-privee"],"jetpack_sharing_enabled":true,"jetpack_likes_enabled":true,"_links":{"self":[{"href":"https:\/\/www.parthages.be\/eboutique\/wp-json\/wp\/v2\/product\/1399","targetHints":{"allow":["GET"]}}],"collection":[{"href":"https:\/\/www.parthages.be\/eboutique\/wp-json\/wp\/v2\/product"}],"about":[{"href":"https:\/\/www.parthages.be\/eboutique\/wp-json\/wp\/v2\/types\/product"}],"replies":[{"embeddable":true,"href":"https:\/\/www.parthages.be\/eboutique\/wp-json\/wp\/v2\/comments?post=1399"}],"wp:featuredmedia":[{"embeddable":true,"href":"https:\/\/www.parthages.be\/eboutique\/wp-json\/wp\/v2\/media\/1400"}],"wp:attachment":[{"href":"https:\/\/www.parthages.be\/eboutique\/wp-json\/wp\/v2\/media?parent=1399"}],"curies":[{"name":"wp","href":"https:\/\/api.w.org\/{rel}","templated":true}]}}