{"id":1403,"date":"2021-07-23T13:37:30","date_gmt":"2021-07-23T11:37:30","guid":{"rendered":"https:\/\/www.parthages.be\/eboutique\/?post_type=product&#038;p=1403"},"modified":"2021-07-23T13:37:31","modified_gmt":"2021-07-23T11:37:31","slug":"prevenir-les-agressions-a-caractere-sexuel-organiser-une-rencontre-de-sensibilisation-aupres-des-jeunes-de-14-ans-et-plus-volet-1","status":"publish","type":"product","link":"https:\/\/www.parthages.be\/eboutique\/produit\/prevenir-les-agressions-a-caractere-sexuel-organiser-une-rencontre-de-sensibilisation-aupres-des-jeunes-de-14-ans-et-plus-volet-1\/","title":{"rendered":"Pr\u00e9venir les agressions \u00e0 caract\u00e8re sexuel : Organiser une rencontre de sensibilisation aupr\u00e8s des jeunes de 14 ans et plus (volet 1)"},"content":{"rendered":"<p>J&rsquo;Avise (jeunes en action contre la violence sexuelle) est un programme de pr\u00e9vention int\u00e9gr\u00e9 compos\u00e9 de trois volets et visant \u00e0 mieux informer, outiller et mobiliser les jeunes quant aux probl\u00e8mes de la violence sexuelle. Cet ouvrage est un outil pratique, facile \u00e0 consulter et adapt\u00e9 aux besoins des intervenants sp\u00e9cialis\u00e9s ou non en mati\u00e8re de violence sexuelle. Trucs d&rsquo;animation, suggestions, aide-m\u00e9moire. (Pr\u00e9sentation de l\u2019\u00e9diteur)<\/p>\n<p>BILLETTE V.- MODIN M.<\/p>\n<p>Editions Saint-Martin<\/p>\n<p>2002-156p<\/p>\n<p>ISBN\u00a0: 2-913376-41-X<\/p>\n<p><strong><em>Uniquement \u00e0 la location<\/em><\/strong><\/p>\n<p>Cote doc\u00a0:10-10-BIL-P1<\/p>\n<span class=\"et_bloom_bottom_trigger\"><\/span>","protected":false},"excerpt":{"rendered":"<p>J&rsquo;Avise (jeunes en action contre la violence sexuelle) est un programme de pr\u00e9vention int\u00e9gr\u00e9 compos\u00e9 de trois volets et visant \u00e0 mieux informer, outiller et mobiliser les jeunes quant aux probl\u00e8mes de la violence sexuelle.<\/p>\n","protected":false},"featured_media":1404,"comment_status":"closed","ping_status":"closed","template":"","meta":{"_et_pb_use_builder":"","_et_pb_old_content":"","_et_gb_content_width":"","spay_email":""},"class_list":["post-1403","product","type-product","status-publish","has-post-thumbnail","hentry","product_cat-livres","product_tag-activite","product_tag-agression","product_tag-animation","product_tag-besoin","product_tag-inter-venant","product_tag-jeune","product_tag-outil-dinformation-2","product_tag-prevention","product_tag-programme","product_tag-sensibilisa-tion","product_tag-violence-sexuelle"],"jetpack_sharing_enabled":true,"jetpack_likes_enabled":true,"_links":{"self":[{"href":"https:\/\/www.parthages.be\/eboutique\/wp-json\/wp\/v2\/product\/1403","targetHints":{"allow":["GET"]}}],"collection":[{"href":"https:\/\/www.parthages.be\/eboutique\/wp-json\/wp\/v2\/product"}],"about":[{"href":"https:\/\/www.parthages.be\/eboutique\/wp-json\/wp\/v2\/types\/product"}],"replies":[{"embeddable":true,"href":"https:\/\/www.parthages.be\/eboutique\/wp-json\/wp\/v2\/comments?post=1403"}],"wp:featuredmedia":[{"embeddable":true,"href":"https:\/\/www.parthages.be\/eboutique\/wp-json\/wp\/v2\/media\/1404"}],"wp:attachment":[{"href":"https:\/\/www.parthages.be\/eboutique\/wp-json\/wp\/v2\/media?parent=1403"}],"curies":[{"name":"wp","href":"https:\/\/api.w.org\/{rel}","templated":true}]}}