{"id":1405,"date":"2021-07-23T13:38:18","date_gmt":"2021-07-23T11:38:18","guid":{"rendered":"https:\/\/www.parthages.be\/eboutique\/?post_type=product&#038;p=1405"},"modified":"2021-07-23T13:38:19","modified_gmt":"2021-07-23T11:38:19","slug":"prevenir-les-agressions-a-caractere-sexuel-mettre-sur-pied-un-groupe-de-soutien-pour-les-adolescentes-ayant-vecu-de-la-violence-sexuelle-volet2","status":"publish","type":"product","link":"https:\/\/www.parthages.be\/eboutique\/produit\/prevenir-les-agressions-a-caractere-sexuel-mettre-sur-pied-un-groupe-de-soutien-pour-les-adolescentes-ayant-vecu-de-la-violence-sexuelle-volet2\/","title":{"rendered":"Pr\u00e9venir les agressions \u00e0 caract\u00e8re sexuel : Mettre sur pied un groupe de soutien pour les adolescentes ayant v\u00e9cu de la violence sexuelle (volet2)"},"content":{"rendered":"<p>J&rsquo;Avise (jeunes en action contre la violence sexuelle) est un programme de pr\u00e9vention int\u00e9gr\u00e9 compos\u00e9 de trois volets et visant \u00e0 mieux informer outiller et mobiliser les jeunes quant aux probl\u00e8mes de la violence sexuelle. Cet ouvrage contient des informations n\u00e9cessaires aux intervenants qui souhaitent offrir et animer un groupe de soutien pour venir en aide aux adolescentes qui sont aux prises avec ce probl\u00e8me. Ce livre propose des th\u00e8mes \u00e0 aborder avec les jeunes ainsi que des activit\u00e9s qui leur permettront de se r\u00e9approprier leur vie, leur corps, leur dignit\u00e9 et leurs plaisirs. On y retrouve \u00e9galement des suggestions concernant la structure, le fonctionnement et l&rsquo;animation du groupe, ainsi que des pistes d&rsquo;intervention pour faciliter la d\u00e9marche des participants. Pr\u00e9sentation de l\u2019\u00e9diteur)<\/p>\n<p>BILLETTE V.- MODIN M.<\/p>\n<p>Editions Saint-Martin<\/p>\n<p>2002-156p.<\/p>\n<p>ISBN\u00a0: 2-89035-364-8<\/p>\n<p><strong><em>Uniquement \u00e0 la location<\/em><\/strong><\/p>\n<p>Cote doc\u00a0:10-10-BIL-P2<\/p>\n<span class=\"et_bloom_bottom_trigger\"><\/span>","protected":false},"excerpt":{"rendered":"<p>J&rsquo;Avise (jeunes en action contre la violence sexuelle) est un programme de pr\u00e9vention int\u00e9gr\u00e9 compos\u00e9 de trois volets et visant \u00e0 mieux informer outiller et mobiliser les jeunes quant aux probl\u00e8mes de la violence sexuelle.<\/p>\n","protected":false},"featured_media":0,"comment_status":"closed","ping_status":"closed","template":"","meta":{"_et_pb_use_builder":"","_et_pb_old_content":"","_et_gb_content_width":"","spay_email":""},"class_list":["post-1405","product","type-product","status-publish","hentry","product_cat-livres","product_tag-acces-a-linformation","product_tag-adolescent","product_tag-animation","product_tag-besoin","product_tag-bien-etre","product_tag-changement","product_tag-comportement","product_tag-corps","product_tag-dignite","product_tag-groupe-dentraide","product_tag-intervenant","product_tag-intervention","product_tag-jeune","product_tag-outil-pedagogique","product_tag-plaisirdefinition","product_tag-psychotherapie","product_tag-relation","product_tag-sensibilisation","product_tag-vie","product_tag-violence-sexuelle"],"jetpack_sharing_enabled":true,"jetpack_likes_enabled":true,"_links":{"self":[{"href":"https:\/\/www.parthages.be\/eboutique\/wp-json\/wp\/v2\/product\/1405","targetHints":{"allow":["GET"]}}],"collection":[{"href":"https:\/\/www.parthages.be\/eboutique\/wp-json\/wp\/v2\/product"}],"about":[{"href":"https:\/\/www.parthages.be\/eboutique\/wp-json\/wp\/v2\/types\/product"}],"replies":[{"embeddable":true,"href":"https:\/\/www.parthages.be\/eboutique\/wp-json\/wp\/v2\/comments?post=1405"}],"wp:attachment":[{"href":"https:\/\/www.parthages.be\/eboutique\/wp-json\/wp\/v2\/media?parent=1405"}],"curies":[{"name":"wp","href":"https:\/\/api.w.org\/{rel}","templated":true}]}}