{"id":1407,"date":"2021-07-23T13:39:43","date_gmt":"2021-07-23T11:39:43","guid":{"rendered":"https:\/\/www.parthages.be\/eboutique\/?post_type=product&#038;p=1407"},"modified":"2021-07-23T13:39:43","modified_gmt":"2021-07-23T11:39:43","slug":"accompagner-des-personnes-en-deuil-lexperience-du-centre-francois-xavier-bagnoud","status":"publish","type":"product","link":"https:\/\/www.parthages.be\/eboutique\/produit\/accompagner-des-personnes-en-deuil-lexperience-du-centre-francois-xavier-bagnoud\/","title":{"rendered":"Accompagner des personnes en deuil : l&rsquo;exp\u00e9rience du Centre Fran\u00e7ois-Xavier Bagnoud"},"content":{"rendered":"<p>\u00ab\u00a0Toute douleur d\u00e9chire mais ce qui la rend intol\u00e9rable, c&rsquo;est que celui qui la subit se sent s\u00e9par\u00e9 du monde; partag\u00e9s elle cesse au mois d&rsquo;\u00eatre un exil\u00a0\u00bb<\/p>\n<p>Cette phrase de Simone de Bauvoir traduit bien l&rsquo;esprit de ce livre. Cette notion d&rsquo;aide de cheminement aux c\u00f4t\u00e9s de celui qui cherche son orientation en lui indiquant des voies qu&rsquo;il n&rsquo;a pas per\u00e7ues mais qui touche au parcours qu&rsquo;il accomplit. L&rsquo;exploration des besoins, l&rsquo;accueil, l&rsquo;\u00e9coute, l&rsquo;accompagnement, l&rsquo;entraide, la prise en charge, toutes ces attitudes aident \u00e0 clarifier des situations complexes et \u00e0 faciliter les relations administratives et sociales et surtout remettre le d\u00e9funt \u00e0 sa juste place dans les m\u00e9moires individuelles et collectives. Toutes ces exp\u00e9riences ouvrent des pistes, des cheminements qui inspirent et nous incitent \u00e0 se poser des questions.(Pr\u00e9sentation de l\u2019\u00e9diteur)<\/p>\n<p>BERCOVITZ A.<\/p>\n<p>Editions Er\u00e8s<\/p>\n<p>2001-205p.<\/p>\n<p>ISBN\u00a0: 2-7492-0222-1<\/p>\n<p><strong><em>Uniquement \u00e0 la location <\/em><\/strong><\/p>\n<span class=\"et_bloom_bottom_trigger\"><\/span>","protected":false},"excerpt":{"rendered":"<p>\u00ab\u00a0Toute douleur d\u00e9chire mais ce qui la rend intol\u00e9rable, c&rsquo;est que celui qui la subit se sent s\u00e9par\u00e9 du monde; partag\u00e9s elle cesse au mois d&rsquo;\u00eatre un exil\u00a0\u00bb<\/p>\n","protected":false},"featured_media":1408,"comment_status":"closed","ping_status":"closed","template":"","meta":{"_et_pb_use_builder":"","_et_pb_old_content":"","_et_gb_content_width":"","spay_email":""},"class_list":["post-1407","product","type-product","status-publish","has-post-thumbnail","hentry","product_cat-livres","product_tag-accompagnement","product_tag-accueil","product_tag-aide-psychologique","product_tag-deuil","product_tag-groupe-dentraide","product_tag-personne-handicapee","product_tag-separation"],"jetpack_sharing_enabled":true,"jetpack_likes_enabled":true,"_links":{"self":[{"href":"https:\/\/www.parthages.be\/eboutique\/wp-json\/wp\/v2\/product\/1407","targetHints":{"allow":["GET"]}}],"collection":[{"href":"https:\/\/www.parthages.be\/eboutique\/wp-json\/wp\/v2\/product"}],"about":[{"href":"https:\/\/www.parthages.be\/eboutique\/wp-json\/wp\/v2\/types\/product"}],"replies":[{"embeddable":true,"href":"https:\/\/www.parthages.be\/eboutique\/wp-json\/wp\/v2\/comments?post=1407"}],"wp:featuredmedia":[{"embeddable":true,"href":"https:\/\/www.parthages.be\/eboutique\/wp-json\/wp\/v2\/media\/1408"}],"wp:attachment":[{"href":"https:\/\/www.parthages.be\/eboutique\/wp-json\/wp\/v2\/media?parent=1407"}],"curies":[{"name":"wp","href":"https:\/\/api.w.org\/{rel}","templated":true}]}}