{"id":1410,"date":"2021-07-23T13:41:04","date_gmt":"2021-07-23T11:41:04","guid":{"rendered":"https:\/\/www.parthages.be\/eboutique\/?post_type=product&#038;p=1410"},"modified":"2021-07-23T13:41:05","modified_gmt":"2021-07-23T11:41:05","slug":"accompagnement-dadultes-handicapes-mentaux","status":"publish","type":"product","link":"https:\/\/www.parthages.be\/eboutique\/produit\/accompagnement-dadultes-handicapes-mentaux\/","title":{"rendered":"Accompagnement d&rsquo;adultes handicap\u00e9s mentaux"},"content":{"rendered":"<p>Description m\u00e9thodologique pour l&rsquo;accompagnement de personnes handicap\u00e9es mentales. Approche (analyse des objectifs, instruments destin\u00e9s \u00e0 soutenir l&rsquo;analyse des besoins,strat\u00e9gies d&rsquo;intervention) de certains points de la vie quotidienne : \u00e9ducation d&rsquo;un enfant, vivre dans la cit\u00e9, g\u00e9rer son budget, utiliser les transports en commun. (Pr\u00e9sentation de l\u2019\u00e9diteur)<\/p>\n<p>BECKERS J.<\/p>\n<p>Dialogues<\/p>\n<p>1993-370p<\/p>\n<p>318gr<\/p>\n<p>ISBN\u00a0: 2-907322-41-9<\/p>\n<p><strong><em>Uniquement \u00e0 la location<\/em><\/strong><\/p>\n<p>Cote doc\u00a0: 10-10-BEC-A<\/p>\n<span class=\"et_bloom_bottom_trigger\"><\/span>","protected":false},"excerpt":{"rendered":"<p>Description m\u00e9thodologique pour l&rsquo;accompagnement de personnes handicap\u00e9es mentales<\/p>\n","protected":false},"featured_media":0,"comment_status":"closed","ping_status":"closed","template":"","meta":{"_et_pb_use_builder":"","_et_pb_old_content":"","_et_gb_content_width":"","spay_email":""},"class_list":["post-1410","product","type-product","status-publish","hentry","product_cat-livres","product_tag-accompagnement","product_tag-adulte","product_tag-autonomie","product_tag-deficience-intellectuelle","product_tag-education","product_tag-etude-de-besoins","product_tag-integration-professionnelle","product_tag-integration-sociale","product_tag-intervention","product_tag-methodologie","product_tag-personne-handicapee","product_tag-strategie","product_tag-vie-quotidienne","product_tag-vie-sociale"],"jetpack_sharing_enabled":true,"jetpack_likes_enabled":true,"_links":{"self":[{"href":"https:\/\/www.parthages.be\/eboutique\/wp-json\/wp\/v2\/product\/1410","targetHints":{"allow":["GET"]}}],"collection":[{"href":"https:\/\/www.parthages.be\/eboutique\/wp-json\/wp\/v2\/product"}],"about":[{"href":"https:\/\/www.parthages.be\/eboutique\/wp-json\/wp\/v2\/types\/product"}],"replies":[{"embeddable":true,"href":"https:\/\/www.parthages.be\/eboutique\/wp-json\/wp\/v2\/comments?post=1410"}],"wp:attachment":[{"href":"https:\/\/www.parthages.be\/eboutique\/wp-json\/wp\/v2\/media?parent=1410"}],"curies":[{"name":"wp","href":"https:\/\/api.w.org\/{rel}","templated":true}]}}