{"id":1421,"date":"2021-07-28T12:19:12","date_gmt":"2021-07-28T10:19:12","guid":{"rendered":"https:\/\/www.parthages.be\/eboutique\/?post_type=product&#038;p=1421"},"modified":"2021-07-28T12:19:13","modified_gmt":"2021-07-28T10:19:13","slug":"ameliorer-la-communication-50-jeux-et-experiences","status":"publish","type":"product","link":"https:\/\/www.parthages.be\/eboutique\/produit\/ameliorer-la-communication-50-jeux-et-experiences\/","title":{"rendered":"Am\u00e9liorer la communication : 50 jeux et exp\u00e9riences"},"content":{"rendered":"<p>La communication n&rsquo;est pas un exercice scolaire, mais, pour chacun, un probl\u00e8me de tous les jours ou des toutes les minutes : en famille, dans le cadre de sa vie professionnelle ou associative, de ses loisirs&#8230; Qui pourrait pr\u00e9tendre qu&rsquo;il n&rsquo;a pas besoin d&rsquo;am\u00e9liorer sa fa\u00e7on de communiquer avec autrui ?<\/p>\n<p>Plut\u00f4t que de proposer une approche th\u00e9orique, le pr\u00e9sent ouvrage invite le lecteur \u00e0 vivre et \u00e0 analyser des situations exp\u00e9rimentales qui lui fassent observer \u00e0 la loupe et d\u00e9finir par lui-m\u00eame les m\u00e9canismes de la communication.<\/p>\n<p>Pour avoir souvent un caract\u00e8re souriant voire cocasse, ces 50 jeux et exp\u00e9riences n&rsquo;en constituent pas moins un itin\u00e9raire de formation pr\u00e9cis et efficace. Apr\u00e8s la pr\u00e9sentation d\u00e9taill\u00e9e et l&rsquo;analyse de chaque exp\u00e9rience, des moyens sont donn\u00e9s au lecteur pour formuler les principes mis en \u0153uvre et les appliquer \u00e0 d&rsquo;autres situations ; quelques r\u00e9f\u00e9rences bibliographiques et la pr\u00e9sentation vulgaris\u00e9e des travaux de recherche en la mati\u00e8re compl\u00e8tent l&rsquo;information.<\/p>\n<p>Professeurs de lyc\u00e9e ou de coll\u00e8ge, animateurs de formation continue ou de loisirs trouveront ici des outils adapt\u00e9s et originaux au service de leurs objectifs. (Pr\u00e9sentation de l&rsquo;\u00e9diteur)<\/p>\n<p>BARLOW M.<\/p>\n<p>Chronique sociale<\/p>\n<p>2007-183p-15.20\u20ac<\/p>\n<p>260gr<\/p>\n<p>ISBN\u00a0978-85008-441-7<\/p>\n<p>Cote doc\u00a0: 10-10-BAR-A<\/p>\n<span class=\"et_bloom_bottom_trigger\"><\/span>","protected":false},"excerpt":{"rendered":"<p>La communication n&rsquo;est pas un exercice scolaire, mais, pour chacun, un probl\u00e8me de tous les jours ou des toutes les minutes : en famille, dans le cadre de sa vie professionnelle ou associative, de ses loisirs&#8230; Qui pourrait pr\u00e9tendre qu&rsquo;il n&rsquo;a pas besoin d&rsquo;am\u00e9liorer sa fa\u00e7on de communiquer avec autrui ?<\/p>\n","protected":false},"featured_media":1422,"comment_status":"closed","ping_status":"closed","template":"","meta":{"_et_pb_use_builder":"","_et_pb_old_content":"","_et_gb_content_width":"","spay_email":""},"class_list":["post-1421","product","type-product","status-publish","has-post-thumbnail","hentry","product_cat-livres","product_tag-communication","product_tag-emploi","product_tag-jeu","product_tag-jeu-de-role","product_tag-outil-pedagogique","product_tag-technique-de-communication","product_tag-vie-sociale"],"jetpack_sharing_enabled":true,"jetpack_likes_enabled":true,"_links":{"self":[{"href":"https:\/\/www.parthages.be\/eboutique\/wp-json\/wp\/v2\/product\/1421","targetHints":{"allow":["GET"]}}],"collection":[{"href":"https:\/\/www.parthages.be\/eboutique\/wp-json\/wp\/v2\/product"}],"about":[{"href":"https:\/\/www.parthages.be\/eboutique\/wp-json\/wp\/v2\/types\/product"}],"replies":[{"embeddable":true,"href":"https:\/\/www.parthages.be\/eboutique\/wp-json\/wp\/v2\/comments?post=1421"}],"wp:featuredmedia":[{"embeddable":true,"href":"https:\/\/www.parthages.be\/eboutique\/wp-json\/wp\/v2\/media\/1422"}],"wp:attachment":[{"href":"https:\/\/www.parthages.be\/eboutique\/wp-json\/wp\/v2\/media?parent=1421"}],"curies":[{"name":"wp","href":"https:\/\/api.w.org\/{rel}","templated":true}]}}