{"id":1429,"date":"2021-07-28T12:23:40","date_gmt":"2021-07-28T10:23:40","guid":{"rendered":"https:\/\/www.parthages.be\/eboutique\/?post_type=product&#038;p=1429"},"modified":"2021-07-28T12:23:41","modified_gmt":"2021-07-28T10:23:41","slug":"mise-a-jour-dune-methodologie-ouverte-de-recherche-et-de-developpement-permanent-de-la-pratique-daccompagnement-de-personnes-handicapees-en-milieu-ouvert-une-pratique-vouee-a-rester-neuve","status":"publish","type":"product","link":"https:\/\/www.parthages.be\/eboutique\/produit\/mise-a-jour-dune-methodologie-ouverte-de-recherche-et-de-developpement-permanent-de-la-pratique-daccompagnement-de-personnes-handicapees-en-milieu-ouvert-une-pratique-vouee-a-rester-neuve\/","title":{"rendered":"Mise \u00e0 jour d&rsquo;une m\u00e9thodologie ouverte de recherche et de d\u00e9veloppement permanent de la pratique d&rsquo;accompagnement de personnes handicap\u00e9es en milieu ouvert: \u00ab\u00a0une pratique vou\u00e9e \u00e0 rester neuve&#8230;\u00a0\u00bb"},"content":{"rendered":"<p>Ce rapport tente de rendre compte d&rsquo;un projet de recherche action original et innovant, initi\u00e9 par l&rsquo;association de Services d&rsquo; Accompagnement pour Personnes handicap\u00e9es (A.S.A.H.) et partant sur diff\u00e9rents volets de la pratique d&rsquo;accompagnement de personnes vivant un handicap. A travers cette recherche action, ASAH poursuit l&rsquo;objectif de mettre \u00e0 jour une m\u00e9thodologie ouverte de recherche et de d\u00e9veloppement permanent de la pratique d&rsquo;accompagnement, qui rencontre les pr\u00e9occupations des praticiens et int\u00e8gre les contraintes du terrain.<\/p>\n<p>FEDERATION DE SERVICES D&rsquo;ACCOMPAGNEMENT POUR PERSONNES HANDICAPEES<\/p>\n<p>172p.<\/p>\n<p><strong><em>Rapport de recherche,<\/em><\/strong><\/p>\n<p><strong><em>Uniquement \u00e0 la location<\/em><\/strong><\/p>\n<p>Cote doc\u00a0: 10-10-ASA-M<\/p>\n<span class=\"et_bloom_bottom_trigger\"><\/span>","protected":false},"excerpt":{"rendered":"<p>Ce rapport tente de rendre compte d&rsquo;un projet de recherche action original et innovant, initi\u00e9 par l&rsquo;association de Services d&rsquo; Accompagnement pour Personnes handicap\u00e9es (A.S.A.H.) et partant sur diff\u00e9rents volets de la pratique d&rsquo;accompagnement de personnes vivant un handicap<\/p>\n","protected":false},"featured_media":0,"comment_status":"closed","ping_status":"closed","template":"","meta":{"_et_pb_use_builder":"","_et_pb_old_content":"","_et_gb_content_width":"","spay_email":""},"class_list":["post-1429","product","type-product","status-publish","hentry","product_cat-livres","product_tag-accompagnement","product_tag-citoyennete","product_tag-discrimination","product_tag-norme-sociale","product_tag-personne-handicapee","product_tag-sante-mentale","product_tag-service-daccompagnement","product_tag-service-daide-a-lintegration","product_tag-valeur-morale","product_tag-vie-affective"],"jetpack_sharing_enabled":true,"jetpack_likes_enabled":true,"_links":{"self":[{"href":"https:\/\/www.parthages.be\/eboutique\/wp-json\/wp\/v2\/product\/1429","targetHints":{"allow":["GET"]}}],"collection":[{"href":"https:\/\/www.parthages.be\/eboutique\/wp-json\/wp\/v2\/product"}],"about":[{"href":"https:\/\/www.parthages.be\/eboutique\/wp-json\/wp\/v2\/types\/product"}],"replies":[{"embeddable":true,"href":"https:\/\/www.parthages.be\/eboutique\/wp-json\/wp\/v2\/comments?post=1429"}],"wp:attachment":[{"href":"https:\/\/www.parthages.be\/eboutique\/wp-json\/wp\/v2\/media?parent=1429"}],"curies":[{"name":"wp","href":"https:\/\/api.w.org\/{rel}","templated":true}]}}