{"id":1432,"date":"2021-07-28T12:26:55","date_gmt":"2021-07-28T10:26:55","guid":{"rendered":"https:\/\/www.parthages.be\/eboutique\/?post_type=product&#038;p=1432"},"modified":"2021-07-28T12:26:56","modified_gmt":"2021-07-28T10:26:56","slug":"mort-et-travail-de-pensee-point-de-vue-theoriques-et-experiences-cliniques","status":"publish","type":"product","link":"https:\/\/www.parthages.be\/eboutique\/produit\/mort-et-travail-de-pensee-point-de-vue-theoriques-et-experiences-cliniques\/","title":{"rendered":"Mort et travail de pens\u00e9e point de vue th\u00e9oriques et exp\u00e9riences cliniques"},"content":{"rendered":"<p>Tout deuil sollicite le sujet et ses liens aux autres, et lui rappelle douloureusement son ontologique d\u00e9pendance. La perte d&rsquo;un \u00eatre cher est transform\u00e9e par la pens\u00e9e afin que l&rsquo;espace qu&rsquo;a occup\u00e9 l&rsquo;absent soit modifi\u00e9. Faute de pouvoir remplacer l&rsquo;autre, on le recr\u00e9e.<\/p>\n<p>La cr\u00e9ation, le travail de pens\u00e9e que suscite la confrontation \u00e0 la mort sont \u00e9voqu\u00e9s dans ce livre comme ce qui permet au sujet de ne pas vivre \u00ab comme avant \u00bb, comme si la perte n&rsquo;avait pas eu lieu, mais de devenir \u00ab comme apr\u00e8s \u00bb : reconstruire plut\u00f4t que reconstituer.<\/p>\n<p>Les auteurs proposent \u00e0 la r\u00e9flexion des dispositifs d&rsquo;aide qui peuvent \u00eatre mis en place lors de la perte r\u00e9elle d&rsquo;un \u00eatre cher mais \u00e9galement lorsque les deuils non faits, non termin\u00e9s resurgissent sur une autre sc\u00e8ne, dans une temporalit\u00e9 d\u00e9cal\u00e9e. (Pr\u00e9sentation de l\u2019\u00e9diteur)<\/p>\n<p>SCELLES R.- POMMIER F.<\/p>\n<p>Editions Er\u00e8s<\/p>\n<p>2002-320p.-18.50\u20ac<\/p>\n<p>230gr<\/p>\n<p>ISBN\u00a0: 978-2-7492-1354-5<\/p>\n<p>Cote doc\u00a0: 9-20-SCE-M<\/p>\n<span class=\"et_bloom_bottom_trigger\"><\/span>","protected":false},"excerpt":{"rendered":"<p>Tout deuil sollicite le sujet et ses liens aux autres, et lui rappelle douloureusement son ontologique d\u00e9pendance. La perte d&rsquo;un \u00eatre cher est transform\u00e9e par la pens\u00e9e afin que l&rsquo;espace qu&rsquo;a occup\u00e9 l&rsquo;absent soit modifi\u00e9. Faute de pouvoir remplacer l&rsquo;autre, on le recr\u00e9e.<\/p>\n","protected":false},"featured_media":1433,"comment_status":"closed","ping_status":"closed","template":"","meta":{"_et_pb_use_builder":"","_et_pb_old_content":"","_et_gb_content_width":"","spay_email":""},"class_list":["post-1432","product","type-product","status-publish","has-post-thumbnail","hentry","product_cat-livres","product_tag-accompagnement","product_tag-culture","product_tag-deuil","product_tag-experience","product_tag-mort","product_tag-readaptation","product_tag-recherche","product_tag-theorie","product_tag-travail-de-deuil"],"jetpack_sharing_enabled":true,"jetpack_likes_enabled":true,"_links":{"self":[{"href":"https:\/\/www.parthages.be\/eboutique\/wp-json\/wp\/v2\/product\/1432","targetHints":{"allow":["GET"]}}],"collection":[{"href":"https:\/\/www.parthages.be\/eboutique\/wp-json\/wp\/v2\/product"}],"about":[{"href":"https:\/\/www.parthages.be\/eboutique\/wp-json\/wp\/v2\/types\/product"}],"replies":[{"embeddable":true,"href":"https:\/\/www.parthages.be\/eboutique\/wp-json\/wp\/v2\/comments?post=1432"}],"wp:featuredmedia":[{"embeddable":true,"href":"https:\/\/www.parthages.be\/eboutique\/wp-json\/wp\/v2\/media\/1433"}],"wp:attachment":[{"href":"https:\/\/www.parthages.be\/eboutique\/wp-json\/wp\/v2\/media?parent=1432"}],"curies":[{"name":"wp","href":"https:\/\/api.w.org\/{rel}","templated":true}]}}