{"id":1436,"date":"2021-07-28T12:30:24","date_gmt":"2021-07-28T10:30:24","guid":{"rendered":"https:\/\/www.parthages.be\/eboutique\/?post_type=product&#038;p=1436"},"modified":"2021-07-28T12:30:25","modified_gmt":"2021-07-28T10:30:25","slug":"vivre-son-deuil-et-croitre-2","status":"publish","type":"product","link":"https:\/\/www.parthages.be\/eboutique\/produit\/vivre-son-deuil-et-croitre-2\/","title":{"rendered":"Vivre son deuil et cro\u00eetre"},"content":{"rendered":"<p>Toute perte est douloureuse. Le deuil d&rsquo;un \u00eatre aim\u00e9 est particuli\u00e8rement difficile \u00e0 vivre, mais la brisure du divorce, la fin d&rsquo;une relation intime, l&rsquo;\u00e9loignement de ceux qu&rsquo;on aime, la perte de son emploi, d&rsquo;aspects de soi-m\u00eame lors de maladie ou d&rsquo;accidents, la perte de possessions, de buts, d&rsquo;id\u00e9al, toutes ces pertes appellent un cheminement nomm\u00e9 processus de deuil. Ce processus est un parcours sinueux avec des mont\u00e9es et des descentes, il repr\u00e9sente une exp\u00e9rience intense sur tous les plans. Lorsque la perte est l\u00e0, que l&rsquo;inattendu ou l&rsquo;inacceptable sont arriv\u00e9s, chacun va vivre, \u00e0 sa mani\u00e8re, cette douleur qui \u00e9treint, qui habite l&rsquo;\u00eatre tout entier. La connaissance de ce processus peut repr\u00e9senter une certaine aide pour ceux qui le vivent.\u00a0\u00ab\u00a0<em>Notre v\u0153u le plus cher est que ce livre soit une aide pour tous ceux qui vivent ou vivront un deuil, pour tous ceux qui d\u00e9sirent cro\u00eetre et faire avec tous les instants de leur vie, moments sombres et moments clairs, une symphonie achev\u00e9e.\u00a0\u00bb<\/em>\u00a0<strong>Rosette Poletti<\/strong><\/p>\n<p>POLETTI R.- DOBBS B.<\/p>\n<p>Editions Jouvence<\/p>\n<p>2003-160p-16.50\u20ac<\/p>\n<p>245gr<\/p>\n<p>ISBN\u00a0: 978-2-88353-322-6<\/p>\n<p>Cote doc\u00a0: 9-20-POL-V<\/p>\n<span class=\"et_bloom_bottom_trigger\"><\/span>","protected":false},"excerpt":{"rendered":"<p>Toute perte est douloureuse. Le deuil d&rsquo;un \u00eatre aim\u00e9 est particuli\u00e8rement difficile \u00e0 vivre, mais la brisure du divorce, la fin d&rsquo;une relation intime, l&rsquo;\u00e9loignement de ceux qu&rsquo;on aime, la perte de son emploi, d&rsquo;aspects de soi-m\u00eame lors de maladie ou d&rsquo;accidents, la perte de possessions, de buts, d&rsquo;id\u00e9al, toutes ces pertes appellent un cheminement nomm\u00e9 processus de deuil.<\/p>\n","protected":false},"featured_media":1437,"comment_status":"closed","ping_status":"closed","template":"","meta":{"_et_pb_use_builder":"","_et_pb_old_content":"","_et_gb_content_width":"","spay_email":""},"class_list":["post-1436","product","type-product","status-publish","has-post-thumbnail","hentry","product_cat-livres","product_tag-aide","product_tag-deuil","product_tag-evolution","product_tag-outil","product_tag-processus","product_tag-travail-de-deuil"],"jetpack_sharing_enabled":true,"jetpack_likes_enabled":true,"_links":{"self":[{"href":"https:\/\/www.parthages.be\/eboutique\/wp-json\/wp\/v2\/product\/1436","targetHints":{"allow":["GET"]}}],"collection":[{"href":"https:\/\/www.parthages.be\/eboutique\/wp-json\/wp\/v2\/product"}],"about":[{"href":"https:\/\/www.parthages.be\/eboutique\/wp-json\/wp\/v2\/types\/product"}],"replies":[{"embeddable":true,"href":"https:\/\/www.parthages.be\/eboutique\/wp-json\/wp\/v2\/comments?post=1436"}],"wp:featuredmedia":[{"embeddable":true,"href":"https:\/\/www.parthages.be\/eboutique\/wp-json\/wp\/v2\/media\/1437"}],"wp:attachment":[{"href":"https:\/\/www.parthages.be\/eboutique\/wp-json\/wp\/v2\/media?parent=1436"}],"curies":[{"name":"wp","href":"https:\/\/api.w.org\/{rel}","templated":true}]}}