{"id":1445,"date":"2021-08-03T11:12:03","date_gmt":"2021-08-03T09:12:03","guid":{"rendered":"https:\/\/www.parthages.be\/eboutique\/?post_type=product&#038;p=1445"},"modified":"2021-08-03T11:12:04","modified_gmt":"2021-08-03T09:12:04","slug":"le-temps-des-rites-handicaps-et-handicapes","status":"publish","type":"product","link":"https:\/\/www.parthages.be\/eboutique\/produit\/le-temps-des-rites-handicaps-et-handicapes\/","title":{"rendered":"Le temps des rites : handicaps et handicap\u00e9s"},"content":{"rendered":"<p>Riche des observations n\u00e9es de sa pratique quotidienne, l&rsquo;auteur propose de porter un autre regard sur les personnes handicap\u00e9es. Educateur et psychomotricien, directeur d&rsquo;un \u00e9tablissement d&rsquo;h\u00e9bergement \u00e0 Montpellier, il a d\u00e9j\u00e0 publi\u00e9 plusieurs ouvrages sur les institutions sp\u00e9cialis\u00e9es.<\/p>\n<p>Dans cet essai, qui s&rsquo;adresse aussi bien aux professionnels qu&rsquo;\u00e0 tous ceux qui \u00e9tablissent une relation d&rsquo;aide aux personnes handicap\u00e9es, l&rsquo;auteur met en \u00e9vidence les relations entre handicap mental et \u00ab\u00a0rites de passage\u00a0\u00bb.<\/p>\n<p>Ces rituels symboliques, qui ont une fonction structurante chez tout individu, sont \u00e9vacu\u00e9s par les handicap\u00e9s. Abondamment illustr\u00e9 par des exemples concrets, ce livre conclut \u00e0 la n\u00e9cessit\u00e9 d&rsquo;introduire une dimension culturelle et anthropologique dans les processus r\u00e9\u00e9ducatifs aupr\u00e8s des handicap\u00e9s afin de les r\u00e9ancrer dans cette dimension symbolique. (Pr\u00e9sentation de l\u2019\u00e9diteur)<\/p>\n<p>&nbsp;<\/p>\n<p>GOMEZ J.F.<\/p>\n<p>Descl\u00e9e de Brouwer<\/p>\n<p>1999-195p<\/p>\n<p>ISBN\u00a0: 2-220-04508-0<\/p>\n<p>Cote doc\u00a09-20-GOM-T<\/p>\n<p><strong><em>Uniquement \u00e0 la location<\/em><\/strong><\/p>\n<span class=\"et_bloom_bottom_trigger\"><\/span>","protected":false},"excerpt":{"rendered":"<p>Riche des observations n\u00e9es de sa pratique quotidienne, l&rsquo;auteur propose de porter un autre regard sur les personnes handicap\u00e9es. Educateur et psychomotricien, directeur d&rsquo;un \u00e9tablissement d&rsquo;h\u00e9bergement \u00e0 Montpellier, il a d\u00e9j\u00e0 publi\u00e9 plusieurs ouvrages sur les institutions sp\u00e9cialis\u00e9es.<\/p>\n","protected":false},"featured_media":1446,"comment_status":"closed","ping_status":"closed","template":"","meta":{"_et_pb_use_builder":"","_et_pb_old_content":"","_et_gb_content_width":"","spay_email":""},"class_list":["post-1445","product","type-product","status-publish","has-post-thumbnail","hentry","product_cat-livres","product_tag-education","product_tag-integration","product_tag-personne-handicapee","product_tag-representation","product_tag-rite-dinitiation","product_tag-societe","product_tag-symbole"],"jetpack_sharing_enabled":true,"jetpack_likes_enabled":true,"_links":{"self":[{"href":"https:\/\/www.parthages.be\/eboutique\/wp-json\/wp\/v2\/product\/1445","targetHints":{"allow":["GET"]}}],"collection":[{"href":"https:\/\/www.parthages.be\/eboutique\/wp-json\/wp\/v2\/product"}],"about":[{"href":"https:\/\/www.parthages.be\/eboutique\/wp-json\/wp\/v2\/types\/product"}],"replies":[{"embeddable":true,"href":"https:\/\/www.parthages.be\/eboutique\/wp-json\/wp\/v2\/comments?post=1445"}],"wp:featuredmedia":[{"embeddable":true,"href":"https:\/\/www.parthages.be\/eboutique\/wp-json\/wp\/v2\/media\/1446"}],"wp:attachment":[{"href":"https:\/\/www.parthages.be\/eboutique\/wp-json\/wp\/v2\/media?parent=1445"}],"curies":[{"name":"wp","href":"https:\/\/api.w.org\/{rel}","templated":true}]}}