{"id":1455,"date":"2021-08-03T11:28:19","date_gmt":"2021-08-03T09:28:19","guid":{"rendered":"https:\/\/www.parthages.be\/eboutique\/?post_type=product&#038;p=1455"},"modified":"2021-08-03T11:28:20","modified_gmt":"2021-08-03T09:28:20","slug":"les-troubles-psychiques-au-cours-de-la-vie","status":"publish","type":"product","link":"https:\/\/www.parthages.be\/eboutique\/produit\/les-troubles-psychiques-au-cours-de-la-vie\/","title":{"rendered":"Les troubles psychiques au cours de la vie"},"content":{"rendered":"<p>Tout homme aujourd&rsquo;hui doit traverser des crises dans sa vie. Elles apparaissent souvent \u00e0 certains tournants du destin.<\/p>\n<p>L&rsquo;auteur, psychiatre qui s&rsquo;inspire d&rsquo;une m\u00e9decine \u00e9largie par l&rsquo;anthroposophie, d\u00e9crit ici les lois du d\u00e9veloppement de ces crises, leurs rythmes et leur nature profonde. Il traite de la n\u00e9vrose, la psychose, l&rsquo;obsession, la d\u00e9pression, l&rsquo;hyst\u00e9rie, l&rsquo;\u00e9pilepsie, la schizophr\u00e9nie, etc&#8230;. La fin de l&rsquo;ouvrage ouvre les perspectives sur la th\u00e9rapie par l&rsquo;art et l&rsquo;entra\u00eenement spirituel. (pr\u00e9sentation de l\u2019\u00e9diteur)<\/p>\n<p>TREICHLER R.<\/p>\n<p>Editions Triades<\/p>\n<p>2005-400p.-30\u20ac<\/p>\n<p>522gr<\/p>\n<p>ISBN\u00a0: 2-85248-269-x<\/p>\n<p>Cote doc\u00a0: 9-20-TRE-T<\/p>\n<span class=\"et_bloom_bottom_trigger\"><\/span>","protected":false},"excerpt":{"rendered":"<p>Tout homme aujourd&rsquo;hui doit traverser des crises dans sa vie. Elles apparaissent souvent \u00e0 certains tournants du destin.<\/p>\n","protected":false},"featured_media":1456,"comment_status":"closed","ping_status":"closed","template":"","meta":{"_et_pb_use_builder":"","_et_pb_old_content":"","_et_gb_content_width":"","spay_email":""},"class_list":["post-1455","product","type-product","status-publish","has-post-thumbnail","hentry","product_cat-livres","product_tag-crise-psychologique","product_tag-depression","product_tag-epilepsie","product_tag-hysterie","product_tag-lien-social","product_tag-nevrose","product_tag-obsession","product_tag-schizophrenie","product_tag-therapie-par-lart"],"jetpack_sharing_enabled":true,"jetpack_likes_enabled":true,"_links":{"self":[{"href":"https:\/\/www.parthages.be\/eboutique\/wp-json\/wp\/v2\/product\/1455","targetHints":{"allow":["GET"]}}],"collection":[{"href":"https:\/\/www.parthages.be\/eboutique\/wp-json\/wp\/v2\/product"}],"about":[{"href":"https:\/\/www.parthages.be\/eboutique\/wp-json\/wp\/v2\/types\/product"}],"replies":[{"embeddable":true,"href":"https:\/\/www.parthages.be\/eboutique\/wp-json\/wp\/v2\/comments?post=1455"}],"wp:featuredmedia":[{"embeddable":true,"href":"https:\/\/www.parthages.be\/eboutique\/wp-json\/wp\/v2\/media\/1456"}],"wp:attachment":[{"href":"https:\/\/www.parthages.be\/eboutique\/wp-json\/wp\/v2\/media?parent=1455"}],"curies":[{"name":"wp","href":"https:\/\/api.w.org\/{rel}","templated":true}]}}