{"id":1459,"date":"2021-08-03T11:33:26","date_gmt":"2021-08-03T09:33:26","guid":{"rendered":"https:\/\/www.parthages.be\/eboutique\/?post_type=product&#038;p=1459"},"modified":"2022-02-18T10:32:06","modified_gmt":"2022-02-18T09:32:06","slug":"le-corps-blesse-automutilation-psychiatrie-et-psychanalyse","status":"publish","type":"product","link":"https:\/\/www.parthages.be\/eboutique\/produit\/le-corps-blesse-automutilation-psychiatrie-et-psychanalyse\/","title":{"rendered":"Le corps bless\u00e9 : automutilation psychiatrie et psychanalyse"},"content":{"rendered":"<p>L&rsquo;automutilation est un comportement bien connu des psychiatres, psychologues, infirmiers, \u00e9ducateurs travaillant avec des patients gravement perturb\u00e9s.<\/p>\n<p>Cet ouvrage \u00e9tudie l&rsquo;automutilation en psychiatrie g\u00e9n\u00e9rale et plus particuli\u00e8rement chez des personnes atteintes d&rsquo;arri\u00e9ration mentale, sous l&rsquo;\u00e9clairage de la psychanalyse.<\/p>\n<p>Les diff\u00e9rentes modalit\u00e9s et les sens possibles du comportement automutilant sont recherch\u00e9s dans les mythes et les rituels, dans le d\u00e9veloppement du jeune enfant comme dans la pratique psychiatrique institutionnelle et ambulatoire.<\/p>\n<p>De nombreux exemples cliniques illustrent les tentatives de diagnostic et de traitement.<\/p>\n<p>Cet ouvrage, qui fait le point sur les th\u00e9rapeutiques actuelles en mati\u00e8re d&rsquo;automutilation, suscite une r\u00e9flexion sur l&rsquo;arri\u00e9ration mentale en int\u00e9grant ce syndrome dans les structures de personnalit\u00e9 reconnues en psychanalyse comme la n\u00e9vrose, la psychose et la perversion. Il s&rsquo;adresse \u00e0 des cliniciens, psychologues ou m\u00e9decins, aux psychanalystes, aux \u00e9ducateurs et travailleurs sociaux des services de psychiatrie institutionnelle.( Pr\u00e9sentation de l\u2019\u00e9diteur)<\/p>\n<p>MORELLE C.<\/p>\n<p>Masson<\/p>\n<p>1995-182p.<\/p>\n<p>ISBN\u00a0: 2-225-84776-2<\/p>\n<p>Cote doc\u00a0: 9-10-MOR-C<\/p>\n<p><strong><em>Uniquement \u00e0 la location<\/em><\/strong><\/p>\n<span class=\"et_bloom_bottom_trigger\"><\/span>","protected":false},"excerpt":{"rendered":"<p>L&rsquo;automutilation est un comportement bien connu des psychiatres, psychologues, infirmiers, \u00e9ducateurs travaillant avec des patients gravement perturb\u00e9s.<\/p>\n","protected":false},"featured_media":1460,"comment_status":"closed","ping_status":"closed","template":"","meta":{"_et_pb_use_builder":"","_et_pb_old_content":"","_et_gb_content_width":"","spay_email":""},"class_list":["post-1459","product","type-product","status-publish","has-post-thumbnail","hentry","product_cat-livres","product_cat-livres-jeunesse","product_tag-adulte","product_tag-automutilation","product_tag-deficience-intellectuelle","product_tag-definition","product_tag-enfant","product_tag-etiologie","product_tag-historique","product_tag-institution","product_tag-intervention-therapeutique","product_tag-maladie","product_tag-personne-handicapee","product_tag-psychanalyse","product_tag-psychiatrie"],"jetpack_sharing_enabled":true,"jetpack_likes_enabled":true,"_links":{"self":[{"href":"https:\/\/www.parthages.be\/eboutique\/wp-json\/wp\/v2\/product\/1459","targetHints":{"allow":["GET"]}}],"collection":[{"href":"https:\/\/www.parthages.be\/eboutique\/wp-json\/wp\/v2\/product"}],"about":[{"href":"https:\/\/www.parthages.be\/eboutique\/wp-json\/wp\/v2\/types\/product"}],"replies":[{"embeddable":true,"href":"https:\/\/www.parthages.be\/eboutique\/wp-json\/wp\/v2\/comments?post=1459"}],"wp:featuredmedia":[{"embeddable":true,"href":"https:\/\/www.parthages.be\/eboutique\/wp-json\/wp\/v2\/media\/1460"}],"wp:attachment":[{"href":"https:\/\/www.parthages.be\/eboutique\/wp-json\/wp\/v2\/media?parent=1459"}],"curies":[{"name":"wp","href":"https:\/\/api.w.org\/{rel}","templated":true}]}}