{"id":1474,"date":"2021-08-09T09:41:55","date_gmt":"2021-08-09T07:41:55","guid":{"rendered":"https:\/\/www.parthages.be\/eboutique\/?post_type=product&#038;p=1474"},"modified":"2021-08-09T09:41:56","modified_gmt":"2021-08-09T07:41:56","slug":"le-burn-out-du-soignant-le-syndrome-du-soignant","status":"publish","type":"product","link":"https:\/\/www.parthages.be\/eboutique\/produit\/le-burn-out-du-soignant-le-syndrome-du-soignant\/","title":{"rendered":"Le burn-out du soignant: le syndrome du soignant"},"content":{"rendered":"<p>En 2001, le Journal du M\u00e9decin publie une enqu\u00eate nationale sur le syndrome d&rsquo;\u00e9puisement professionnel des m\u00e9decins qui r\u00e9v\u00e8le que 50 % d&rsquo;entre eux en pr\u00e9sentent partiellement les sympt\u00f4mes.<\/p>\n<p>Les m\u00e9decins craquent, se disent \u00e9puis\u00e9s \u00e9motionnellement, ont le sentiment d&rsquo;une diminution de l&rsquo;accomplissement professionnel. Face \u00e0 ce ph\u00e9nom\u00e8ne, appel\u00e9 \u00ab\u00a0burn-out\u00a0\u00bb, les professionnels de la sant\u00e9 s&rsquo;inqui\u00e8tent et s&rsquo;interrogent. (Pr\u00e9sentation de l\u2019\u00e9diteur)<\/p>\n<p>DELBROUCK M.<\/p>\n<p>Editions De Boeck Universit\u00e9- Oxalis<\/p>\n<p>2003- 280p.<\/p>\n<p>ISBN\u00a0: 2-8041-4373-2<\/p>\n<p>Cote doc\u00a0: 9-10-DEL-B<\/p>\n<p><strong><em>Uniquement \u00e0 la location<\/em><\/strong><\/p>\n<span class=\"et_bloom_bottom_trigger\"><\/span>","protected":false},"excerpt":{"rendered":"<p>En 2001, le Journal du M\u00e9decin publie une enqu\u00eate nationale sur le syndrome d&rsquo;\u00e9puisement professionnel des m\u00e9decins qui r\u00e9v\u00e8le que 50 % d&rsquo;entre eux en pr\u00e9sentent partiellement les sympt\u00f4mes.<\/p>\n","protected":false},"featured_media":1475,"comment_status":"closed","ping_status":"closed","template":"","meta":{"_et_pb_use_builder":"","_et_pb_old_content":"","_et_gb_content_width":"","spay_email":""},"class_list":["post-1474","product","type-product","status-publish","has-post-thumbnail","hentry","product_cat-livres","product_tag-epuisement-professionnel","product_tag-medecin","product_tag-relation-daide","product_tag-relation-soignant-entourage","product_tag-relation-soignant-soigne","product_tag-stress"],"jetpack_sharing_enabled":true,"jetpack_likes_enabled":true,"_links":{"self":[{"href":"https:\/\/www.parthages.be\/eboutique\/wp-json\/wp\/v2\/product\/1474","targetHints":{"allow":["GET"]}}],"collection":[{"href":"https:\/\/www.parthages.be\/eboutique\/wp-json\/wp\/v2\/product"}],"about":[{"href":"https:\/\/www.parthages.be\/eboutique\/wp-json\/wp\/v2\/types\/product"}],"replies":[{"embeddable":true,"href":"https:\/\/www.parthages.be\/eboutique\/wp-json\/wp\/v2\/comments?post=1474"}],"wp:featuredmedia":[{"embeddable":true,"href":"https:\/\/www.parthages.be\/eboutique\/wp-json\/wp\/v2\/media\/1475"}],"wp:attachment":[{"href":"https:\/\/www.parthages.be\/eboutique\/wp-json\/wp\/v2\/media?parent=1474"}],"curies":[{"name":"wp","href":"https:\/\/api.w.org\/{rel}","templated":true}]}}