{"id":1478,"date":"2021-08-09T09:48:23","date_gmt":"2021-08-09T07:48:23","guid":{"rendered":"https:\/\/www.parthages.be\/eboutique\/?post_type=product&#038;p=1478"},"modified":"2022-03-23T17:32:30","modified_gmt":"2022-03-23T16:32:30","slug":"psychopathologie-en-15-fiches-enfant-adolescent-adulte","status":"publish","type":"product","link":"https:\/\/www.parthages.be\/eboutique\/produit\/psychopathologie-en-15-fiches-enfant-adolescent-adulte\/","title":{"rendered":"Psychopathologie en 15 fiches : enfant adolescent adulte"},"content":{"rendered":"<p>Les concepts fondamentaux de la psychopathologie explicit\u00e9s en 35 fiches reprenant chacune l&rsquo;essentiel de ces notions sous forme de : d\u00e9finitions, th\u00e9ories fondamentales, \u00e9tudes de cas et applications (quizz et exercices). (Pr\u00e9sentation de l\u2019\u00e9diteur)<\/p>\n<p>BONNET A.- FERNANDEZ L.<\/p>\n<p>Dunod<\/p>\n<p>2007-154p.<\/p>\n<p>ISBN\u00a0: 978-2-10-049560-7<\/p>\n<p>Cote doc\u00a0: 9-10-BON-P<\/p>\n<p><strong><em>Uniquement \u00e0 la location<\/em><\/strong><\/p>\n<span class=\"et_bloom_bottom_trigger\"><\/span>","protected":false},"excerpt":{"rendered":"<p>Les concepts fondamentaux de la psychopathologie explicit\u00e9s en 35 fiches reprenant chacune l&rsquo;essentiel de ces notions sous forme de : d\u00e9finitions, th\u00e9ories fondamentales, \u00e9tudes de cas et applications (quizz et exercices).<\/p>\n","protected":false},"featured_media":1479,"comment_status":"closed","ping_status":"closed","template":"","meta":{"_et_pb_use_builder":"","_et_pb_old_content":"","_et_gb_content_width":"","spay_email":""},"class_list":["post-1478","product","type-product","status-publish","has-post-thumbnail","hentry","product_cat-livres","product_tag-depression","product_tag-formation","product_tag-histoire","product_tag-intervenant","product_tag-outil-pedagogique","product_tag-psychopathologie","product_tag-travail-social","product_tag-trouble-du-comportement"],"jetpack_sharing_enabled":true,"jetpack_likes_enabled":true,"_links":{"self":[{"href":"https:\/\/www.parthages.be\/eboutique\/wp-json\/wp\/v2\/product\/1478","targetHints":{"allow":["GET"]}}],"collection":[{"href":"https:\/\/www.parthages.be\/eboutique\/wp-json\/wp\/v2\/product"}],"about":[{"href":"https:\/\/www.parthages.be\/eboutique\/wp-json\/wp\/v2\/types\/product"}],"replies":[{"embeddable":true,"href":"https:\/\/www.parthages.be\/eboutique\/wp-json\/wp\/v2\/comments?post=1478"}],"wp:featuredmedia":[{"embeddable":true,"href":"https:\/\/www.parthages.be\/eboutique\/wp-json\/wp\/v2\/media\/1479"}],"wp:attachment":[{"href":"https:\/\/www.parthages.be\/eboutique\/wp-json\/wp\/v2\/media?parent=1478"}],"curies":[{"name":"wp","href":"https:\/\/api.w.org\/{rel}","templated":true}]}}