{"id":148,"date":"2012-09-24T11:37:53","date_gmt":"2012-09-24T09:37:53","guid":{"rendered":"https:\/\/www.parthages.be\/wordpress\/produit\/l-effet-domino-dys\/"},"modified":"2023-07-18T11:59:44","modified_gmt":"2023-07-18T09:59:44","slug":"l-effet-domino-dys","status":"publish","type":"product","link":"https:\/\/www.parthages.be\/eboutique\/produit\/l-effet-domino-dys\/","title":{"rendered":"L&rsquo;effet domino \u00ab dys \u00bb"},"content":{"rendered":"<div class=\"itemIntroText\">\n<p>Ce livre se veut une synth\u00e8se des connaissances actuelles sur les troubles sp\u00e9cifiques des apprentissages. Il pr\u00e9sente aux enseignants de la maternelle et du primaire de nombreux outils pour rep\u00e9rer ces troubles \u2013 premi\u00e8re \u00e9tape vers la prise en charge par des professionnels \u2013 et pour am\u00e9nager leur p\u00e9dagogie une fois le diagnostic pos\u00e9.<\/p>\n<\/div>\n<p>L&rsquo;angle de traitement choisi est celui de \u00ab l&rsquo;effet domino \u00bb. Le domino \u00ab dys \u00bb (pour \u00ab dyslexie \u00bb, \u00ab dysorthographie \u00bb, \u00ab dyscalculie \u00bb, \u00ab dysphasie \u00bb et \u00ab dyspraxie \u00bb, auxquelles est ajout\u00e9 le TDA\/H) fait tomber dans sa chute toute une cha\u00eene de dominos : c\u00e9r\u00e9bral, cognitif, comportemental, scolaire, psychoaffectif, familial et psychorelationnel. En att\u00e9nuant l&rsquo;effet \u00ab dys \u00bb, l&rsquo;enseignant peut limiter la cascade des \u00e9checs pr\u00e9visibles, tant sur le plan personnel que sur le plan scolaire.<\/p>\n<p>Dans ce livre, chaque trouble fait l&rsquo;objet d&rsquo;un chapitre dans lequel sont pr\u00e9sent\u00e9s une histoire de cas, une mise en situation permettant de bien comprendre ce que vit l&rsquo;enfant, une description concr\u00e8te du trouble abord\u00e9, le sch\u00e9ma des dominos et un tableau r\u00e9capitulant les signes et les am\u00e9nagements p\u00e9dagogiques possibles. Les enseignants sauront trouver dans ce livre des explications claires et synth\u00e9tiques.<\/p>\n<p>GUILLOUX R.<\/p>\n<p>Editions de Cheneli\u00e8re Education<\/p>\n<p>2009 \u2013 96p<\/p>\n<p>ISBN: 978-2-7650-2535-1<\/p>\n<p>Cote doc : 2-20-GUI-E<\/p>\n<span class=\"et_bloom_bottom_trigger\"><\/span>","protected":false},"excerpt":{"rendered":"<p>Ce livre se veut une synth\u00e8se des connaissances actuelles sur les troubles sp\u00e9cifiques des apprentissages. Il pr\u00e9sente aux enseignants de la maternelle et du primaire de nombreux outils pour rep\u00e9rer ces troubles \u2013 premi\u00e8re \u00e9tape vers la prise en charge par des professionnels \u2013 et pour am\u00e9nager leur p\u00e9dagogie une fois le diagnostic pos\u00e9.<\/p>\n","protected":false},"featured_media":147,"comment_status":"open","ping_status":"closed","template":"","meta":{"_et_pb_use_builder":"","_et_pb_old_content":"","_et_gb_content_width":"","spay_email":""},"class_list":["post-148","product","type-product","status-publish","has-post-thumbnail","hentry","product_cat-livres","product_tag-analyse-de-cas","product_tag-dyscalculie","product_tag-dyslexie","product_tag-dysorthographie","product_tag-dysphasie","product_tag-dyspraxie","product_tag-enfant","product_tag-outil-pedagogique","product_tag-respect","product_tag-trouble-de-lapprentissage","product_tag-trouble-du-comportement"],"jetpack_sharing_enabled":true,"jetpack_likes_enabled":true,"_links":{"self":[{"href":"https:\/\/www.parthages.be\/eboutique\/wp-json\/wp\/v2\/product\/148","targetHints":{"allow":["GET"]}}],"collection":[{"href":"https:\/\/www.parthages.be\/eboutique\/wp-json\/wp\/v2\/product"}],"about":[{"href":"https:\/\/www.parthages.be\/eboutique\/wp-json\/wp\/v2\/types\/product"}],"replies":[{"embeddable":true,"href":"https:\/\/www.parthages.be\/eboutique\/wp-json\/wp\/v2\/comments?post=148"}],"wp:featuredmedia":[{"embeddable":true,"href":"https:\/\/www.parthages.be\/eboutique\/wp-json\/wp\/v2\/media\/147"}],"wp:attachment":[{"href":"https:\/\/www.parthages.be\/eboutique\/wp-json\/wp\/v2\/media?parent=148"}],"curies":[{"name":"wp","href":"https:\/\/api.w.org\/{rel}","templated":true}]}}