{"id":1482,"date":"2021-08-09T09:50:41","date_gmt":"2021-08-09T07:50:41","guid":{"rendered":"https:\/\/www.parthages.be\/eboutique\/?post_type=product&#038;p=1482"},"modified":"2021-08-09T09:50:41","modified_gmt":"2021-08-09T07:50:41","slug":"guide-de-la-collecte-de-fonds-au-moyen-dactivites-speciales","status":"publish","type":"product","link":"https:\/\/www.parthages.be\/eboutique\/produit\/guide-de-la-collecte-de-fonds-au-moyen-dactivites-speciales\/","title":{"rendered":"Guide de la collecte de fonds au moyen d&rsquo;activit\u00e9s sp\u00e9ciales"},"content":{"rendered":"<p>Ce guide a \u00e9t\u00e9 con\u00e7u pour servir de documentation personnelle aux novices.<\/p>\n<p>Les sp\u00e9cialistes y puiseront \u00e9galement de nouvelles id\u00e9es et red\u00e9couvriront les principes de base de la collecte de fonds<\/p>\n<p>WYMAN\u00a0 K.<\/p>\n<p>Direction du soutien aux organismes volontaires du Secr\u00e9tariat d&rsquo;Etat du Canada<\/p>\n<p>1989-188p.<\/p>\n<p><strong><em>Dossier<\/em><\/strong><\/p>\n<p>Cote doc\u00a0: 8-20-WYN-G<\/p>\n<p><strong><em>Uniquement \u00e0 la location<\/em><\/strong><\/p>\n<span class=\"et_bloom_bottom_trigger\"><\/span>","protected":false},"excerpt":{"rendered":"<p>Ce guide a \u00e9t\u00e9 con\u00e7u pour servir de documentation personnelle aux novices.<\/p>\n","protected":false},"featured_media":1483,"comment_status":"closed","ping_status":"closed","template":"","meta":{"_et_pb_use_builder":"","_et_pb_old_content":"","_et_gb_content_width":"","spay_email":""},"class_list":["post-1482","product","type-product","status-publish","has-post-thumbnail","hentry","product_cat-livres","product_tag-aide-financiere","product_tag-benevolat","product_tag-canada","product_tag-economie-sociale"],"jetpack_sharing_enabled":true,"jetpack_likes_enabled":true,"_links":{"self":[{"href":"https:\/\/www.parthages.be\/eboutique\/wp-json\/wp\/v2\/product\/1482","targetHints":{"allow":["GET"]}}],"collection":[{"href":"https:\/\/www.parthages.be\/eboutique\/wp-json\/wp\/v2\/product"}],"about":[{"href":"https:\/\/www.parthages.be\/eboutique\/wp-json\/wp\/v2\/types\/product"}],"replies":[{"embeddable":true,"href":"https:\/\/www.parthages.be\/eboutique\/wp-json\/wp\/v2\/comments?post=1482"}],"wp:featuredmedia":[{"embeddable":true,"href":"https:\/\/www.parthages.be\/eboutique\/wp-json\/wp\/v2\/media\/1483"}],"wp:attachment":[{"href":"https:\/\/www.parthages.be\/eboutique\/wp-json\/wp\/v2\/media?parent=1482"}],"curies":[{"name":"wp","href":"https:\/\/api.w.org\/{rel}","templated":true}]}}