{"id":1484,"date":"2021-08-09T09:52:00","date_gmt":"2021-08-09T07:52:00","guid":{"rendered":"https:\/\/www.parthages.be\/eboutique\/?post_type=product&#038;p=1484"},"modified":"2021-08-09T09:52:01","modified_gmt":"2021-08-09T07:52:01","slug":"gestion-des-ressources-humaines-dans-les-pme","status":"publish","type":"product","link":"https:\/\/www.parthages.be\/eboutique\/produit\/gestion-des-ressources-humaines-dans-les-pme\/","title":{"rendered":"Gestion des ressources humaines dans les PME"},"content":{"rendered":"<p>Cet ouvrage propose une r\u00e9flexion et des outils pour am\u00e9liorer la gestion des ressources humaines dans les petites et les moyennes entreprises confront\u00e9es aux nouveaux d\u00e9fis de la comp\u00e9titivit\u00e9. Il pr\u00e9sente l&rsquo;\u00e9tat des pratiques de gestion du personnel, situe la place des ressources humaines dans le processus g\u00e9n\u00e9ral de gestion et sugg\u00e8re des am\u00e9liorations empiriques de la fonction personnelle. Il d\u00e9finit un mod\u00e8le de gestion des ressources humaines, un mix social et un syst\u00e8me d&rsquo;\u00e9valuation des politiques du personnel.(pr\u00e9sentation de l\u2019\u00e9diteur)<\/p>\n<p>&nbsp;<\/p>\n<p>MAHE DE BOISLANDELLE H.<\/p>\n<p>Economica<\/p>\n<p>1998-304p<\/p>\n<p>ISBN\u00a0: 2-7178-1520-1<\/p>\n<p>Cote doc\u00a0:8-20-MAH-G<\/p>\n<p><strong><em>Uniquement \u00e0 la location<\/em><\/strong><\/p>\n<span class=\"et_bloom_bottom_trigger\"><\/span>","protected":false},"excerpt":{"rendered":"<p>Cet ouvrage propose une r\u00e9flexion et des outils pour am\u00e9liorer la gestion des ressources humaines dans les petites et les moyennes entreprises confront\u00e9es aux nouveaux d\u00e9fis de la comp\u00e9titivit\u00e9.<\/p>\n","protected":false},"featured_media":1486,"comment_status":"closed","ping_status":"closed","template":"","meta":{"_et_pb_use_builder":"","_et_pb_old_content":"","_et_gb_content_width":"","spay_email":""},"class_list":["post-1484","product","type-product","status-publish","has-post-thumbnail","hentry","product_cat-livres","product_tag-entreprise","product_tag-france","product_tag-gestion","product_tag-personnel","product_tag-politique-de-lemploi","product_tag-ressources-humaines"],"jetpack_sharing_enabled":true,"jetpack_likes_enabled":true,"_links":{"self":[{"href":"https:\/\/www.parthages.be\/eboutique\/wp-json\/wp\/v2\/product\/1484","targetHints":{"allow":["GET"]}}],"collection":[{"href":"https:\/\/www.parthages.be\/eboutique\/wp-json\/wp\/v2\/product"}],"about":[{"href":"https:\/\/www.parthages.be\/eboutique\/wp-json\/wp\/v2\/types\/product"}],"replies":[{"embeddable":true,"href":"https:\/\/www.parthages.be\/eboutique\/wp-json\/wp\/v2\/comments?post=1484"}],"wp:featuredmedia":[{"embeddable":true,"href":"https:\/\/www.parthages.be\/eboutique\/wp-json\/wp\/v2\/media\/1486"}],"wp:attachment":[{"href":"https:\/\/www.parthages.be\/eboutique\/wp-json\/wp\/v2\/media?parent=1484"}],"curies":[{"name":"wp","href":"https:\/\/api.w.org\/{rel}","templated":true}]}}