{"id":1492,"date":"2021-08-09T09:56:06","date_gmt":"2021-08-09T07:56:06","guid":{"rendered":"https:\/\/www.parthages.be\/eboutique\/?post_type=product&#038;p=1492"},"modified":"2021-08-09T09:56:07","modified_gmt":"2021-08-09T07:56:07","slug":"les-risques-du-manager","status":"publish","type":"product","link":"https:\/\/www.parthages.be\/eboutique\/produit\/les-risques-du-manager\/","title":{"rendered":"Les risques du manager"},"content":{"rendered":"<p>Le manager exerce une fonction d&rsquo;encadrement et de dynamisation dans un syst\u00e8me complexe : celui d&rsquo;une entreprise g\u00e9n\u00e9ralement soumise \u00e0 une multitude de contraintes et d&rsquo;interf\u00e9rences. En th\u00e9orie, il est suppos\u00e9 ma\u00eetriser l&rsquo;ensemble des enjeux, des principes de fonctionnement et des leviers humains. Souvent, son r\u00f4le est magnifi\u00e9, par\u00e9 sinon de toutes les vertus du moins de tous les attributs le rendant \u00e0 la fois \u00ab important \u00bb et enviable.<\/p>\n<p>En pratique, le manager, dans sa fonction centrale de pilotage, est confront\u00e9 \u00e0 de nombreux risques, de toutes natures : risques \u00ab externes \u00bb &#8211; clients, fournisseurs, turbulences conjoncturelles. -, mais aussi \u00ab internes \u00bb &#8211; \u00e9quipe, propri\u00e9taires de l&rsquo;entreprise, repr\u00e9sentants du personnel. Sa situation n&rsquo;a donc rien d&rsquo;une sin\u00e9cure, et c&rsquo;est donc \u00e0 lui qu&rsquo;il appartient de prendre toutes les assurances. Fruit d&rsquo;exp\u00e9riences v\u00e9cues, illustr\u00e9 de nombreux t\u00e9moignages et \u00e9maill\u00e9 de conseils judicieux, voici le vade-mecum du manager averti. (Pr\u00e9sentation de l\u2019\u00e9diteur)<\/p>\n<p>KIBARIAN A.- THIOLLET J. P.<\/p>\n<p>Vuibert<\/p>\n<p>2008-158p.<\/p>\n<p>ISBN\u00a0: 978-2-7117-8734-0<\/p>\n<p>Cote doc\u00a0: 8-20-KIB-R<\/p>\n<p><strong><em>Uniquement \u00e0 la location<\/em><\/strong><\/p>\n<span class=\"et_bloom_bottom_trigger\"><\/span>","protected":false},"excerpt":{"rendered":"<p>Le manager exerce une fonction d&rsquo;encadrement et de dynamisation dans un syst\u00e8me complexe : celui d&rsquo;une entreprise g\u00e9n\u00e9ralement soumise \u00e0 une multitude de contraintes et d&rsquo;interf\u00e9rences.<\/p>\n","protected":false},"featured_media":1493,"comment_status":"closed","ping_status":"closed","template":"","meta":{"_et_pb_use_builder":"","_et_pb_old_content":"","_et_gb_content_width":"","spay_email":""},"class_list":["post-1492","product","type-product","status-publish","has-post-thumbnail","hentry","product_cat-livres","product_tag-emploi","product_tag-employeur","product_tag-gestion","product_tag-management","product_tag-methode","product_tag-outil-pedagogique","product_tag-risque","product_tag-secteur-marchand","product_tag-secteur-non-marchand","product_tag-temoignage"],"jetpack_sharing_enabled":true,"jetpack_likes_enabled":true,"_links":{"self":[{"href":"https:\/\/www.parthages.be\/eboutique\/wp-json\/wp\/v2\/product\/1492","targetHints":{"allow":["GET"]}}],"collection":[{"href":"https:\/\/www.parthages.be\/eboutique\/wp-json\/wp\/v2\/product"}],"about":[{"href":"https:\/\/www.parthages.be\/eboutique\/wp-json\/wp\/v2\/types\/product"}],"replies":[{"embeddable":true,"href":"https:\/\/www.parthages.be\/eboutique\/wp-json\/wp\/v2\/comments?post=1492"}],"wp:featuredmedia":[{"embeddable":true,"href":"https:\/\/www.parthages.be\/eboutique\/wp-json\/wp\/v2\/media\/1493"}],"wp:attachment":[{"href":"https:\/\/www.parthages.be\/eboutique\/wp-json\/wp\/v2\/media?parent=1492"}],"curies":[{"name":"wp","href":"https:\/\/api.w.org\/{rel}","templated":true}]}}