{"id":1501,"date":"2021-08-09T10:06:39","date_gmt":"2021-08-09T08:06:39","guid":{"rendered":"https:\/\/www.parthages.be\/eboutique\/?post_type=product&#038;p=1501"},"modified":"2021-08-09T10:06:40","modified_gmt":"2021-08-09T08:06:40","slug":"conduire-un-projet-dans-les-services","status":"publish","type":"product","link":"https:\/\/www.parthages.be\/eboutique\/produit\/conduire-un-projet-dans-les-services\/","title":{"rendered":"Conduire un projet dans les services"},"content":{"rendered":"<p>75 fiches \u00e0 l&rsquo;usage des responsables de projet<\/p>\n<p>Depuis une dizaine d&rsquo;ann\u00e9es, diff\u00e9rents organismes priv\u00e9s et publics tentent de moderniser leurs services par la conduite de projet. Ce nouveau mode de management bouscule la lourdeur des organisations traditionnelles. \u00c0 d\u00e9faut de r\u00e9f\u00e9rents culturels et de bases m\u00e9thodologiques, nombre de projets s&rsquo;essoufflent et des chefs de projet d\u00e9courag\u00e9s r\u00e9int\u00e8grent l&rsquo;organigramme classique.<\/p>\n<p>C&rsquo;est l&rsquo;exp\u00e9rience de missions d&rsquo;assistance \u00e0 la conduite de projet aupr\u00e8s de nombreux organismes priv\u00e9s ou publics qui a permis aux auteurs d&rsquo;\u00e9laborer cet ouvrage. Destin\u00e9 en priorit\u00e9 aux responsables de projet et leurs \u00e9quipes, il est con\u00e7u comme un guide pratique pour les sensibiliser aux facteurs de succ\u00e8s, aux \u00e9cueils \u00e0 \u00e9viter, pour baliser leurs marges de man\u0153uvre et les guider dans la structuration et l&rsquo;animation de leur projet. Avec ses 75 fiches pratiques et ses exemples Conduire un projet dans les services sera l&rsquo;accompagnateur permanent de ceux qui ont \u00e0 lancer ou \u00e0 relancer un projet dans le cadre d&rsquo;une activit\u00e9 de service. (Pr\u00e9sentation de l\u2019\u00e9diteur)<\/p>\n<p>CHAMBON M.- PEROUZE H.<\/p>\n<p>Chronique sociale<\/p>\n<p>2003-232p.-19.60\u20ac<\/p>\n<p>350gr<\/p>\n<p>ISBN\u00a0: 2-85008-489-1<\/p>\n<p>Cote doc\u00a0: 8-20-CHA-C<\/p>\n<span class=\"et_bloom_bottom_trigger\"><\/span>","protected":false},"excerpt":{"rendered":"<p>Depuis une dizaine d&rsquo;ann\u00e9es, diff\u00e9rents organismes priv\u00e9s et publics tentent de moderniser leurs services par la conduite de projet. Ce nouveau mode de management bouscule la lourdeur des organisations traditionnelles. \u00c0 d\u00e9faut de r\u00e9f\u00e9rents culturels et de bases m\u00e9thodologiques, nombre de projets s&rsquo;essoufflent et des chefs de projet d\u00e9courag\u00e9s r\u00e9int\u00e8grent l&rsquo;organigramme classique.<\/p>\n","protected":false},"featured_media":1502,"comment_status":"closed","ping_status":"closed","template":"","meta":{"_et_pb_use_builder":"","_et_pb_old_content":"","_et_gb_content_width":"","spay_email":""},"class_list":["post-1501","product","type-product","status-publish","has-post-thumbnail","hentry","product_cat-livres","product_tag-activite-de-groupe","product_tag-developpement","product_tag-equipe-de-travail","product_tag-gestion-de-projet"],"jetpack_sharing_enabled":true,"jetpack_likes_enabled":true,"_links":{"self":[{"href":"https:\/\/www.parthages.be\/eboutique\/wp-json\/wp\/v2\/product\/1501","targetHints":{"allow":["GET"]}}],"collection":[{"href":"https:\/\/www.parthages.be\/eboutique\/wp-json\/wp\/v2\/product"}],"about":[{"href":"https:\/\/www.parthages.be\/eboutique\/wp-json\/wp\/v2\/types\/product"}],"replies":[{"embeddable":true,"href":"https:\/\/www.parthages.be\/eboutique\/wp-json\/wp\/v2\/comments?post=1501"}],"wp:featuredmedia":[{"embeddable":true,"href":"https:\/\/www.parthages.be\/eboutique\/wp-json\/wp\/v2\/media\/1502"}],"wp:attachment":[{"href":"https:\/\/www.parthages.be\/eboutique\/wp-json\/wp\/v2\/media?parent=1501"}],"curies":[{"name":"wp","href":"https:\/\/api.w.org\/{rel}","templated":true}]}}