{"id":1503,"date":"2021-08-09T10:08:54","date_gmt":"2021-08-09T08:08:54","guid":{"rendered":"https:\/\/www.parthages.be\/eboutique\/?post_type=product&#038;p=1503"},"modified":"2021-08-09T10:08:55","modified_gmt":"2021-08-09T08:08:55","slug":"gestion-de-projet-40-outils-pour-agir","status":"publish","type":"product","link":"https:\/\/www.parthages.be\/eboutique\/produit\/gestion-de-projet-40-outils-pour-agir\/","title":{"rendered":"Gestion de projet: 40 outils pour agir"},"content":{"rendered":"<p>Construire un ensemble immobilier, concevoir une voiture, lancer un produit sur le march\u00e9, agrandir un entrep\u00f4t de stockage&#8230; tout projet professionnel, quelle que soit sa dimension, n\u00e9cessite que soient ma\u00eetris\u00e9es et structur\u00e9es les phases successives qui le composent : avant-projet, d\u00e9finition, conception, test, communication et bilan. Sans oublier que cette organisation du projet, pour garantir son succ\u00e8s, devra int\u00e9grer trois variables indissociables et essentielles : les co\u00fbts, les d\u00e9lais et les moyens, \u00e9galement appel\u00e9es \u00ab\u00a0le triangle de la performance\u00a0\u00bb.<\/p>\n<p>Que vous soyez client, fournisseur, constructeur ou prestataire de service, si vous devez piloter un projet en tant que ma\u00eetre d&rsquo;ouvrage ou, en tant qu&rsquo;intervenant, y participer, votre but sera toujours de mener \u00e0 bien votre entreprise en limitant les \u00e9cueils.<\/p>\n<p>Pour \u00e9viter les risques inh\u00e9rents \u00e0 des objectifs mal identifi\u00e9s, un cahier des charges incomplet, des d\u00e9lais irr\u00e9alisables, une sous-estimation des charges de travail&#8230; ce livre vous propose de suivre une m\u00e9thodologie rigoureuse s&rsquo;appuyant sur des \u00ab\u00a0livrables\u00a0\u00bb, documents contractuels ou informels qui jalonneront la progression de votre projet. Accompagn\u00e9s d&rsquo;exemples concrets, ces outils ont \u00e9t\u00e9 utilis\u00e9s dans le cadre de projets r\u00e9els. V\u00e9ritables notices d&rsquo;utilisation, ils vous seront d&rsquo;une aide pr\u00e9cieuse pour, \u00e0 tout moment, analyser, anticiper, agir et r\u00e9agir, puis enfin pour valider votre projet. (Pr\u00e9sentation de l\u2019\u00e9diteur)<\/p>\n<p>BOUCHAOUIR F.- DENTINGER Y.- ENGLENDER O.<\/p>\n<p>Vuibert<\/p>\n<p>2006-352p.<\/p>\n<p>ISBN\u00a0: 2-7117-9177-7<\/p>\n<p>Cote doc\u00a0:8-20-BOU-G<\/p>\n<p><strong><em>Uniquement \u00e0 la location<\/em><\/strong><\/p>\n<span class=\"et_bloom_bottom_trigger\"><\/span>","protected":false},"excerpt":{"rendered":"<p>Construire un ensemble immobilier, concevoir une voiture, lancer un produit sur le march\u00e9, agrandir un entrep\u00f4t de stockage&#8230; tout projet professionnel, quelle que soit sa dimension, n\u00e9cessite que soient ma\u00eetris\u00e9es et structur\u00e9es les phases successives qui le composent&#8230;<\/p>\n","protected":false},"featured_media":1485,"comment_status":"closed","ping_status":"closed","template":"","meta":{"_et_pb_use_builder":"","_et_pb_old_content":"","_et_gb_content_width":"","spay_email":""},"class_list":["post-1503","product","type-product","status-publish","has-post-thumbnail","hentry","product_cat-livres","product_tag-cout","product_tag-definition","product_tag-etude","product_tag-faisabilite","product_tag-gestion","product_tag-methodologie","product_tag-outil","product_tag-projet"],"jetpack_sharing_enabled":true,"jetpack_likes_enabled":true,"_links":{"self":[{"href":"https:\/\/www.parthages.be\/eboutique\/wp-json\/wp\/v2\/product\/1503","targetHints":{"allow":["GET"]}}],"collection":[{"href":"https:\/\/www.parthages.be\/eboutique\/wp-json\/wp\/v2\/product"}],"about":[{"href":"https:\/\/www.parthages.be\/eboutique\/wp-json\/wp\/v2\/types\/product"}],"replies":[{"embeddable":true,"href":"https:\/\/www.parthages.be\/eboutique\/wp-json\/wp\/v2\/comments?post=1503"}],"wp:featuredmedia":[{"embeddable":true,"href":"https:\/\/www.parthages.be\/eboutique\/wp-json\/wp\/v2\/media\/1485"}],"wp:attachment":[{"href":"https:\/\/www.parthages.be\/eboutique\/wp-json\/wp\/v2\/media?parent=1503"}],"curies":[{"name":"wp","href":"https:\/\/api.w.org\/{rel}","templated":true}]}}