{"id":1506,"date":"2021-08-09T10:11:10","date_gmt":"2021-08-09T08:11:10","guid":{"rendered":"https:\/\/www.parthages.be\/eboutique\/?post_type=product&#038;p=1506"},"modified":"2021-08-09T10:11:11","modified_gmt":"2021-08-09T08:11:11","slug":"conduire-un-audit-a-visee-participative-etablissements-scolaires-services-associations","status":"publish","type":"product","link":"https:\/\/www.parthages.be\/eboutique\/produit\/conduire-un-audit-a-visee-participative-etablissements-scolaires-services-associations\/","title":{"rendered":"Conduire un audit \u00e0 vis\u00e9e participative : \u00e9tablissements scolaires &#8211; services &#8211; associations"},"content":{"rendered":"<p>Il y a des audits de \u00a0\u00bb d\u00e9graissage \u00ab\u00a0, des audits \u00a0\u00bb coup-de-poing \u00ab\u00a0&#8230; Existent aussi des audits techniquement bien faits&#8230; qui ne produisent aucun effet car faits sans impliquer ni mobiliser les acteurs du syst\u00e8me audit\u00e9.<br \/>\nLa d\u00e9marche d<strong>&lsquo;audit \u00e0 vis\u00e9e participative<\/strong>\u00a0(AVP) pr\u00e9sent\u00e9e ici s&rsquo;inscrit volontairement dans une dynamique d&rsquo;\u00e9volution et de valorisation des personnes et des institutions :<br \/>\n&#8211; en \u00ab\u00a0d\u00e9tournant\u00a0\u00bb l&rsquo;audit vers des processus d&rsquo;\u00e9valuation controversables, en l&rsquo;inscrivant dans des d\u00e9marches citoyennes et instituantes ;<br \/>\n&#8211; par une conduite interactive des proc\u00e9dures ;<br \/>\n&#8211; par des productions o\u00f9 la concertation, le contrat, la coop\u00e9ration tendent \u00e0 une appropriation critique des analyses, du diagnostic et des recommandations.<br \/>\nCet ouvrage constitue un\u00a0<strong>outil de formation<\/strong>\u00a0et un\u00a0<strong>manuel de r\u00e9f\u00e9rence<\/strong>\u00a0pour des responsables d&rsquo;organisations et des consultants. Pour cela, un ensemble de fiches m\u00e9thodologiques pr\u00e9cise ses finalit\u00e9s pour chaque \u00e9tape de la d\u00e9marche, les actions \u00e0 mettre en \u0153uvre, les acteurs impliqu\u00e9s. Cet apport outill\u00e9 est \u00e9tay\u00e9 par un expos\u00e9 des\u00a0<em>fondements th\u00e9oriques<\/em>\u00a0des pratiques d&rsquo;\u00e9valuation et d&rsquo;audit, et est illustr\u00e9 par des\u00a0<em>exemples et analyses de cas.<\/em> (Pr\u00e9sentation de l\u2019\u00e9diteur)<\/p>\n<p>AUBERT-LOTARSKI A.- LECOINTE M.- MA\u00cbS B.- REBINGUET M.- SAINT-JEAN M.<\/p>\n<p>Chronique sociale<\/p>\n<p>2006-160p.-16.30\u20ac<\/p>\n<p>230gr<\/p>\n<p>ISBN\u00a0: 978-2-85008-639-8<\/p>\n<p>Cote doc\u00a0: 8-20-AUB-C<\/p>\n<span class=\"et_bloom_bottom_trigger\"><\/span>","protected":false},"excerpt":{"rendered":"<p>Il y a des audits de \u00a0\u00bb d\u00e9graissage \u00ab\u00a0, des audits \u00a0\u00bb coup-de-poing \u00ab\u00a0&#8230; Existent aussi des audits techniquement bien faits&#8230; qui ne produisent aucun effet car faits sans impliquer ni mobiliser les acteurs du syst\u00e8me audit\u00e9.<\/p>\n","protected":false},"featured_media":1507,"comment_status":"closed","ping_status":"closed","template":"","meta":{"_et_pb_use_builder":"","_et_pb_old_content":"","_et_gb_content_width":"","spay_email":""},"class_list":["post-1506","product","type-product","status-publish","has-post-thumbnail","hentry","product_cat-livres","product_tag-aide","product_tag-analyse-de-cas","product_tag-association","product_tag-evaluation","product_tag-gestion","product_tag-management","product_tag-methodologie","product_tag-objectif-pedagogique","product_tag-secteur-non-marchand"],"jetpack_sharing_enabled":true,"jetpack_likes_enabled":true,"_links":{"self":[{"href":"https:\/\/www.parthages.be\/eboutique\/wp-json\/wp\/v2\/product\/1506","targetHints":{"allow":["GET"]}}],"collection":[{"href":"https:\/\/www.parthages.be\/eboutique\/wp-json\/wp\/v2\/product"}],"about":[{"href":"https:\/\/www.parthages.be\/eboutique\/wp-json\/wp\/v2\/types\/product"}],"replies":[{"embeddable":true,"href":"https:\/\/www.parthages.be\/eboutique\/wp-json\/wp\/v2\/comments?post=1506"}],"wp:featuredmedia":[{"embeddable":true,"href":"https:\/\/www.parthages.be\/eboutique\/wp-json\/wp\/v2\/media\/1507"}],"wp:attachment":[{"href":"https:\/\/www.parthages.be\/eboutique\/wp-json\/wp\/v2\/media?parent=1506"}],"curies":[{"name":"wp","href":"https:\/\/api.w.org\/{rel}","templated":true}]}}