{"id":1510,"date":"2021-08-09T10:21:05","date_gmt":"2021-08-09T08:21:05","guid":{"rendered":"https:\/\/www.parthages.be\/eboutique\/?post_type=product&#038;p=1510"},"modified":"2021-08-09T10:21:05","modified_gmt":"2021-08-09T08:21:05","slug":"vivre-une-relation-daide-manuel-du-benevole","status":"publish","type":"product","link":"https:\/\/www.parthages.be\/eboutique\/produit\/vivre-une-relation-daide-manuel-du-benevole\/","title":{"rendered":"Vivre une relation d&rsquo;aide : manuel du b\u00e9n\u00e9vole"},"content":{"rendered":"<p>Ceci n&rsquo;est pas un livre (un de plus !) sur le b\u00e9n\u00e9volat, mais<strong>\u00a0un livre pour les b\u00e9n\u00e9voles<\/strong>, plus pr\u00e9cis\u00e9ment pour les b\u00e9n\u00e9voles tout ordinaires qui ne liront jamais les ouvrages savants sur la communication ou la relation d&rsquo;aide&#8230; et qui pourtant ont envie de r\u00e9fl\u00e9chir sur ce qu&rsquo;ils font, afin de le faire encore mieux :<\/p>\n<p>&#8211;\u00a0 comment m&rsquo;y prendre pour mieux aider ?<\/p>\n<p>&#8211;\u00a0 mais d&rsquo;abord comment mieux comprendre ceux que j&rsquo;ai \u00e0 aider ?<\/p>\n<p>&#8211;\u00a0 et finalement c&rsquo;est quoi \u00ab\u00a0aider\u00a0\u00bb ? Peut-on vraiment aider ? Jusqu&rsquo;o\u00f9 ?<\/p>\n<p>(Pr\u00e9sentation de l\u2019\u00e9diteur)<\/p>\n<p>PICHAUD C.<\/p>\n<p>Chronique sociale<\/p>\n<p>2008- 192p.-16.20\u20ac<\/p>\n<p>280gr<\/p>\n<p>ISBN\u00a0: 978-2-85008-708-0<\/p>\n<p>Cote doc\u00a0: 8-10-PIC-V<\/p>\n<span class=\"et_bloom_bottom_trigger\"><\/span>","protected":false},"excerpt":{"rendered":"<p>Ceci n&rsquo;est pas un livre (un de plus !) sur le b\u00e9n\u00e9volat, mais<strong>\u00a0un livre pour les b\u00e9n\u00e9voles<\/strong>, plus pr\u00e9cis\u00e9ment pour les b\u00e9n\u00e9voles tout ordinaires qui ne liront jamais les ouvrages savants sur la communication ou la relation d&rsquo;aide&#8230; et qui pourtant ont envie de r\u00e9fl\u00e9chir sur ce qu&rsquo;ils font, afin de le faire encore mieux<\/p>\n","protected":false},"featured_media":1511,"comment_status":"closed","ping_status":"closed","template":"","meta":{"_et_pb_use_builder":"","_et_pb_old_content":"","_et_gb_content_width":"","spay_email":""},"class_list":["post-1510","product","type-product","status-publish","has-post-thumbnail","hentry","product_cat-livres","product_tag-accompagnement","product_tag-association","product_tag-autonomie","product_tag-benevolat","product_tag-besoin","product_tag-echange","product_tag-methode","product_tag-relation-daide"],"jetpack_sharing_enabled":true,"jetpack_likes_enabled":true,"_links":{"self":[{"href":"https:\/\/www.parthages.be\/eboutique\/wp-json\/wp\/v2\/product\/1510","targetHints":{"allow":["GET"]}}],"collection":[{"href":"https:\/\/www.parthages.be\/eboutique\/wp-json\/wp\/v2\/product"}],"about":[{"href":"https:\/\/www.parthages.be\/eboutique\/wp-json\/wp\/v2\/types\/product"}],"replies":[{"embeddable":true,"href":"https:\/\/www.parthages.be\/eboutique\/wp-json\/wp\/v2\/comments?post=1510"}],"wp:featuredmedia":[{"embeddable":true,"href":"https:\/\/www.parthages.be\/eboutique\/wp-json\/wp\/v2\/media\/1511"}],"wp:attachment":[{"href":"https:\/\/www.parthages.be\/eboutique\/wp-json\/wp\/v2\/media?parent=1510"}],"curies":[{"name":"wp","href":"https:\/\/api.w.org\/{rel}","templated":true}]}}