{"id":1514,"date":"2021-08-09T10:23:27","date_gmt":"2021-08-09T08:23:27","guid":{"rendered":"https:\/\/www.parthages.be\/eboutique\/?post_type=product&#038;p=1514"},"modified":"2021-08-09T10:23:28","modified_gmt":"2021-08-09T08:23:28","slug":"voluntary-associations-on-behalf-of-societally-devalued-and-or-handicapped-people","status":"publish","type":"product","link":"https:\/\/www.parthages.be\/eboutique\/produit\/voluntary-associations-on-behalf-of-societally-devalued-and-or-handicapped-people\/","title":{"rendered":"Voluntary associations on behalf of societally devalued and\/or handicapped people"},"content":{"rendered":"<p><strong>(Des associations b\u00e9n\u00e9voles\u00a0 pour le compte des personnes socialement d\u00e9favoris\u00e9es et\/ou handicap\u00e9es)<\/strong><\/p>\n<p><strong><em><u>Document en anglais<\/u><\/em><\/strong><\/p>\n<p>Cette monographie est divis\u00e9e en trois parties principales :<\/p>\n<p>Les associations typiques et leurs fonctions, avec l&rsquo;historique, en partie les relations entre le gouvernement et les associations b\u00e9n\u00e9voles, les et les agences b\u00e9n\u00e9voles et en partie les d\u00e9fis auxquels se trouvent confront\u00e9es les associations dans le futur, particuli\u00e8rement les associations pour les populations tr\u00e8s d\u00e9favoris\u00e9es.<\/p>\n<p>WOLFENSBERGER W.<\/p>\n<p>National institute on mental retardation,Georgia advocacy office<\/p>\n<p>1984-94p.<\/p>\n<p>Cote doc\u00a0: 8-10-WOL-V<\/p>\n<p><strong><em>Uniquement \u00e0 la location<\/em><\/strong><\/p>\n<span class=\"et_bloom_bottom_trigger\"><\/span>","protected":false},"excerpt":{"rendered":"<p>Les associations typiques et leurs fonctions, avec l&rsquo;historique, en partie les relations entre le gouvernement et les associations b\u00e9n\u00e9voles, les et les agences b\u00e9n\u00e9voles et en partie les d\u00e9fis auxquels se trouvent confront\u00e9es les associations dans le futur, particuli\u00e8rement les associations pour les populations tr\u00e8s d\u00e9favoris\u00e9es.<\/p>\n","protected":false},"featured_media":1515,"comment_status":"closed","ping_status":"closed","template":"","meta":{"_et_pb_use_builder":"","_et_pb_old_content":"","_et_gb_content_width":"","spay_email":""},"class_list":["post-1514","product","type-product","status-publish","has-post-thumbnail","hentry","product_cat-livres","product_tag-association","product_tag-benevolat","product_tag-ong","product_tag-pays-industrialise","product_tag-personne-handicapee","product_tag-population-defavorisee","product_tag-relation","product_tag-secteur-public"],"jetpack_sharing_enabled":true,"jetpack_likes_enabled":true,"_links":{"self":[{"href":"https:\/\/www.parthages.be\/eboutique\/wp-json\/wp\/v2\/product\/1514","targetHints":{"allow":["GET"]}}],"collection":[{"href":"https:\/\/www.parthages.be\/eboutique\/wp-json\/wp\/v2\/product"}],"about":[{"href":"https:\/\/www.parthages.be\/eboutique\/wp-json\/wp\/v2\/types\/product"}],"replies":[{"embeddable":true,"href":"https:\/\/www.parthages.be\/eboutique\/wp-json\/wp\/v2\/comments?post=1514"}],"wp:featuredmedia":[{"embeddable":true,"href":"https:\/\/www.parthages.be\/eboutique\/wp-json\/wp\/v2\/media\/1515"}],"wp:attachment":[{"href":"https:\/\/www.parthages.be\/eboutique\/wp-json\/wp\/v2\/media?parent=1514"}],"curies":[{"name":"wp","href":"https:\/\/api.w.org\/{rel}","templated":true}]}}