{"id":1516,"date":"2021-08-09T10:24:44","date_gmt":"2021-08-09T08:24:44","guid":{"rendered":"https:\/\/www.parthages.be\/eboutique\/?post_type=product&#038;p=1516"},"modified":"2021-08-09T10:24:45","modified_gmt":"2021-08-09T08:24:45","slug":"elaborer-un-projet-guide-strategique-de-lintention-a-laction","status":"publish","type":"product","link":"https:\/\/www.parthages.be\/eboutique\/produit\/elaborer-un-projet-guide-strategique-de-lintention-a-laction\/","title":{"rendered":"\u00c9laborer un projet &#8211; guide strat\u00e9gique : de l&rsquo;intention \u00e0 l&rsquo;action"},"content":{"rendered":"<p>Cet ouvrage propose de nombreuses m\u00e9thodes, des outils originaux et op\u00e9rationnels qui permettent\u00a0 de r\u00e9aliser des projets complexes ou de petite taille.<\/p>\n<p>La m\u00e9thode Nopanyck permet \u00e0 l&rsquo;\u00e9quipe de faire des propositions d&rsquo;actions sans pression de conformit\u00e9. C&rsquo;est un outil d&rsquo;aide \u00e0 la d\u00e9cision et \u00e0 la gestion des risques. La d\u00e9marche tr\u00e8s d\u00e9taill\u00e9e et pr\u00e9cise. Elle est utilisable dans son ensemble ou de fa\u00e7on th\u00e9matique car chaque phase peut \u00eatre abord\u00e9e de fa\u00e7on autonome.<\/p>\n<p>Concevoir un projet est devenu une d\u00e9marche vitale pour le devenir de la soci\u00e9t\u00e9. Nous sommes tous concern\u00e9s \u00e0 des degr\u00e9s divers par le projet, il donne du sens \u00e0 nos actes. Il sert de tremplin \u00e0 la conqu\u00eate de demain, il minimise les incertitudes les soucis et les angoisses. Cet ouvrage \u00e9claire comment proc\u00e9der, de fa\u00e7on op\u00e9rationnelle, et cela, dans chacune des phases complexes et diff\u00e9rentes du projet. Il expose d&rsquo;abord la philosophie d&rsquo;ensemble\u00a0 et explique le processus m\u00e9thodologique et les aspects concernant la conception du projet et ensuite son \u00e9volution. Excellent ouvrage bien structur\u00e9 destin\u00e9 aux professionnels et administrateurs b\u00e9n\u00e9voles de la vie associative: socioculturel, politique de la ville, culture, sport, \u00e9ducation sp\u00e9cialis\u00e9e, centre de loisirs. (Pr\u00e9sentation de l\u2019\u00e9diteur)<\/p>\n<p>NOCE T.- PARADOWSKI P.<\/p>\n<p>Chronique sociale<\/p>\n<p>2005-427p.<\/p>\n<p>ISBN\u00a0: 2-85008-578-2<\/p>\n<p>Cote doc\u00a0: 8-10-NOC-E<\/p>\n<p><strong><em>Uniquement \u00e0 la location<\/em><\/strong><\/p>\n<span class=\"et_bloom_bottom_trigger\"><\/span>","protected":false},"excerpt":{"rendered":"<p>Cet ouvrage propose de nombreuses m\u00e9thodes, des outils originaux et op\u00e9rationnels qui permettent\u00a0 de r\u00e9aliser des projets complexes ou de petite taille.<\/p>\n","protected":false},"featured_media":1517,"comment_status":"closed","ping_status":"closed","template":"","meta":{"_et_pb_use_builder":"","_et_pb_old_content":"","_et_gb_content_width":"","spay_email":""},"class_list":["post-1516","product","type-product","status-publish","has-post-thumbnail","hentry","product_cat-livres","product_tag-economie-sociale","product_tag-gestion-de-projet","product_tag-methodologie","product_tag-projet"],"jetpack_sharing_enabled":true,"jetpack_likes_enabled":true,"_links":{"self":[{"href":"https:\/\/www.parthages.be\/eboutique\/wp-json\/wp\/v2\/product\/1516","targetHints":{"allow":["GET"]}}],"collection":[{"href":"https:\/\/www.parthages.be\/eboutique\/wp-json\/wp\/v2\/product"}],"about":[{"href":"https:\/\/www.parthages.be\/eboutique\/wp-json\/wp\/v2\/types\/product"}],"replies":[{"embeddable":true,"href":"https:\/\/www.parthages.be\/eboutique\/wp-json\/wp\/v2\/comments?post=1516"}],"wp:featuredmedia":[{"embeddable":true,"href":"https:\/\/www.parthages.be\/eboutique\/wp-json\/wp\/v2\/media\/1517"}],"wp:attachment":[{"href":"https:\/\/www.parthages.be\/eboutique\/wp-json\/wp\/v2\/media?parent=1516"}],"curies":[{"name":"wp","href":"https:\/\/api.w.org\/{rel}","templated":true}]}}