{"id":152,"date":"2012-09-24T11:37:53","date_gmt":"2012-09-24T09:37:53","guid":{"rendered":"https:\/\/www.parthages.be\/wordpress\/produit\/la-dyslexie-guide-pratique-pour-les-parents-et-les-enseignants\/"},"modified":"2022-05-16T20:53:45","modified_gmt":"2022-05-16T18:53:45","slug":"la-dyslexie-guide-pratique-pour-les-parents-et-les-enseignants","status":"publish","type":"product","link":"https:\/\/www.parthages.be\/eboutique\/produit\/la-dyslexie-guide-pratique-pour-les-parents-et-les-enseignants\/","title":{"rendered":"La dyslexie &#8211; Guide pratique pour les parents et les enseignants"},"content":{"rendered":"<p>La dyslexie est un guide essentiel pour les parents, les enseignants et les intervenants qui souhaitent comprendre les enfants et les adolescents dyslexiques ou ayant des difficult\u00e9s de lecture. Ce livre pr\u00e9sente les r\u00e9sultats des \u00e9tudes les plus r\u00e9centes sur le sujet et foisonne de strat\u00e9gies pratiques, de conseils et de suggestions d\u2019interventions. Les outils qui y sont propos\u00e9s ont \u00e9t\u00e9 con\u00e7us pour am\u00e9liorer les habilet\u00e9s des \u00e9l\u00e8ves de tous \u00e2ges.<\/p>\n<p>Les auteures fournissent des suggestions r\u00e9alistes pour aider les \u00e9l\u00e8ves dyslexiques \u00e0 consolider leurs habilet\u00e9s dans les domaines de la conscience phonologique, de la correspondance graphophon\u00e9tique, du vocabulaire, de l\u2019\u00e9criture, de l\u2019orthographe et des math\u00e9matiques. Elles incluent \u00e9galement de l\u2019information utile sur les adaptations p\u00e9dagogiques possibles pour les \u00e9l\u00e8ves dyslexiques afin d\u2019aider les enseignants et de permettre aux parents d\u2019obtenir le meilleur soutien possible pour leurs enfants. (Pr\u00e9sentation de l\u2019\u00e9diteur)<\/p>\n<p>RIEF S.- STERN J.<\/p>\n<p>Cheneli\u00e8re Education<\/p>\n<p>2011-320p.<\/p>\n<p>445gr<\/p>\n<p>ISBN\u00a0: 978-2-7650-3101-7<\/p>\n<p>Cote doc : 2-20-RIE-D<\/p>\n<span class=\"et_bloom_bottom_trigger\"><\/span>","protected":false},"excerpt":{"rendered":"<p>La dyslexie est un guide essentiel pour les parents, les enseignants et les intervenants qui souhaitent comprendre les enfants et les adolescents dyslexiques ou ayant des difficult\u00e9s de lecture. Ce livre pr\u00e9sente les r\u00e9sultats des \u00e9tudes les plus r\u00e9centes sur le sujet et foisonne de strat\u00e9gies pratiques, de conseils et de suggestions d\u2019interventions. Les outils [&hellip;]<\/p>\n","protected":false},"featured_media":151,"comment_status":"open","ping_status":"closed","template":"","meta":{"_et_pb_use_builder":"","_et_pb_old_content":"","_et_gb_content_width":"","spay_email":""},"class_list":["post-152","product","type-product","status-publish","has-post-thumbnail","hentry","product_cat-livres","product_tag-diagnostic","product_tag-dyslexie","product_tag-intervention-precoce","product_tag-outil","product_tag-pedagogie","product_tag-quebec","product_tag-strategie","product_tag-trouble-de-lapprentissage"],"jetpack_sharing_enabled":true,"jetpack_likes_enabled":true,"_links":{"self":[{"href":"https:\/\/www.parthages.be\/eboutique\/wp-json\/wp\/v2\/product\/152","targetHints":{"allow":["GET"]}}],"collection":[{"href":"https:\/\/www.parthages.be\/eboutique\/wp-json\/wp\/v2\/product"}],"about":[{"href":"https:\/\/www.parthages.be\/eboutique\/wp-json\/wp\/v2\/types\/product"}],"replies":[{"embeddable":true,"href":"https:\/\/www.parthages.be\/eboutique\/wp-json\/wp\/v2\/comments?post=152"}],"wp:featuredmedia":[{"embeddable":true,"href":"https:\/\/www.parthages.be\/eboutique\/wp-json\/wp\/v2\/media\/151"}],"wp:attachment":[{"href":"https:\/\/www.parthages.be\/eboutique\/wp-json\/wp\/v2\/media?parent=152"}],"curies":[{"name":"wp","href":"https:\/\/api.w.org\/{rel}","templated":true}]}}