{"id":1523,"date":"2021-08-09T10:32:23","date_gmt":"2021-08-09T08:32:23","guid":{"rendered":"https:\/\/www.parthages.be\/eboutique\/?post_type=product&#038;p=1523"},"modified":"2021-08-09T10:32:24","modified_gmt":"2021-08-09T08:32:24","slug":"la-comptabilite-des-grandes-asbl","status":"publish","type":"product","link":"https:\/\/www.parthages.be\/eboutique\/produit\/la-comptabilite-des-grandes-asbl\/","title":{"rendered":"La comptabilit\u00e9 des grandes asbl"},"content":{"rendered":"<p>On rencontre encore trop d&rsquo;associations o\u00f9 les obligations comptables sont passivement assum\u00e9es par l&rsquo;assembl\u00e9e g\u00e9n\u00e9rale ou le conseil d&rsquo;administration, sans utilisation efficiente de ces instruments ou m\u00eame parfois sans v\u00e9ritable compr\u00e9hension des \u00e9tats financiers pr\u00e9sent\u00e9s.<\/p>\n<p>Pourtant, chaque association, comme toute entreprise, doit \u00eatre g\u00e9r\u00e9e, et la comptabilit\u00e9 fait partie des instruments de cette gestion : cet aspect de la comptabilit\u00e9 devrait primer sur le simple respect d&rsquo;obligations l\u00e9gales diverses. Il est donc important de disposer d&rsquo;un instrument de gestion, et surtout de l&rsquo;utiliser \u00e0 bon escient et en temps utile.<\/p>\n<p>Pour vous aider dans cette t\u00e2che, ce livre parcourt de mani\u00e8re synth\u00e9tique et surtout pratique la comptabilit\u00e9 des grandes et tr\u00e8s grandes associations, tout en faisant concr\u00e8tement le lien avec la fiscalit\u00e9 et les subventions, branches vitales dans le fonctionnement associatif.<\/p>\n<p>L&rsquo;analyse financi\u00e8re sera \u00e9galement abord\u00e9e dans une vision pratique.<\/p>\n<p>Le livre comprend les textes l\u00e9gaux d&rsquo;application, le plan comptable et les sch\u00e9mas des comptes annuels; il tient compte de la derni\u00e8re modification de la loi du 27 juin 1921 intervenue le 23 mars 2007. (Pr\u00e9sentation de l\u2019\u00e9diteur)<\/p>\n<p>MAILLARD F.<\/p>\n<p>Edipro<\/p>\n<p>2007-266p.<\/p>\n<p>ISBN\u00a0: 978-2-930287-75-1<\/p>\n<p>Cote doc\u00a0: 8-10-MAI-C<\/p>\n<p><strong><em>Uniquement \u00e0 la location<\/em><\/strong><\/p>\n<span class=\"et_bloom_bottom_trigger\"><\/span>","protected":false},"excerpt":{"rendered":"<p>On rencontre encore trop d&rsquo;associations o\u00f9 les obligations comptables sont passivement assum\u00e9es par l&rsquo;assembl\u00e9e g\u00e9n\u00e9rale ou le conseil d&rsquo;administration, sans utilisation efficiente de ces instruments ou m\u00eame parfois sans v\u00e9ritable compr\u00e9hension des \u00e9tats financiers pr\u00e9sent\u00e9s.<\/p>\n","protected":false},"featured_media":1524,"comment_status":"closed","ping_status":"closed","template":"","meta":{"_et_pb_use_builder":"","_et_pb_old_content":"","_et_gb_content_width":"","spay_email":""},"class_list":["post-1523","product","type-product","status-publish","has-post-thumbnail","hentry","product_cat-livres","product_tag-asbl","product_tag-association","product_tag-comptabilite","product_tag-economie-sociale","product_tag-fiscalite","product_tag-gestion","product_tag-legislation","product_tag-secteur-non-marchand","product_tag-subvention"],"jetpack_sharing_enabled":true,"jetpack_likes_enabled":true,"_links":{"self":[{"href":"https:\/\/www.parthages.be\/eboutique\/wp-json\/wp\/v2\/product\/1523","targetHints":{"allow":["GET"]}}],"collection":[{"href":"https:\/\/www.parthages.be\/eboutique\/wp-json\/wp\/v2\/product"}],"about":[{"href":"https:\/\/www.parthages.be\/eboutique\/wp-json\/wp\/v2\/types\/product"}],"replies":[{"embeddable":true,"href":"https:\/\/www.parthages.be\/eboutique\/wp-json\/wp\/v2\/comments?post=1523"}],"wp:featuredmedia":[{"embeddable":true,"href":"https:\/\/www.parthages.be\/eboutique\/wp-json\/wp\/v2\/media\/1524"}],"wp:attachment":[{"href":"https:\/\/www.parthages.be\/eboutique\/wp-json\/wp\/v2\/media?parent=1523"}],"curies":[{"name":"wp","href":"https:\/\/api.w.org\/{rel}","templated":true}]}}