{"id":1538,"date":"2021-08-09T10:47:27","date_gmt":"2021-08-09T08:47:27","guid":{"rendered":"https:\/\/www.parthages.be\/eboutique\/?post_type=product&#038;p=1538"},"modified":"2021-08-09T10:47:28","modified_gmt":"2021-08-09T08:47:28","slug":"preparer-sa-vieillesse-un-guide-pour-la-deuxieme-moitie-de-la-vie","status":"publish","type":"product","link":"https:\/\/www.parthages.be\/eboutique\/produit\/preparer-sa-vieillesse-un-guide-pour-la-deuxieme-moitie-de-la-vie\/","title":{"rendered":"Pr\u00e9parer sa vieillesse : un guide pour la deuxi\u00e8me moiti\u00e9 de la vie"},"content":{"rendered":"<p>A une \u00e9poque o\u00f9 l&rsquo;esp\u00e9rance de vie ne fait qu&rsquo;augmenter, l&rsquo;homme moderne a plus que jamais besoin de comprendre les transformations qui accompagnent le vieillissement.<\/p>\n<p>Comme l&rsquo;enfant et l&rsquo;adolescent, l&rsquo;homme \u00e2g\u00e9 passe par des m\u00e9tamorphoses tant corporelles que psychiques et spirituelles qu&rsquo;il importe d&rsquo;abord de conna\u00eetre.<\/p>\n<p>Volker Fintelmann met ici en lumi\u00e8re les lois profondes de ce d\u00e9veloppement. Son livre peut aider chacun \u00e0 appr\u00e9hender avec confiance ces phases de la vie o\u00f9 la perte de certaines facult\u00e9s s&rsquo;accompagne de nouvelles possibilit\u00e9s d&rsquo;\u00e9volution.<\/p>\n<p>Il aborde de fa\u00e7on ouverte, et sans d\u00e9tour, toutes les questions qui se posent face \u00e0 l&rsquo;\u00e2ge et \u00e0 la fin de vie. (Pr\u00e9sentation de l\u2019\u00e9diteur)<\/p>\n<p>FINTELMANN V.- CHARRIERE A.<\/p>\n<p>Aethera<\/p>\n<p>2006-310p.-23\u20ac<\/p>\n<p>535gr<\/p>\n<p>ISBN\u00a0: 2-915804-09-5<\/p>\n<p>Cote doc\u00a0: 7-50-FIN-P<\/p>\n<span class=\"et_bloom_bottom_trigger\"><\/span>","protected":false},"excerpt":{"rendered":"<p>A une \u00e9poque o\u00f9 l&rsquo;esp\u00e9rance de vie ne fait qu&rsquo;augmenter, l&rsquo;homme moderne a plus que jamais besoin de comprendre les transformations qui accompagnent le vieillissement.<\/p>\n","protected":false},"featured_media":1539,"comment_status":"closed","ping_status":"closed","template":"","meta":{"_et_pb_use_builder":"","_et_pb_old_content":"","_et_gb_content_width":"","spay_email":""},"class_list":["post-1538","product","type-product","status-publish","has-post-thumbnail","hentry","product_cat-livres","product_tag-changement","product_tag-handicap","product_tag-maladie","product_tag-mort","product_tag-physiologie","product_tag-prise-en-charge","product_tag-pronostic","product_tag-psychisme","product_tag-retraite","product_tag-temoignage","product_tag-vieillissement"],"jetpack_sharing_enabled":true,"jetpack_likes_enabled":true,"_links":{"self":[{"href":"https:\/\/www.parthages.be\/eboutique\/wp-json\/wp\/v2\/product\/1538","targetHints":{"allow":["GET"]}}],"collection":[{"href":"https:\/\/www.parthages.be\/eboutique\/wp-json\/wp\/v2\/product"}],"about":[{"href":"https:\/\/www.parthages.be\/eboutique\/wp-json\/wp\/v2\/types\/product"}],"replies":[{"embeddable":true,"href":"https:\/\/www.parthages.be\/eboutique\/wp-json\/wp\/v2\/comments?post=1538"}],"wp:featuredmedia":[{"embeddable":true,"href":"https:\/\/www.parthages.be\/eboutique\/wp-json\/wp\/v2\/media\/1539"}],"wp:attachment":[{"href":"https:\/\/www.parthages.be\/eboutique\/wp-json\/wp\/v2\/media?parent=1538"}],"curies":[{"name":"wp","href":"https:\/\/api.w.org\/{rel}","templated":true}]}}