{"id":154,"date":"2012-09-24T11:37:53","date_gmt":"2012-09-24T09:37:53","guid":{"rendered":"https:\/\/www.parthages.be\/wordpress\/produit\/la-dyspraxie-une-approche-clinique-et-pratique\/"},"modified":"2022-05-16T20:55:04","modified_gmt":"2022-05-16T18:55:04","slug":"la-dyspraxie-une-approche-clinique-et-pratique","status":"publish","type":"product","link":"https:\/\/www.parthages.be\/eboutique\/produit\/la-dyspraxie-une-approche-clinique-et-pratique\/","title":{"rendered":"La dyspraxie, une approche clinique et pratique"},"content":{"rendered":"<p>La dyspraxie est un trouble neurologique qui provoque des difficult\u00e9s dans la planification et l&rsquo;ex\u00e9cution des s\u00e9quences de mouvements. Pour l&rsquo;enfant dyspraxique, l&rsquo;apprentissage des gestes et des actions de la vie de tous les jours repr\u00e9sente donc souvent un d\u00e9fi \u00e9norme.<\/p>\n<p>En s&rsquo;appuyant sur la litt\u00e9rature issue de la neurop\u00e9diatrie, la p\u00e9dopsychiatrie, la psychomotricit\u00e9, la r\u00e9adaptation et l&rsquo;intervention en milieu scolaire, les sciences neurocognitives, la psychologie et la neuropsychologie, il propose des outils d&rsquo;\u00e9valuation simples permettant aux intervenants de premi\u00e8re ligne de diagnostiquer et d&rsquo;orienter les jeunes dyspraxiques. Il d\u00e9crit aussi les diff\u00e9rentes \u00e9tapes de leur prise en charge.<\/p>\n<p>Gr\u00e2ce \u00e0 une approche simple et \u00e0 des exemples cliniques tr\u00e8s repr\u00e9sentatifs, cet ouvrage d\u00e9finit la dyspraxie et ses caract\u00e9ristiques, rendant accessible une pathologie que plusieurs croyaient encore r\u00e9serv\u00e9e aux domaines de la neurologie ou de la r\u00e9adaptation. (Pr\u00e9sentation de l\u2019\u00e9diteur)<\/p>\n<p>PANNETIER E.<\/p>\n<p>CHU Sainte-Justine<\/p>\n<p>2007-128p<\/p>\n<p>165gr<\/p>\n<p>ISBN\u00a0: 978-2-89619-079-9<\/p>\n<p>Cote doc : 2-20-PAN-D<\/p>\n<span class=\"et_bloom_bottom_trigger\"><\/span>","protected":false},"excerpt":{"rendered":"<p>La dyspraxie est un trouble neurologique qui provoque des difficult\u00e9s dans la planification et l&rsquo;ex\u00e9cution des s\u00e9quences de mouvements. Pour l&rsquo;enfant dyspraxique, l&rsquo;apprentissage des gestes et des actions de la vie de tous les jours repr\u00e9sente donc souvent un d\u00e9fi \u00e9norme. En s&rsquo;appuyant sur la litt\u00e9rature issue de la neurop\u00e9diatrie, la p\u00e9dopsychiatrie, la psychomotricit\u00e9, la [&hellip;]<\/p>\n","protected":false},"featured_media":153,"comment_status":"open","ping_status":"closed","template":"","meta":{"_et_pb_use_builder":"","_et_pb_old_content":"","_et_gb_content_width":"","spay_email":""},"class_list":["post-154","product","type-product","status-publish","has-post-thumbnail","hentry","product_cat-livres","product_tag-approche-globale","product_tag-diagnostic","product_tag-dyspraxie","product_tag-outil-devaluation","product_tag-prise-en-charge","product_tag-readaptation","product_tag-trouble-de-lapprentissage","product_tag-trouble-neurologique"],"jetpack_sharing_enabled":true,"jetpack_likes_enabled":true,"_links":{"self":[{"href":"https:\/\/www.parthages.be\/eboutique\/wp-json\/wp\/v2\/product\/154","targetHints":{"allow":["GET"]}}],"collection":[{"href":"https:\/\/www.parthages.be\/eboutique\/wp-json\/wp\/v2\/product"}],"about":[{"href":"https:\/\/www.parthages.be\/eboutique\/wp-json\/wp\/v2\/types\/product"}],"replies":[{"embeddable":true,"href":"https:\/\/www.parthages.be\/eboutique\/wp-json\/wp\/v2\/comments?post=154"}],"wp:featuredmedia":[{"embeddable":true,"href":"https:\/\/www.parthages.be\/eboutique\/wp-json\/wp\/v2\/media\/153"}],"wp:attachment":[{"href":"https:\/\/www.parthages.be\/eboutique\/wp-json\/wp\/v2\/media?parent=154"}],"curies":[{"name":"wp","href":"https:\/\/api.w.org\/{rel}","templated":true}]}}