{"id":1545,"date":"2021-08-17T10:16:59","date_gmt":"2021-08-17T08:16:59","guid":{"rendered":"https:\/\/www.parthages.be\/eboutique\/?post_type=product&#038;p=1545"},"modified":"2022-02-18T10:32:05","modified_gmt":"2022-02-18T09:32:05","slug":"parents-et-professionnels-face-au-devoilement-du-handicap","status":"publish","type":"product","link":"https:\/\/www.parthages.be\/eboutique\/produit\/parents-et-professionnels-face-au-devoilement-du-handicap\/","title":{"rendered":"Parents et professionnels face au d\u00e9voilement du handicap"},"content":{"rendered":"<p>Plus qu&rsquo;il ne s&rsquo;annonce, le handicap se d\u00e9voile tout au long d&rsquo;un processus diagnostique qui exige des soignants une grande humanit\u00e9 et qui confronte les parents \u00e0 une succession de v\u00e9rit\u00e9s traumatiques.<\/p>\n<p>Le handicap se d\u00e9voile ainsi au fil de propos et de pratiques qui privent les parents de p\u00f4les de certitude leur permettant de comprendre l&rsquo;\u00e9v\u00e9nement et les obligent \u00e0 une invention permanente d&rsquo;eux-m\u00eames. Le handicap se d\u00e9voile aussi au gr\u00e9 des attitudes, des gestes et des regards qui r\u00e9duisent les parents \u00e0 la d\u00e9ficience de leur enfant et attirent l&rsquo;attention sur cette faille honteuse dans leur identit\u00e9. Il se d\u00e9voile enfin \u00e0 travers les multiples formes de servitude que leur impose l&rsquo;absence de soutien ou\/et le manque de respectabilit\u00e9 et d&rsquo;estime sociale que leur signifient les carences des modes de prise en charge existants Ils s&rsquo;en trouvent priv\u00e9s de la confiance en soi et du respect de soi qui fondent l&rsquo;\u00eatre en soci\u00e9t\u00e9 et la citoyennet\u00e9. (Pr\u00e9sentation de l&rsquo;\u00e9diteur)<strong><br \/>\n<\/strong><\/p>\n<p>EBERSOLD S.<\/p>\n<p>Editions \u00c9r\u00e8s<\/p>\n<p>2007 -192p. -23,50\u20ac<\/p>\n<p>310g<\/p>\n<p>ISBN 978-2-7492-0694-3<\/p>\n<p>Cote doc: 7-40-EBE-P<\/p>\n<span class=\"et_bloom_bottom_trigger\"><\/span>","protected":false},"excerpt":{"rendered":"<p>Plus qu&rsquo;il ne s&rsquo;annonce, le handicap se d\u00e9voile tout au long d&rsquo;un processus diagnostique qui exige des soignants une grande humanit\u00e9 et qui confronte les parents \u00e0 une succession de v\u00e9rit\u00e9s traumatiques.<\/p>\n","protected":false},"featured_media":1546,"comment_status":"closed","ping_status":"closed","template":"","meta":{"_et_pb_use_builder":"","_et_pb_old_content":"","_et_gb_content_width":"","spay_email":""},"class_list":["post-1545","product","type-product","status-publish","has-post-thumbnail","hentry","product_cat-livres","product_cat-livres-jeunesse","product_tag-acceptation","product_tag-accompagnement","product_tag-adulte","product_tag-annonce-du-handicap","product_tag-communication","product_tag-enfant","product_tag-parent","product_tag-relation-parent-intervenant"],"jetpack_sharing_enabled":true,"jetpack_likes_enabled":true,"_links":{"self":[{"href":"https:\/\/www.parthages.be\/eboutique\/wp-json\/wp\/v2\/product\/1545","targetHints":{"allow":["GET"]}}],"collection":[{"href":"https:\/\/www.parthages.be\/eboutique\/wp-json\/wp\/v2\/product"}],"about":[{"href":"https:\/\/www.parthages.be\/eboutique\/wp-json\/wp\/v2\/types\/product"}],"replies":[{"embeddable":true,"href":"https:\/\/www.parthages.be\/eboutique\/wp-json\/wp\/v2\/comments?post=1545"}],"wp:featuredmedia":[{"embeddable":true,"href":"https:\/\/www.parthages.be\/eboutique\/wp-json\/wp\/v2\/media\/1546"}],"wp:attachment":[{"href":"https:\/\/www.parthages.be\/eboutique\/wp-json\/wp\/v2\/media?parent=1545"}],"curies":[{"name":"wp","href":"https:\/\/api.w.org\/{rel}","templated":true}]}}