{"id":156,"date":"2012-09-24T11:37:53","date_gmt":"2012-09-24T09:37:53","guid":{"rendered":"https:\/\/www.parthages.be\/wordpress\/produit\/les-enfants-difficiles-3-8-ans\/"},"modified":"2022-07-26T09:14:16","modified_gmt":"2022-07-26T07:14:16","slug":"les-enfants-difficiles-3-8-ans","status":"publish","type":"product","link":"https:\/\/www.parthages.be\/eboutique\/produit\/les-enfants-difficiles-3-8-ans\/","title":{"rendered":"Les enfants difficiles (3-8 ans)"},"content":{"rendered":"<p>Les comportements d\u2019agitation, d\u2019agressivit\u00e9, d\u2019opposition et de provocation ne sont pas rares chez les jeunes enfants. Lorsque leur fr\u00e9quence ou leur intensit\u00e9 d\u00e9passe un certain seuil, ces enfants qualifi\u00e9s de difficiles posent question tant \u00e0 leurs parents qu\u2019\u00e0 leurs enseignants et \u00e9ducateurs. Comment faire pour \u00e9valuer les enfants pr\u00e9cocement ? Comment identifier ceux pour qui une intervention s\u2019impose ? Ces troubles du comportement tendent-ils \u00e0 perdurer ? Quels sont les facteurs de risque associ\u00e9s \u00e0 ces difficult\u00e9s ? Comment agir sur les troubles eux-m\u00eames et comment pr\u00e9venir l\u2019apparition de troubles secondaires ? Cet ouvrage est le fruit d\u2019une \u00e9troite collaboration entre chercheurs et cliniciens confront\u00e9s \u00e0 ces enfants et \u00e0 la souffrance de leurs proches. Pour aborder ces questions et y apporter des r\u00e9ponses, les auteurs s\u2019appuient sur un vaste programme de recherche auquel des centaines d\u2019enfants et de familles ont particip\u00e9. Trois annexes compl\u00e8tent leur travail : une liste de jeux, une liste de livres \u00e0 utiliser en s\u00e9ance avec les enfants et enfin un lexique des termes sp\u00e9cialis\u00e9s.<\/p>\n<p>Public cible : l\u2019ouvrage s\u2019adresse en priorit\u00e9 aux professionnels qui \u0153uvrent quotidiennement aupr\u00e8s de ces enfants difficiles, de leurs parents et de leur fratrie : les cliniciens, les \u00e9ducateurs et les enseignants principalement. (Pr\u00e9sentation de l\u2019\u00e9diteur)<\/p>\n<p>ROSKAM I.<\/p>\n<p>Editions Mardaga<\/p>\n<p>2011-288p.-455gr<\/p>\n<p>ISBN: 978-2-8047009-73<\/p>\n<p>Cote doc: 1-30-ROS-E<\/p>\n<span class=\"et_bloom_bottom_trigger\"><\/span>","protected":false},"excerpt":{"rendered":"<p>Les comportements d\u2019agitation, d\u2019agressivit\u00e9, d\u2019opposition et de provocation ne sont pas rares chez les jeunes enfants.<\/p>\n","protected":false},"featured_media":155,"comment_status":"open","ping_status":"closed","template":"","meta":{"_et_pb_use_builder":"","_et_pb_old_content":"","_et_gb_content_width":"","spay_email":""},"class_list":["post-156","product","type-product","status-publish","has-post-thumbnail","hentry","product_cat-livres","product_tag-diagnostic","product_tag-enfant","product_tag-evaluation","product_tag-intervention","product_tag-methodologie","product_tag-outil","product_tag-trouble-du-comportement"],"jetpack_sharing_enabled":true,"jetpack_likes_enabled":true,"_links":{"self":[{"href":"https:\/\/www.parthages.be\/eboutique\/wp-json\/wp\/v2\/product\/156","targetHints":{"allow":["GET"]}}],"collection":[{"href":"https:\/\/www.parthages.be\/eboutique\/wp-json\/wp\/v2\/product"}],"about":[{"href":"https:\/\/www.parthages.be\/eboutique\/wp-json\/wp\/v2\/types\/product"}],"replies":[{"embeddable":true,"href":"https:\/\/www.parthages.be\/eboutique\/wp-json\/wp\/v2\/comments?post=156"}],"wp:featuredmedia":[{"embeddable":true,"href":"https:\/\/www.parthages.be\/eboutique\/wp-json\/wp\/v2\/media\/155"}],"wp:attachment":[{"href":"https:\/\/www.parthages.be\/eboutique\/wp-json\/wp\/v2\/media?parent=156"}],"curies":[{"name":"wp","href":"https:\/\/api.w.org\/{rel}","templated":true}]}}