{"id":1568,"date":"2021-08-17T10:47:46","date_gmt":"2021-08-17T08:47:46","guid":{"rendered":"https:\/\/www.parthages.be\/eboutique\/?post_type=product&#038;p=1568"},"modified":"2021-08-18T10:30:27","modified_gmt":"2021-08-18T08:30:27","slug":"approches-interculturelles-en-deficience-mentale-lafrique-leurope-le-quebec-t1","status":"publish","type":"product","link":"https:\/\/www.parthages.be\/eboutique\/produit\/approches-interculturelles-en-deficience-mentale-lafrique-leurope-le-quebec-t1\/","title":{"rendered":"Approches interculturelles en d\u00e9ficience mentale : l&rsquo;Afrique l&rsquo;Europe le Qu\u00e9bec T1"},"content":{"rendered":"<p>Cet ouvrage reprend les diff\u00e9rents th\u00e8mes abord\u00e9s lors du 5\u00e8me congr\u00e8s de l&rsquo;Association Internationale de Recherche scientifique en faveur des personnes Handicap\u00e9es Mentales(AIRHM) \u00e0 Dakar en 1996 : les diff\u00e9rences culturelles en mati\u00e8re de repr\u00e9sentations des th\u00e9rapeutiques appliqu\u00e9es dans les champs de la p\u00e9dopsychiatrie d&rsquo;une part, de la d\u00e9ficience mentale d&rsquo;autre part.<\/p>\n<p>MERCIER M.- IONESCU S.- SALBREUX R.<\/p>\n<p>Presses universitaires de Namur<\/p>\n<p>1999-384p.-22.50\u20ac<\/p>\n<p>640gr<\/p>\n<p>ISBN\u00a0: 2-87037-282-5<\/p>\n<p>Cote doc\u00a0: 7-20-MER-A<\/p>\n<span class=\"et_bloom_bottom_trigger\"><\/span>","protected":false},"excerpt":{"rendered":"<p>Cet ouvrage reprend les diff\u00e9rents th\u00e8mes abord\u00e9s lors du 5\u00e8me congr\u00e8s de l&rsquo;Association Internationale de Recherche scientifique en faveur des personnes Handicap\u00e9es Mentales(AIRHM) \u00e0 Dakar en 1996 : les diff\u00e9rences culturelles en mati\u00e8re de repr\u00e9sentations des th\u00e9rapeutiques appliqu\u00e9es dans les champs de la p\u00e9dopsychiatrie d&rsquo;une part, de la d\u00e9ficience mentale d&rsquo;autre part.<\/p>\n","protected":false},"featured_media":1600,"comment_status":"closed","ping_status":"closed","template":"","meta":{"_et_pb_use_builder":"","_et_pb_old_content":"","_et_gb_content_width":"","spay_email":""},"class_list":["post-1568","product","type-product","status-publish","has-post-thumbnail","hentry","product_cat-livres","product_tag-afrique","product_tag-aspect-interculturel","product_tag-deficience-intellectuelle","product_tag-enfance","product_tag-europe","product_tag-famille","product_tag-pedopsychiatrie","product_tag-personne-handicapee","product_tag-quebec","product_tag-senegal","product_tag-souffrance"],"jetpack_sharing_enabled":true,"jetpack_likes_enabled":true,"_links":{"self":[{"href":"https:\/\/www.parthages.be\/eboutique\/wp-json\/wp\/v2\/product\/1568","targetHints":{"allow":["GET"]}}],"collection":[{"href":"https:\/\/www.parthages.be\/eboutique\/wp-json\/wp\/v2\/product"}],"about":[{"href":"https:\/\/www.parthages.be\/eboutique\/wp-json\/wp\/v2\/types\/product"}],"replies":[{"embeddable":true,"href":"https:\/\/www.parthages.be\/eboutique\/wp-json\/wp\/v2\/comments?post=1568"}],"wp:featuredmedia":[{"embeddable":true,"href":"https:\/\/www.parthages.be\/eboutique\/wp-json\/wp\/v2\/media\/1600"}],"wp:attachment":[{"href":"https:\/\/www.parthages.be\/eboutique\/wp-json\/wp\/v2\/media?parent=1568"}],"curies":[{"name":"wp","href":"https:\/\/api.w.org\/{rel}","templated":true}]}}