{"id":1570,"date":"2021-08-17T10:49:06","date_gmt":"2021-08-17T08:49:06","guid":{"rendered":"https:\/\/www.parthages.be\/eboutique\/?post_type=product&#038;p=1570"},"modified":"2021-08-18T10:23:16","modified_gmt":"2021-08-18T08:23:16","slug":"approches-interculturelles-en-sante-mentale-lafrique-leurope-le-quebec-t2","status":"publish","type":"product","link":"https:\/\/www.parthages.be\/eboutique\/produit\/approches-interculturelles-en-sante-mentale-lafrique-leurope-le-quebec-t2\/","title":{"rendered":"Approches interculturelles en sant\u00e9 mentale : l&rsquo;Afrique l&rsquo;Europe le Qu\u00e9bec T2"},"content":{"rendered":"<p>Cet ouvrage fait suite \u00e0 l&rsquo;ouvrage \u00abApproches interculturelles en d\u00e9ficience mentale\u00bb. Ces deux volumes comparent des coutumes africaines et des pratiques occidentales en mati\u00e8re d&rsquo;accompagnement et d&rsquo;intervention th\u00e9rapeutique dans le champ de la p\u00e9dopsychiatrie et de la psychologie.<br \/>\n\u00abApproches interculturelles en sant\u00e9 mentale\u00bb montre les sp\u00e9cificit\u00e9s africaines dans la prise en charge de l&rsquo;enfant malade; des usages auxquels ont recours des gu\u00e9risseurs (tradipraticiens) sont d\u00e9crits ainsi que des pratiques issues ou influenc\u00e9es par la culture occidentale. (Pr\u00e9sentation de l\u2019\u00e9diteur)<\/p>\n<p>GUYE M. &#8211; SECK B.- MERCIER M.- MATTYS M.<\/p>\n<p>Presses universitaires de Namur<\/p>\n<p>2001-376p.-22.50\u20ac<\/p>\n<p>600gr<\/p>\n<p>ISBN\u00a0: 2-87037-348-1<\/p>\n<p>Cote doc\u00a0: 7-20-GUE-A<\/p>\n<span class=\"et_bloom_bottom_trigger\"><\/span>","protected":false},"excerpt":{"rendered":"<p>Cet ouvrage fait suite \u00e0 l&rsquo;ouvrage \u00abApproches interculturelles en d\u00e9ficience mentale\u00bb. Ces deux volumes comparent des coutumes africaines et des pratiques occidentales en mati\u00e8re d&rsquo;accompagnement et d&rsquo;intervention th\u00e9rapeutique dans le champ de la p\u00e9dopsychiatrie et de la psychologie.<\/p>\n","protected":false},"featured_media":1598,"comment_status":"closed","ping_status":"closed","template":"","meta":{"_et_pb_use_builder":"","_et_pb_old_content":"","_et_gb_content_width":"","spay_email":""},"class_list":["post-1570","product","type-product","status-publish","has-post-thumbnail","hentry","product_cat-livres","product_tag-afrique","product_tag-aspect-interculturel","product_tag-deficience-intellectuelle","product_tag-enfant","product_tag-europe","product_tag-integration-sociale","product_tag-intervention","product_tag-personne-handicapee","product_tag-quebec","product_tag-sante-mentale","product_tag-souffrance"],"jetpack_sharing_enabled":true,"jetpack_likes_enabled":true,"_links":{"self":[{"href":"https:\/\/www.parthages.be\/eboutique\/wp-json\/wp\/v2\/product\/1570","targetHints":{"allow":["GET"]}}],"collection":[{"href":"https:\/\/www.parthages.be\/eboutique\/wp-json\/wp\/v2\/product"}],"about":[{"href":"https:\/\/www.parthages.be\/eboutique\/wp-json\/wp\/v2\/types\/product"}],"replies":[{"embeddable":true,"href":"https:\/\/www.parthages.be\/eboutique\/wp-json\/wp\/v2\/comments?post=1570"}],"wp:featuredmedia":[{"embeddable":true,"href":"https:\/\/www.parthages.be\/eboutique\/wp-json\/wp\/v2\/media\/1598"}],"wp:attachment":[{"href":"https:\/\/www.parthages.be\/eboutique\/wp-json\/wp\/v2\/media?parent=1570"}],"curies":[{"name":"wp","href":"https:\/\/api.w.org\/{rel}","templated":true}]}}