{"id":1584,"date":"2021-08-18T09:45:20","date_gmt":"2021-08-18T07:45:20","guid":{"rendered":"https:\/\/www.parthages.be\/eboutique\/?post_type=product&#038;p=1584"},"modified":"2021-08-18T09:45:20","modified_gmt":"2021-08-18T07:45:20","slug":"petit-cahier-dexercices-la-bienveillance-envers-soi-meme","status":"publish","type":"product","link":"https:\/\/www.parthages.be\/eboutique\/produit\/petit-cahier-dexercices-la-bienveillance-envers-soi-meme\/","title":{"rendered":"Petit cahier d&rsquo;exercices : La bienveillance envers soi-m\u00eame"},"content":{"rendered":"<p>Puis-je \u00eatre bienveillant(e) envers moi ?<\/p>\n<p>Que va-t-on penser de moi si je m\u2019occupe de moi ?<\/p>\n<p>Ne va-t-on pas m\u2019en vouloir ?<\/p>\n<p>Ne vais-je pas devenir \u00e9go\u00efste ?<\/p>\n<p>Suis-je assez bienveillant(e) envers les autres ?<\/p>\n<p>N\u2019est-ce pas mieux d\u2019\u00eatre g\u00e9n\u00e9reux (se) et de s\u2019oublier soi-m\u00eame ?<\/p>\n<p>Existe-t-il une forme de \u00ab bon \u00e9go\u00efsme \u00bb ?<\/p>\n<p>Quelle est la limite \u00e0 la bienveillance que je peux m\u2019offrir ?<\/p>\n<p>Il arrive \u00e0 chacun de nous de se poser ces questions sans r\u00e9ellement avoir de r\u00e9ponses claires \u00e0 ce sujet. J\u2019esp\u00e8re que ce petit cahier d\u2019exercices vous aidera \u00e0 en trouver.<\/p>\n<p>Bon vent sur le chemin de la bienveillance envers vous !<\/p>\n<p>Voici un petit cahier d&rsquo;exercices qui vous permettra d&rsquo;apporter vos r\u00e9ponses \u00e0 ces questions importantes pour un bon d\u00e9veloppement de soi-m\u00eame. Ludique, pratique et amusant, ce petit cahier vous emm\u00e8ne sur le chemin d&rsquo;une juste bienveillance pour votre plus grand bien-\u00eatre! Quand vous aurez termin\u00e9 vos exercices vous devez avoir la sensation de bien ou de mieux vous occuper de vous et si vous n&rsquo;y arrivez pas recommencez les !<\/p>\n<p>VAN STAPPEN A.<\/p>\n<p>Editions JOUVENCE<\/p>\n<p>2009 -64p. 125g -6,90\u20ac<\/p>\n<p>ISBN: 978-2-88953-208-7<\/p>\n<p>Cote doc: 3-10-VAN-P<\/p>\n<span class=\"et_bloom_bottom_trigger\"><\/span>","protected":false},"excerpt":{"rendered":"<p>Voici un petit cahier d&rsquo;exercices qui vous permettra d&rsquo;apporter vos r\u00e9ponses \u00e0 ces questions importantes pour un bon d\u00e9veloppement de soi-m\u00eame. Ludique, pratique et amusant, ce petit cahier vous emm\u00e8ne sur le chemin d&rsquo;une juste bienveillance pour votre plus grand bien-\u00eatre! Quand vous aurez termin\u00e9 vos exercices vous devez avoir la sensation de bien ou de mieux vous occuper de vous et si vous n&rsquo;y arrivez pas recommencez les !<\/p>\n","protected":false},"featured_media":1585,"comment_status":"closed","ping_status":"closed","template":"","meta":{"_et_pb_use_builder":"","_et_pb_old_content":"","_et_gb_content_width":"","spay_email":""},"class_list":["post-1584","product","type-product","status-publish","has-post-thumbnail","hentry","product_cat-livres","product_tag-besoin","product_tag-bien-etre","product_tag-comportement","product_tag-estime-de-soi","product_tag-positivisme","product_tag-psychologie","product_tag-strategie"],"jetpack_sharing_enabled":true,"jetpack_likes_enabled":true,"_links":{"self":[{"href":"https:\/\/www.parthages.be\/eboutique\/wp-json\/wp\/v2\/product\/1584","targetHints":{"allow":["GET"]}}],"collection":[{"href":"https:\/\/www.parthages.be\/eboutique\/wp-json\/wp\/v2\/product"}],"about":[{"href":"https:\/\/www.parthages.be\/eboutique\/wp-json\/wp\/v2\/types\/product"}],"replies":[{"embeddable":true,"href":"https:\/\/www.parthages.be\/eboutique\/wp-json\/wp\/v2\/comments?post=1584"}],"wp:featuredmedia":[{"embeddable":true,"href":"https:\/\/www.parthages.be\/eboutique\/wp-json\/wp\/v2\/media\/1585"}],"wp:attachment":[{"href":"https:\/\/www.parthages.be\/eboutique\/wp-json\/wp\/v2\/media?parent=1584"}],"curies":[{"name":"wp","href":"https:\/\/api.w.org\/{rel}","templated":true}]}}