{"id":1589,"date":"2021-08-18T09:52:31","date_gmt":"2021-08-18T07:52:31","guid":{"rendered":"https:\/\/www.parthages.be\/eboutique\/?post_type=product&#038;p=1589"},"modified":"2021-08-18T09:52:32","modified_gmt":"2021-08-18T07:52:32","slug":"petit-cahier-dexercices-pour-vivre-sa-colere-au-positif","status":"publish","type":"product","link":"https:\/\/www.parthages.be\/eboutique\/produit\/petit-cahier-dexercices-pour-vivre-sa-colere-au-positif\/","title":{"rendered":"Petit cahier d\u2019exercices pour vivre sa col\u00e8re au positif"},"content":{"rendered":"<p>La col\u00e8re a mauvaise presse.<\/p>\n<p>On s&rsquo;en m\u00e9fie, car elle est souvent associ\u00e9e \u00e0 la violence et \u00e0 l&rsquo;agressivit\u00e9.<\/p>\n<p>Pourtant, la col\u00e8re a aussi des c\u00f4t\u00e9s positifs : sans elle, difficile de faire respecter ses droits et d&rsquo;amener des changements autour de nous !<\/p>\n<p>Il s&rsquo;agit donc d&rsquo;apprivoiser la col\u00e8re : apprendre \u00e0 se servir de son \u00e9nergie sans succomber \u00e0 la violence.<\/p>\n<p>Et surtout, apprendre \u00e0 d\u00e9samorcer les multiples contrari\u00e9t\u00e9s qui \u00e9maillent le quotidien, \u00e0 rincer notre vie de tous les agacements inutiles qui la minent.<\/p>\n<p>Il est temps d&rsquo;apprendre \u00e0 se r\u00e9concilier avec la col\u00e8re?<\/p>\n<p>Un cahier fut\u00e9 qui, \u00e0 l&rsquo;aide d&rsquo;exercices amusant, permettra de transformer cette \u00e9nergie au positif !<\/p>\n<p>THALMANN Y.-A.<\/p>\n<p>Editions JOUVENCE<\/p>\n<p>2010 \u2013 64p. \u2013 125g -6,90\u20ac<\/p>\n<p>ISBN: 978-2-88911-752-9<\/p>\n<p>Cote doc : 3-10-THA-P3<\/p>\n<span class=\"et_bloom_bottom_trigger\"><\/span>","protected":false},"excerpt":{"rendered":"<p>La col\u00e8re a mauvaise presse. On s&rsquo;en m\u00e9fie, car elle est souvent associ\u00e9e \u00e0 la violence et \u00e0 l&rsquo;agressivit\u00e9.<\/p>\n","protected":false},"featured_media":1590,"comment_status":"closed","ping_status":"closed","template":"","meta":{"_et_pb_use_builder":"","_et_pb_old_content":"","_et_gb_content_width":"","spay_email":""},"class_list":["post-1589","product","type-product","status-publish","has-post-thumbnail","hentry","product_cat-livres","product_tag-agressivite","product_tag-colere","product_tag-emotion","product_tag-energie","product_tag-violence"],"jetpack_sharing_enabled":true,"jetpack_likes_enabled":true,"_links":{"self":[{"href":"https:\/\/www.parthages.be\/eboutique\/wp-json\/wp\/v2\/product\/1589","targetHints":{"allow":["GET"]}}],"collection":[{"href":"https:\/\/www.parthages.be\/eboutique\/wp-json\/wp\/v2\/product"}],"about":[{"href":"https:\/\/www.parthages.be\/eboutique\/wp-json\/wp\/v2\/types\/product"}],"replies":[{"embeddable":true,"href":"https:\/\/www.parthages.be\/eboutique\/wp-json\/wp\/v2\/comments?post=1589"}],"wp:featuredmedia":[{"embeddable":true,"href":"https:\/\/www.parthages.be\/eboutique\/wp-json\/wp\/v2\/media\/1590"}],"wp:attachment":[{"href":"https:\/\/www.parthages.be\/eboutique\/wp-json\/wp\/v2\/media?parent=1589"}],"curies":[{"name":"wp","href":"https:\/\/api.w.org\/{rel}","templated":true}]}}