{"id":1591,"date":"2021-08-18T09:57:34","date_gmt":"2021-08-18T07:57:34","guid":{"rendered":"https:\/\/www.parthages.be\/eboutique\/?post_type=product&#038;p=1591"},"modified":"2021-08-18T09:57:34","modified_gmt":"2021-08-18T07:57:34","slug":"petit-cahier-dexercices-pour-voir-la-vie-en-rose","status":"publish","type":"product","link":"https:\/\/www.parthages.be\/eboutique\/produit\/petit-cahier-dexercices-pour-voir-la-vie-en-rose\/","title":{"rendered":"Petit cahier d&rsquo;exercices pour voir la vie en rose"},"content":{"rendered":"<p>Voir la vie en rose, ce n\u2019est pas la m\u00eame chose que voir la vie \u00e0 l\u2019eau de rose ! De la rose \u00e0 l\u2019eau de rose, il n\u2019y a qu\u2019un pas, mais que nous n\u2019allons pas franchir\u2026<\/p>\n<p>Ce petit cahier d\u2019exercices n\u2019a pas pour but de vous convaincre que tout est formidable, ni de vous gargariser de pens\u00e9es positives.<\/p>\n<p>Voyez-le plut\u00f4t comme un manuel d\u2019optimisme. Il est bas\u00e9 sur les connaissances de la psychologie, notamment de la psychologie positive (appel\u00e9e aussi : science du bonheur). Il offre des moyens concrets et \u00e9prouv\u00e9s de d\u00e9velopper le muscle de l\u2019optimisme.<\/p>\n<p>Bienvenue dans ce petit cahier d\u2019exercices ! Munissez-vous d\u2019un stylo, tournez la page\u2026 et appr\u00eatez-vous \u00e0 devenir durablement plus optimiste !!!<\/p>\n<p>THALMANN Y.-A.<\/p>\n<p>Editions JOUVENCE<\/p>\n<p>2010 \u2013 64p. \u2013 125g -6,90\u20ac<\/p>\n<p>ISBN: 978-2-88353-828-3<\/p>\n<p>Cote doc : 3-10-THA-P2<\/p>\n<span class=\"et_bloom_bottom_trigger\"><\/span>","protected":false},"excerpt":{"rendered":"<p>Voir la vie en rose, ce n\u2019est pas la m\u00eame chose que voir la vie \u00e0 l\u2019eau de rose ! De la rose \u00e0 l\u2019eau de rose, il n\u2019y a qu\u2019un pas, mais que nous n\u2019allons pas franchir\u2026<\/p>\n","protected":false},"featured_media":1592,"comment_status":"closed","ping_status":"closed","template":"","meta":{"_et_pb_use_builder":"","_et_pb_old_content":"","_et_gb_content_width":"","spay_email":""},"class_list":["post-1591","product","type-product","status-publish","has-post-thumbnail","hentry","product_cat-livres","product_tag-bien-etre","product_tag-comportement","product_tag-positivisme","product_tag-psychologie","product_tag-strategie"],"jetpack_sharing_enabled":true,"jetpack_likes_enabled":true,"_links":{"self":[{"href":"https:\/\/www.parthages.be\/eboutique\/wp-json\/wp\/v2\/product\/1591","targetHints":{"allow":["GET"]}}],"collection":[{"href":"https:\/\/www.parthages.be\/eboutique\/wp-json\/wp\/v2\/product"}],"about":[{"href":"https:\/\/www.parthages.be\/eboutique\/wp-json\/wp\/v2\/types\/product"}],"replies":[{"embeddable":true,"href":"https:\/\/www.parthages.be\/eboutique\/wp-json\/wp\/v2\/comments?post=1591"}],"wp:featuredmedia":[{"embeddable":true,"href":"https:\/\/www.parthages.be\/eboutique\/wp-json\/wp\/v2\/media\/1592"}],"wp:attachment":[{"href":"https:\/\/www.parthages.be\/eboutique\/wp-json\/wp\/v2\/media?parent=1591"}],"curies":[{"name":"wp","href":"https:\/\/api.w.org\/{rel}","templated":true}]}}