{"id":1594,"date":"2021-08-18T09:59:06","date_gmt":"2021-08-18T07:59:06","guid":{"rendered":"https:\/\/www.parthages.be\/eboutique\/?post_type=product&#038;p=1594"},"modified":"2021-08-18T09:59:06","modified_gmt":"2021-08-18T07:59:06","slug":"petit-cahier-dexercices-dentrainement-au-bonheur","status":"publish","type":"product","link":"https:\/\/www.parthages.be\/eboutique\/produit\/petit-cahier-dexercices-dentrainement-au-bonheur\/","title":{"rendered":"Petit cahier d\u2019exercices d\u2019entra\u00eenement au bonheur"},"content":{"rendered":"<p>Suffit-il de penser positivement pour que tout aille mieux, pour que le bonheur soit assur\u00e9 ?<\/p>\n<p>Rassurez-vous, ch\u00e8res lectrices, chers lecteurs, ce n\u2019est pas le but de ce cahier. Quoi qu\u2019on en pense, on ne saurait \u00e9chapper \u00e0 la tyrannie de la r\u00e9alit\u00e9 !<\/p>\n<p>Non, le bonheur, ce n\u2019est pas aussi simple\u2026 mais pas forc\u00e9ment compliqu\u00e9.<\/p>\n<p>Car nos amis les scientifiques ont red\u00e9couverts ce que les philosophes et les sages nous r\u00e9p\u00e8tent depuis l\u2019Antiquit\u00e9 :<\/p>\n<p>Le bonheur ne se trouve pas, il se construit et s\u2019entra\u00eene.<\/p>\n<p>Mais, l\u2019\u00e9cole ne donne pas encore de cours de bonheur. Heureusement, il y a des le\u00e7ons de rattrapage !<\/p>\n<p>En particulier le petit cahier d\u2019entra\u00eenement que vous tenez entre les mains.<\/p>\n<p>&nbsp;<\/p>\n<p>THALMANN Y.-A.<\/p>\n<p>Editions JOUVENCE<\/p>\n<p>2009 \u2013 64p. \u2013 125g -6,90\u20ac<\/p>\n<p>ISBN: 978-2-88911-797-0<\/p>\n<p>Cote doc : 3-10-THA-P<\/p>\n<span class=\"et_bloom_bottom_trigger\"><\/span>","protected":false},"excerpt":{"rendered":"<p>Suffit-il de penser positivement pour que tout aille mieux, pour que le bonheur soit assur\u00e9 ?<\/p>\n<p>Rassurez-vous, ch\u00e8res lectrices, chers lecteurs, ce n\u2019est pas le but de ce cahier. Quoi qu\u2019on en pense, on ne saurait \u00e9chapper \u00e0 la tyrannie de la r\u00e9alit\u00e9 !<\/p>\n","protected":false},"featured_media":1595,"comment_status":"closed","ping_status":"closed","template":"","meta":{"_et_pb_use_builder":"","_et_pb_old_content":"","_et_gb_content_width":"","spay_email":""},"class_list":["post-1594","product","type-product","status-publish","has-post-thumbnail","hentry","product_cat-livres","product_tag-bien-etre","product_tag-psychologie","product_tag-test"],"jetpack_sharing_enabled":true,"jetpack_likes_enabled":true,"_links":{"self":[{"href":"https:\/\/www.parthages.be\/eboutique\/wp-json\/wp\/v2\/product\/1594","targetHints":{"allow":["GET"]}}],"collection":[{"href":"https:\/\/www.parthages.be\/eboutique\/wp-json\/wp\/v2\/product"}],"about":[{"href":"https:\/\/www.parthages.be\/eboutique\/wp-json\/wp\/v2\/types\/product"}],"replies":[{"embeddable":true,"href":"https:\/\/www.parthages.be\/eboutique\/wp-json\/wp\/v2\/comments?post=1594"}],"wp:featuredmedia":[{"embeddable":true,"href":"https:\/\/www.parthages.be\/eboutique\/wp-json\/wp\/v2\/media\/1595"}],"wp:attachment":[{"href":"https:\/\/www.parthages.be\/eboutique\/wp-json\/wp\/v2\/media?parent=1594"}],"curies":[{"name":"wp","href":"https:\/\/api.w.org\/{rel}","templated":true}]}}