{"id":160,"date":"2012-09-24T11:37:53","date_gmt":"2012-09-24T09:37:53","guid":{"rendered":"https:\/\/www.parthages.be\/wordpress\/produit\/la-messe-bleue\/"},"modified":"2022-07-26T10:37:51","modified_gmt":"2022-07-26T08:37:51","slug":"la-messe-bleue","status":"publish","type":"product","link":"https:\/\/www.parthages.be\/eboutique\/produit\/la-messe-bleue\/","title":{"rendered":"La messe bleue"},"content":{"rendered":"<p>Le t\u00e9moignage juste et \u00e9mouvant d\u2019un grand-p\u00e8re fou de sa petite-fille atteinte d\u2019une grave maladie.<\/p>\n<p>\u00ab Lola, ma petite fille, est n\u00e9e le 20 janvier 2009, porteuse en son giron de la terrible maladie de Hirschsprung, dont le vocable impronon\u00e7able, vous en conviendrez, m&rsquo;oblige, \u00e0 chaque fois qu&rsquo;il m&rsquo;arrive de l&rsquo;\u00e9crire, \u00e0 r\u00e9fl\u00e9chir \u00e0 l&#8217;emplacement des h, des s, des r, des c. Aujourd&rsquo;hui 26 f\u00e9vrier, elle est \u00e2g\u00e9e de un mois six jours et j&rsquo;ai pris la d\u00e9cision d&rsquo;\u00e9crire le journal de sa premi\u00e8re ann\u00e9e d&rsquo;existence&#8230; \u00bb<\/p>\n<p>Jos\u00e9 Herbert nous livre ici un t\u00e9moignage sinc\u00e8re, tour \u00e0 tour sensible, tendre ou dr\u00f4le et se fait le porte-parole de tous les parents confront\u00e9s \u00e0 la nutrition artificielle, dite parent\u00e9rale, qui touche les enfants atteints de maladie ou malformation digestive.<\/p>\n<p>C&rsquo;est un hymne \u00e0 Lola port\u00e9 par un grand-p\u00e8re d\u00e9bordant d&rsquo;amour pour sa petite fille, un hymne \u00e0 la force de vie qu&rsquo;un enfant porte en lui, ind\u00e9finiment&#8230; \u2013 Pr\u00e9face de Beno\u00eet Decavele, vice-pr\u00e9sident de l&rsquo;association \u00ab La vie par un fil \u00bb.<\/p>\n<p>Un t\u00e9moignage d\u2019espoir et un hommage au corps m\u00e9dical qui fait des miracles (Pr\u00e9sentation de l\u2019\u00e9diteur)<\/p>\n<p>HERBERT J<\/p>\n<p>Editions Atria<\/p>\n<p>2010- 310p<\/p>\n<p>ISBN: 978-2-918078-10-4<\/p>\n<p>Cote doc: 1-20-HEB-M<\/p>\n<p><strong><em>Uniquement \u00e0 la location<\/em><\/strong><\/p>\n<span class=\"et_bloom_bottom_trigger\"><\/span>","protected":false},"excerpt":{"rendered":"<p>Le t\u00e9moignage juste et \u00e9mouvant d\u2019un grand-p\u00e8re fou de sa petite-fille atteinte d\u2019une grave maladie.<\/p>\n","protected":false},"featured_media":159,"comment_status":"open","ping_status":"closed","template":"","meta":{"_et_pb_use_builder":"","_et_pb_old_content":"","_et_gb_content_width":"","spay_email":""},"class_list":["post-160","product","type-product","status-publish","has-post-thumbnail","hentry","product_cat-livres","product_tag-acceptation","product_tag-enfant","product_tag-maladie-gastro-intestinale","product_tag-relation-affective","product_tag-relation-grand-parent-enfant","product_tag-soins-medicaux","product_tag-temoignage"],"jetpack_sharing_enabled":true,"jetpack_likes_enabled":true,"_links":{"self":[{"href":"https:\/\/www.parthages.be\/eboutique\/wp-json\/wp\/v2\/product\/160","targetHints":{"allow":["GET"]}}],"collection":[{"href":"https:\/\/www.parthages.be\/eboutique\/wp-json\/wp\/v2\/product"}],"about":[{"href":"https:\/\/www.parthages.be\/eboutique\/wp-json\/wp\/v2\/types\/product"}],"replies":[{"embeddable":true,"href":"https:\/\/www.parthages.be\/eboutique\/wp-json\/wp\/v2\/comments?post=160"}],"wp:featuredmedia":[{"embeddable":true,"href":"https:\/\/www.parthages.be\/eboutique\/wp-json\/wp\/v2\/media\/159"}],"wp:attachment":[{"href":"https:\/\/www.parthages.be\/eboutique\/wp-json\/wp\/v2\/media?parent=160"}],"curies":[{"name":"wp","href":"https:\/\/api.w.org\/{rel}","templated":true}]}}