{"id":1604,"date":"2021-08-23T09:18:00","date_gmt":"2021-08-23T07:18:00","guid":{"rendered":"https:\/\/www.parthages.be\/eboutique\/?post_type=product&#038;p=1604"},"modified":"2021-08-23T09:18:10","modified_gmt":"2021-08-23T07:18:10","slug":"vivre-avec-un-handicap-mental-en-situation-dimmigration","status":"publish","type":"product","link":"https:\/\/www.parthages.be\/eboutique\/produit\/vivre-avec-un-handicap-mental-en-situation-dimmigration\/","title":{"rendered":"Vivre avec un handicap mental en situation d&rsquo;immigration"},"content":{"rendered":"<p>Cette publication est la deuxi\u00e8me dans notre collection \u00e0 pr\u00e9senter la situation de handicap mental, mais cette fois dans une situation particuli\u00e8re qui est celle de l&rsquo;Immigration. C&rsquo;est \u00e0 travers deux histoires que nous suivons le parcours de ces familles qui cumulent les d\u00e9savantages, celui qui consiste \u00e0 \u00e9lever un enfant handicap\u00e9 et celui de ne pas vivre dans son pays d&rsquo;origine. On ne sait pas pr\u00e9cis\u00e9ment ce dont souffrent les enfants issus de ces deux familles&#8230; Leur handicap mental n&rsquo;est pas s\u00e9v\u00e8re mais il fait partie de cette cat\u00e9gorie limite de d\u00e9ficience moyenne\/l\u00e9g\u00e8re que la situation un peu marginale de la famille a pr\u00e9cipit\u00e9 dans le secteur de l&rsquo;enfance handicap\u00e9e.<\/p>\n<p>C&rsquo;est ainsi que l&rsquo;on peut suivre l&rsquo;histoire de Hanane, jeune femme de 20 ans, \u00e0 partir d&rsquo;un entretien avec sa m\u00e8re, tr\u00e8s engag\u00e9e dans son accompagnement, puis avec son p\u00e8re, un peu plus en retrait. Dans ces entretiens on peut mesurer la place importante prise par la culture d&rsquo;origine mais aussi la m\u00e9decine parall\u00e8le \u00e0 laquelle la famille a recours pour la soigner.<\/p>\n<p>Quant \u00e0 la deuxi\u00e8me histoire, celle de Karim, elle met en sc\u00e8ne, une fois n&rsquo;est pas coutume, un porc marocain au ch\u00f4mage, \u00e9levant seul son fils handicap\u00e9, loin de son \u00e9pouse et de ses deux filles rest\u00e9es au pays. II exprime ses difficult\u00e9s \u00e0 assumer seul cette situation, malgr\u00e9 le soutien de la communaut\u00e9 d&rsquo;origine, et son manque de rep\u00e8res dans le secteur m\u00e9dico-social. Un entretien avec le fils, r\u00e9alis\u00e9 en pr\u00e9sence du p\u00e8re, ne permet pas vraiment de recueillir sa pens\u00e9e propre, tant l&rsquo;autorit\u00e9 de p\u00e8re est pr\u00e9gnante.<\/p>\n<p>Pour chacune de ces histoires, on trouvera en contrepoint un commentaire des enqu\u00eateurs qui ont men\u00e9 et retranscrit ces entretiens.<\/p>\n<p>Ces histoires de vie ont \u00e9t\u00e9 construites dans le cadre d&rsquo;un observatoire mis en place dans le projet Equal Conciliation Famille Handicap, pour faire un \u00e9tat des lieux de la situation de ces familles et appr\u00e9cier leurs difficult\u00e9s et leurs besoins. Une analyse transversale a \u00e9t\u00e9 r\u00e9alis\u00e9e \u00e0 partir de quinze histoires de vie, prenant en compte huit handicaps\u00a0: retard mental, handicap psychique, trisomie 21, autisme, surdit\u00e9, surdi-c\u00e9cit\u00e9, handicap moteur et \u00e9pilepsie. Cette analyse fait l&rsquo;objet de la troisi\u00e8me partie de ce fascicule.<\/p>\n<p>(Pr\u00e9sentation de l\u2019\u00e9diteur)<\/p>\n<p>&nbsp;<\/p>\n<p>ACHEPAR L.- BENYOUCEF B.- PHILIP C.<\/p>\n<p>Editions du centre national d&rsquo;\u00e9tudes et de formation pour l&rsquo;enfance inadapt\u00e9e<\/p>\n<p>2005- 97p.<\/p>\n<p>ISBN\u00a0: 2-912489-64-4<\/p>\n<p>Cote doc\u00a0: 7-20-ACH-V<\/p>\n<p><strong><em>Uniquement \u00e0 la location<\/em><\/strong><\/p>\n<span class=\"et_bloom_bottom_trigger\"><\/span>","protected":false},"excerpt":{"rendered":"<p>Cette publication est la deuxi\u00e8me dans notre collection \u00e0 pr\u00e9senter la situation de handicap mental, mais cette fois dans une situation particuli\u00e8re qui est celle de l&rsquo;Immigration. C&rsquo;est \u00e0 travers deux histoires que nous suivons le parcours de ces familles qui cumulent les d\u00e9savantages, celui qui consiste \u00e0 \u00e9lever un enfant handicap\u00e9 et celui de ne pas vivre dans son pays d&rsquo;origine.<\/p>\n","protected":false},"featured_media":1605,"comment_status":"closed","ping_status":"closed","template":"","meta":{"_et_pb_use_builder":"","_et_pb_old_content":"","_et_gb_content_width":"","spay_email":""},"class_list":["post-1604","product","type-product","status-publish","has-post-thumbnail","hentry","product_cat-livres","product_tag-adulte","product_tag-autisme","product_tag-besoin","product_tag-deficience-intellectuelle","product_tag-education-affective-et-sexuelle","product_tag-enquete","product_tag-famille","product_tag-handicap-mental","product_tag-immigration","product_tag-parent","product_tag-personne-handicapee","product_tag-relation-parent-enfant","product_tag-relation-pere-enfant","product_tag-retard-mental","product_tag-temoignage","product_tag-trisomie-21"],"jetpack_sharing_enabled":true,"jetpack_likes_enabled":true,"_links":{"self":[{"href":"https:\/\/www.parthages.be\/eboutique\/wp-json\/wp\/v2\/product\/1604","targetHints":{"allow":["GET"]}}],"collection":[{"href":"https:\/\/www.parthages.be\/eboutique\/wp-json\/wp\/v2\/product"}],"about":[{"href":"https:\/\/www.parthages.be\/eboutique\/wp-json\/wp\/v2\/types\/product"}],"replies":[{"embeddable":true,"href":"https:\/\/www.parthages.be\/eboutique\/wp-json\/wp\/v2\/comments?post=1604"}],"wp:featuredmedia":[{"embeddable":true,"href":"https:\/\/www.parthages.be\/eboutique\/wp-json\/wp\/v2\/media\/1605"}],"wp:attachment":[{"href":"https:\/\/www.parthages.be\/eboutique\/wp-json\/wp\/v2\/media?parent=1604"}],"curies":[{"name":"wp","href":"https:\/\/api.w.org\/{rel}","templated":true}]}}