{"id":1607,"date":"2021-08-23T09:20:03","date_gmt":"2021-08-23T07:20:03","guid":{"rendered":"https:\/\/www.parthages.be\/eboutique\/?post_type=product&#038;p=1607"},"modified":"2021-08-23T09:20:04","modified_gmt":"2021-08-23T07:20:04","slug":"trisomie-21-transmission-et-integration-pour-quelle-ethique","status":"publish","type":"product","link":"https:\/\/www.parthages.be\/eboutique\/produit\/trisomie-21-transmission-et-integration-pour-quelle-ethique\/","title":{"rendered":"Trisomie 21 : transmission et int\u00e9gration : pour quelle \u00e9thique?"},"content":{"rendered":"<p>La trisomie est une diff\u00e9rence qui vient brutalement contrarier l&rsquo;attente des parents. Comme le dit avec un r\u00e9el humour attendri cette jeune maman \u00e9voquant son fils trisomique : \u00a0\u00bb en attendant Victor, je voulais qu&rsquo;il soit exceptionnel ! J&rsquo;ai \u00e9t\u00e9 servie ! \u00ab\u00a0. Enfant exceptionnel \u00e9chapp\u00e9 de l&rsquo;encha\u00eenement des g\u00e9n\u00e9rations, l&rsquo;enfant trisomique est renvoy\u00e9 \u00e0 la marge des repr\u00e9sentations culturelles.<\/p>\n<p>Le mouvement premier \u00e0 son \u00e9gard est celui du rejet, sinon par ses parents, du moins par la soci\u00e9t\u00e9. Multiples sont les projets plus ou moins explicites visant la disparition des trisomiques, plut\u00f4t que leur prise en compte. Par leur pr\u00e9sence, ces enfants interrogent nos fragiles certitudes. Le contexte actuel est paradoxal : progr\u00e8s et respect de la diff\u00e9rence accompagnent curieusement la mont\u00e9e de l&rsquo;intol\u00e9rance et d&rsquo;un certain eug\u00e9nisme.<\/p>\n<p>Gr\u00e2ce au progr\u00e8s de la m\u00e9decine et des moyens d&rsquo;accompagnements, les enfants trisomiques ont d\u00e9velopp\u00e9 des capacit\u00e9s jusqu&rsquo;alors insoup\u00e7onn\u00e9es. Ils montrent une\u00a0<strong>aptitude au d\u00e9veloppement en constante \u00e9volution<\/strong>. Ces avanc\u00e9es s&rsquo;accompagnent toujours d&rsquo;un tr\u00e8s fort investissement des parents et des professionnels. Le risque est parfois d&rsquo;oublier que l&rsquo;on s&rsquo;adresse \u00e0 des sujets. Comment faire en sorte que les personnes trisomiques ne se construisent pas uniquement pour et dans le d\u00e9sir de l&rsquo;autre ? C&rsquo;est toute l&rsquo;actualit\u00e9 de la question pos\u00e9e par la diff\u00e9rence et abord\u00e9e dans cet ouvrage.<\/p>\n<p>La culture reste silencieuse sur le handicap mental et plus encore sur la r\u00e9flexion philosophique. Nous cherchons les raisons de ce silence tout au long de ces pages. Le travail pr\u00e9sent\u00e9 ici contribue \u00e0 l&rsquo;\u00e9laboration d&rsquo;une pens\u00e9e sur cette question, et vise \u00e0 permettre une\u00a0<strong>prise en compte globale<\/strong>, et notamment\u00a0<strong>\u00e9thique<\/strong>, de\u00a0<strong>la fragilit\u00e9 humaine<\/strong>. (Pr\u00e9sentation de l\u2019\u00e9diteur)<\/p>\n<p>&nbsp;<\/p>\n<p>VAGINAY D.<\/p>\n<p>Chronique sociale<\/p>\n<p>2000-224p.-18.30\u20ac<\/p>\n<p>345gr<\/p>\n<p>ISBN\u00a0: 2-85008-390-9<\/p>\n<p>Cote doc\u00a0: 7-10-VAG-T<\/p>\n<span class=\"et_bloom_bottom_trigger\"><\/span>","protected":false},"excerpt":{"rendered":"<p>La trisomie est une diff\u00e9rence qui vient brutalement contrarier l&rsquo;attente des parents. Comme le dit avec un r\u00e9el humour attendri cette jeune maman \u00e9voquant son fils trisomique : \u00a0\u00bb en attendant Victor, je voulais qu&rsquo;il soit exceptionnel ! J&rsquo;ai \u00e9t\u00e9 servie ! \u00ab\u00a0. Enfant exceptionnel \u00e9chapp\u00e9 de l&rsquo;encha\u00eenement des g\u00e9n\u00e9rations, l&rsquo;enfant trisomique est renvoy\u00e9 \u00e0 la marge des repr\u00e9sentations culturelles.<\/p>\n","protected":false},"featured_media":1608,"comment_status":"closed","ping_status":"closed","template":"","meta":{"_et_pb_use_builder":"","_et_pb_old_content":"","_et_gb_content_width":"","spay_email":""},"class_list":["post-1607","product","type-product","status-publish","has-post-thumbnail","hentry","product_cat-livres","product_tag-accompagnement","product_tag-annonce-du-handicap","product_tag-autisme","product_tag-deficience-intellectuelle","product_tag-droit","product_tag-education","product_tag-ethique","product_tag-famille","product_tag-fratrie","product_tag-identite","product_tag-integration","product_tag-personne-handicapee","product_tag-prise-en-charge","product_tag-psychanalyse","product_tag-relation-parent-enfant","product_tag-relation-parent-intervenant","product_tag-societe","product_tag-sterilisation","product_tag-trisomie-21"],"jetpack_sharing_enabled":true,"jetpack_likes_enabled":true,"_links":{"self":[{"href":"https:\/\/www.parthages.be\/eboutique\/wp-json\/wp\/v2\/product\/1607","targetHints":{"allow":["GET"]}}],"collection":[{"href":"https:\/\/www.parthages.be\/eboutique\/wp-json\/wp\/v2\/product"}],"about":[{"href":"https:\/\/www.parthages.be\/eboutique\/wp-json\/wp\/v2\/types\/product"}],"replies":[{"embeddable":true,"href":"https:\/\/www.parthages.be\/eboutique\/wp-json\/wp\/v2\/comments?post=1607"}],"wp:featuredmedia":[{"embeddable":true,"href":"https:\/\/www.parthages.be\/eboutique\/wp-json\/wp\/v2\/media\/1608"}],"wp:attachment":[{"href":"https:\/\/www.parthages.be\/eboutique\/wp-json\/wp\/v2\/media?parent=1607"}],"curies":[{"name":"wp","href":"https:\/\/api.w.org\/{rel}","templated":true}]}}