{"id":1619,"date":"2021-08-23T09:33:06","date_gmt":"2021-08-23T07:33:06","guid":{"rendered":"https:\/\/www.parthages.be\/eboutique\/?post_type=product&#038;p=1619"},"modified":"2021-08-23T09:33:06","modified_gmt":"2021-08-23T07:33:06","slug":"bien-naitre-bien-etre-bien-mourir","status":"publish","type":"product","link":"https:\/\/www.parthages.be\/eboutique\/produit\/bien-naitre-bien-etre-bien-mourir\/","title":{"rendered":"Bien na\u00eetre, bien \u00eatre, bien mourir"},"content":{"rendered":"<p>Suffit-il de se dire \u00a0\u00bb contre \u00a0\u00bb l&rsquo;eug\u00e9nisme ou l&rsquo;euthanasie pour se lib\u00e9rer vraiment de ce qui les rend possibles ? Avons-nous d\u00e9pass\u00e9 l&rsquo;eug\u00e9nisme ou la s\u00e9lection actuelle des naissances en constitue-t-elle le plein accomplissement ? Quelle est notre libert\u00e9 face \u00e0 elle quand on rappelle \u00e0 l&rsquo;occasion le \u00a0\u00bb co\u00fbt d&rsquo;un mongolien \u00a0\u00bb ? Comment assurer, au terme de l&rsquo;existence, que, dans pareil contexte, l&rsquo;euthanasie r\u00e9alise le \u00a0\u00bb droit de choisir l&rsquo;heure de sa propre mort \u00a0\u00bb ? Favoriser de bonnes venues au monde implique-t-il une s\u00e9lection des vies \u00e0 na\u00eetre et pouvons-nous nous contenter de \u00a0\u00bb r\u00e9glementer \u00a0\u00bb l&rsquo;euthanasie pour que les hommes et les femmes puissent bien le quitter ? Ne faut-il pas, tout au contraire, changer radicalement leur s\u00e9jour en ce monde pour qu&rsquo;ils y soient v\u00e9ritablement accueillis du premier au dernier jour de leur vie ? Est-il possible d&rsquo;apprendre \u00e0 accompagner la vie sans vouloir en forcer le mouvement et, radicalis\u00e9e, la volont\u00e9 de contr\u00f4le ne la met-elle pas paradoxalement en p\u00e9ril ?<\/p>\n<p>Telles sont quelques-unes des difficiles questions auxquelles cet ouvrage s&rsquo;efforce d&rsquo;apporter sa contribution. L&rsquo;auteur nous invite ici \u00e0 repenser notre rapport \u00e0 la naissance, \u00e0 la vie et \u00e0 la mort, pour que nous puissions v\u00e9ritablement bien na\u00eetre, bien \u00eatre et bien mourir. (Pr\u00e9sentation de l\u2019\u00e9diteur)<\/p>\n<p>MOYSE D.<\/p>\n<p>Editions Er\u00e8s<\/p>\n<p>2001-276p.-19\u20ac<\/p>\n<p>250gr<\/p>\n<p>Cote doc\u00a0: 7-10-MOY-B<\/p>\n<span class=\"et_bloom_bottom_trigger\"><\/span>","protected":false},"excerpt":{"rendered":"<p>Suffit-il de se dire \u00a0\u00bb contre \u00a0\u00bb l&rsquo;eug\u00e9nisme ou l&rsquo;euthanasie pour se lib\u00e9rer vraiment de ce qui les rend possibles ? Avons-nous d\u00e9pass\u00e9 l&rsquo;eug\u00e9nisme ou la s\u00e9lection actuelle des naissances en constitue-t-elle le plein accomplissement ? Quelle est notre libert\u00e9 face \u00e0 elle quand on rappelle \u00e0 l&rsquo;occasion le \u00a0\u00bb co\u00fbt d&rsquo;un mongolien \u00a0\u00bb ?<\/p>\n","protected":false},"featured_media":1620,"comment_status":"closed","ping_status":"closed","template":"","meta":{"_et_pb_use_builder":"","_et_pb_old_content":"","_et_gb_content_width":"","spay_email":""},"class_list":["post-1619","product","type-product","status-publish","has-post-thumbnail","hentry","product_cat-livres","product_tag-accompagnement","product_tag-droit","product_tag-euthanasie","product_tag-mort","product_tag-naissance","product_tag-personne-handicapee","product_tag-prise-en-charge","product_tag-vie"],"jetpack_sharing_enabled":true,"jetpack_likes_enabled":true,"_links":{"self":[{"href":"https:\/\/www.parthages.be\/eboutique\/wp-json\/wp\/v2\/product\/1619","targetHints":{"allow":["GET"]}}],"collection":[{"href":"https:\/\/www.parthages.be\/eboutique\/wp-json\/wp\/v2\/product"}],"about":[{"href":"https:\/\/www.parthages.be\/eboutique\/wp-json\/wp\/v2\/types\/product"}],"replies":[{"embeddable":true,"href":"https:\/\/www.parthages.be\/eboutique\/wp-json\/wp\/v2\/comments?post=1619"}],"wp:featuredmedia":[{"embeddable":true,"href":"https:\/\/www.parthages.be\/eboutique\/wp-json\/wp\/v2\/media\/1620"}],"wp:attachment":[{"href":"https:\/\/www.parthages.be\/eboutique\/wp-json\/wp\/v2\/media?parent=1619"}],"curies":[{"name":"wp","href":"https:\/\/api.w.org\/{rel}","templated":true}]}}