{"id":1627,"date":"2021-08-23T09:41:11","date_gmt":"2021-08-23T07:41:11","guid":{"rendered":"https:\/\/www.parthages.be\/eboutique\/?post_type=product&#038;p=1627"},"modified":"2021-08-23T09:41:12","modified_gmt":"2021-08-23T07:41:12","slug":"les-metamorphoses-du-handicap-de-1970-a-nos-jours","status":"publish","type":"product","link":"https:\/\/www.parthages.be\/eboutique\/produit\/les-metamorphoses-du-handicap-de-1970-a-nos-jours\/","title":{"rendered":"Les m\u00e9tamorphoses du handicap de 1970 \u00e0 nos jours"},"content":{"rendered":"<p>\u00c0 la mani\u00e8re dont on parle de la question sociale, il est l\u00e9gitime de parler de la question du handicap, tant elle comporte d\u2019enjeux fondamentaux pour les individus et la soci\u00e9t\u00e9. La travers\u00e9e des quarante derni\u00e8res ann\u00e9es le montre en abondance d\u00e9s lors qu\u2019on ne se contente pas de suivre les \u00e9v\u00e9nements, qu\u2019ils soient l\u00e9gislatifs, institutionnels, m\u00e9diatiques ou juridiques, \u00e0 leur seul plan factuel.<\/p>\n<p>En analysant la condition des personnes handicap\u00e9es, et en s\u2019attardant sur certaines affaires qui ont remu\u00e9 l\u2019opinion publique, on rejoint les grands probl\u00e8mes humains de la souffrance, de la reconnaissance mutuelle, du respect, de la lutte pour la vie \u00e9panouie, du droit \u00e0 la solidarit\u00e9, de l\u2019expression de la sexualit\u00e9. En scrutant les batailles th\u00e9oriques, la notion de handicap se r\u00e9v\u00e8le complexe et riche, et finit par devenir un paradigme social g\u00e9n\u00e9ral, \u00e0 discuter. Des horizons nouveaux s\u2019ouvrent gr\u00e2ce aux mouvements des personnes handicap\u00e9es qui se sont lev\u00e9es pour prendre la parole en leur nom propre.<\/p>\n<p>Le d\u00e9veloppement des technologies, comme l\u2019influence des instances europ\u00e9ennes, invitent \u00e0 penser des r\u00f4les et des statuts in\u00e9dits. Le parcours propos\u00e9, de l\u2019avant 1975 \u00e0 l\u2019apr\u00e8s 2005, deux r\u00e9f\u00e9rences l\u00e9gislatives importantes, constitue une sorte d\u2019histoire contemporaine anthropologique qui met \u00e0 jour les m\u00e9tamorphoses, c\u2019est-\u00e0-dire les changements d\u2019aspects et de caract\u00e8res, d\u2019une r\u00e9alit\u00e9 qui renvoie au d\u00e9fi d\u2019\u00eatre singulier avec les autres. (Pr\u00e9sentation de l\u2019\u00e9diteur)<\/p>\n<p>STIKER H.J.<\/p>\n<p>PUG<\/p>\n<p>2010-264p.-24.20\u20ac<\/p>\n<p>370gr<\/p>\n<p>ISBN\u00a0: 978-2-7061-1514-1<\/p>\n<p>Cote doc\u00a0: 7-10-STI-M<\/p>\n<span class=\"et_bloom_bottom_trigger\"><\/span>","protected":false},"excerpt":{"rendered":"<p>\u00c0 la mani\u00e8re dont on parle de la question sociale, il est l\u00e9gitime de parler de la question du handicap, tant elle comporte d\u2019enjeux fondamentaux pour les individus et la soci\u00e9t\u00e9. La travers\u00e9e des quarante derni\u00e8res ann\u00e9es le montre en abondance d\u00e9s lors qu\u2019on ne se contente pas de suivre les \u00e9v\u00e9nements, qu\u2019ils soient l\u00e9gislatifs, institutionnels, m\u00e9diatiques ou juridiques, \u00e0 leur seul plan factuel.<\/p>\n","protected":false},"featured_media":1628,"comment_status":"closed","ping_status":"closed","template":"","meta":{"_et_pb_use_builder":"","_et_pb_old_content":"","_et_gb_content_width":"","spay_email":""},"class_list":["post-1627","product","type-product","status-publish","has-post-thumbnail","hentry","product_cat-livres","product_tag-espace","product_tag-evolution","product_tag-personne-handicapee","product_tag-respect","product_tag-sexualite","product_tag-societe","product_tag-souffrance","product_tag-technologie","product_tag-vieillesse"],"jetpack_sharing_enabled":true,"jetpack_likes_enabled":true,"_links":{"self":[{"href":"https:\/\/www.parthages.be\/eboutique\/wp-json\/wp\/v2\/product\/1627","targetHints":{"allow":["GET"]}}],"collection":[{"href":"https:\/\/www.parthages.be\/eboutique\/wp-json\/wp\/v2\/product"}],"about":[{"href":"https:\/\/www.parthages.be\/eboutique\/wp-json\/wp\/v2\/types\/product"}],"replies":[{"embeddable":true,"href":"https:\/\/www.parthages.be\/eboutique\/wp-json\/wp\/v2\/comments?post=1627"}],"wp:featuredmedia":[{"embeddable":true,"href":"https:\/\/www.parthages.be\/eboutique\/wp-json\/wp\/v2\/media\/1628"}],"wp:attachment":[{"href":"https:\/\/www.parthages.be\/eboutique\/wp-json\/wp\/v2\/media?parent=1627"}],"curies":[{"name":"wp","href":"https:\/\/api.w.org\/{rel}","templated":true}]}}