{"id":1638,"date":"2021-08-23T09:47:34","date_gmt":"2021-08-23T07:47:34","guid":{"rendered":"https:\/\/www.parthages.be\/eboutique\/?post_type=product&#038;p=1638"},"modified":"2021-08-23T09:47:35","modified_gmt":"2021-08-23T07:47:35","slug":"lexistence-a-lepreuve-du-handicap-une-lecon-dhumanite","status":"publish","type":"product","link":"https:\/\/www.parthages.be\/eboutique\/produit\/lexistence-a-lepreuve-du-handicap-une-lecon-dhumanite\/","title":{"rendered":"L&rsquo;existence \u00e0 l&rsquo;\u00e9preuve du handicap: une le\u00e7on d&rsquo;humanit\u00e9"},"content":{"rendered":"<p>Il s&rsquo;agit de r\u00e9fl\u00e9chir sur des situations de handicap que la soci\u00e9t\u00e9 a eu l&rsquo;habitude de nommer \u00ab\u00a0cas limites\u00a0\u00bb, situations qui, la plupart du temps, ont eu pour cons\u00e9quences de faire croire qu&rsquo;il n&rsquo;\u00e9tait gu\u00e8re possible d&rsquo;entrer en relation avec les personnes qui vivent de telles r\u00e9alit\u00e9s. Les questions abord\u00e9es ici s&rsquo;\u00e9tendent \u00e0 la r\u00e9alit\u00e9 institutionnelle et au pouvoir des experts; elles touchent m\u00eame \u00e0 la mani\u00e8re de dire Dieu, au probl\u00e8me du mal, \u00e0 la r\u00e9volte possible et aux signes de salut offerts \u00e0 tout homme. (Pr\u00e9sentation de l\u2019\u00e9diteur)<\/p>\n<p>RENIER L-M.- ROSSIGNOL J.<\/p>\n<p>Editions L&rsquo;Harmattan<\/p>\n<p>2007-169p.-15\u20ac<\/p>\n<p>200gr<\/p>\n<p>ISBN\u00a0: 978-2-296-02753-4<\/p>\n<p>Cote doc\u00a0: 7-10-REN-E<\/p>\n<span class=\"et_bloom_bottom_trigger\"><\/span>","protected":false},"excerpt":{"rendered":"<p>Il s&rsquo;agit de r\u00e9fl\u00e9chir sur des situations de handicap que la soci\u00e9t\u00e9 a eu l&rsquo;habitude de nommer \u00ab\u00a0cas limites\u00a0\u00bb, situations qui, la plupart du temps, ont eu pour cons\u00e9quences de faire croire qu&rsquo;il n&rsquo;\u00e9tait gu\u00e8re possible d&rsquo;entrer en relation avec les personnes qui vivent de telles r\u00e9alit\u00e9s.<\/p>\n","protected":false},"featured_media":1639,"comment_status":"closed","ping_status":"closed","template":"","meta":{"_et_pb_use_builder":"","_et_pb_old_content":"","_et_gb_content_width":"","spay_email":""},"class_list":["post-1638","product","type-product","status-publish","has-post-thumbnail","hentry","product_cat-livres","product_tag-attitude","product_tag-croyance","product_tag-ethique","product_tag-france","product_tag-personne-handicapee","product_tag-recherche","product_tag-regard","product_tag-representation-sociale"],"jetpack_sharing_enabled":true,"jetpack_likes_enabled":true,"_links":{"self":[{"href":"https:\/\/www.parthages.be\/eboutique\/wp-json\/wp\/v2\/product\/1638","targetHints":{"allow":["GET"]}}],"collection":[{"href":"https:\/\/www.parthages.be\/eboutique\/wp-json\/wp\/v2\/product"}],"about":[{"href":"https:\/\/www.parthages.be\/eboutique\/wp-json\/wp\/v2\/types\/product"}],"replies":[{"embeddable":true,"href":"https:\/\/www.parthages.be\/eboutique\/wp-json\/wp\/v2\/comments?post=1638"}],"wp:featuredmedia":[{"embeddable":true,"href":"https:\/\/www.parthages.be\/eboutique\/wp-json\/wp\/v2\/media\/1639"}],"wp:attachment":[{"href":"https:\/\/www.parthages.be\/eboutique\/wp-json\/wp\/v2\/media?parent=1638"}],"curies":[{"name":"wp","href":"https:\/\/api.w.org\/{rel}","templated":true}]}}