{"id":1649,"date":"2021-08-23T10:03:26","date_gmt":"2021-08-23T08:03:26","guid":{"rendered":"https:\/\/www.parthages.be\/eboutique\/?post_type=product&#038;p=1649"},"modified":"2021-08-23T10:03:27","modified_gmt":"2021-08-23T08:03:27","slug":"femmes-handicapees-la-vie-devant-elles","status":"publish","type":"product","link":"https:\/\/www.parthages.be\/eboutique\/produit\/femmes-handicapees-la-vie-devant-elles\/","title":{"rendered":"Femmes handicap\u00e9es: la vie devant-elles"},"content":{"rendered":"<p>L&rsquo;association Femmes pour le dire, Femmes pour agir a \u00e9t\u00e9 cr\u00e9\u00e9e en avril 2003. Ses objectifs, inscrits dans ses statuts, se d\u00e9clinent ainsi<\/p>\n<p>&#8211; Promouvoir par tout moyen \u00e1 sa disposition (forums, s\u00e9minaires, groupes de parole, etc.) l&rsquo;insertion des femmes handicap\u00e9es dans la soci\u00e9t\u00e9 et ce, quel que soit le type de leur handicap.<\/p>\n<p>&#8211; Accompagner la femme handicap\u00e9e dans les diff\u00e9rentes \u00e9tapes de sa vie.<\/p>\n<p>&#8211; Se porter partie civile dans les situations av\u00e9r\u00e9es de discrimination dont sont victimes les femmes handicap\u00e9es.<\/p>\n<p>(J.O. du 26 avril 2003)<\/p>\n<p>\u00ab POUR QUE LA SINGULARIT\u00c9 DE CHACUNE SOIT UNE RICHESSE POUR TOUS ! \u00bb<\/p>\n<p>(Pr\u00e9sentation de l\u2019\u00e9diteur)<\/p>\n<p>PIOT M.<\/p>\n<p>Editions L&rsquo;Harmattan<\/p>\n<p>2006-152p.-13.50\u20ac<\/p>\n<p>174gr<\/p>\n<p>ISBN\u00a0: 2-296-00345-1<\/p>\n<p>Cote doc\u00a0: 7-10-PIO-F<\/p>\n<span class=\"et_bloom_bottom_trigger\"><\/span>","protected":false},"excerpt":{"rendered":"<p>L&rsquo;association Femmes pour le dire, Femmes pour agir a \u00e9t\u00e9 cr\u00e9\u00e9e en avril 2003.<\/p>\n","protected":false},"featured_media":1650,"comment_status":"closed","ping_status":"closed","template":"","meta":{"_et_pb_use_builder":"","_et_pb_old_content":"","_et_gb_content_width":"","spay_email":""},"class_list":["post-1649","product","type-product","status-publish","has-post-thumbnail","hentry","product_cat-livres","product_tag-discrimination","product_tag-droit","product_tag-femme","product_tag-france","product_tag-handicap","product_tag-insertion","product_tag-integration-sociale","product_tag-maladie-genetique","product_tag-personne-handicapee","product_tag-regard","product_tag-representation","product_tag-respect"],"jetpack_sharing_enabled":true,"jetpack_likes_enabled":true,"_links":{"self":[{"href":"https:\/\/www.parthages.be\/eboutique\/wp-json\/wp\/v2\/product\/1649","targetHints":{"allow":["GET"]}}],"collection":[{"href":"https:\/\/www.parthages.be\/eboutique\/wp-json\/wp\/v2\/product"}],"about":[{"href":"https:\/\/www.parthages.be\/eboutique\/wp-json\/wp\/v2\/types\/product"}],"replies":[{"embeddable":true,"href":"https:\/\/www.parthages.be\/eboutique\/wp-json\/wp\/v2\/comments?post=1649"}],"wp:featuredmedia":[{"embeddable":true,"href":"https:\/\/www.parthages.be\/eboutique\/wp-json\/wp\/v2\/media\/1650"}],"wp:attachment":[{"href":"https:\/\/www.parthages.be\/eboutique\/wp-json\/wp\/v2\/media?parent=1649"}],"curies":[{"name":"wp","href":"https:\/\/api.w.org\/{rel}","templated":true}]}}